{"id":163075,"date":"2022-08-09T10:46:34","date_gmt":"2022-08-09T08:46:34","guid":{"rendered":"https:\/\/pizbube.ch\/?post_type=product&#038;p=163075"},"modified":"2025-03-26T11:13:52","modified_gmt":"2025-03-26T10:13:52","slug":"pont-de-camps-boulder","status":"publish","type":"product","link":"https:\/\/pizbube.ch\/en\/shop\/pont-de-camps-boulder\/","title":{"rendered":"Pont de Camps Boulder"},"content":{"rendered":"<div class=\"a-expander-content a-expander-partial-collapse-content\">Premi\u00e8re \u00e9ditiondu Pont de Champs Boulder (Pyrenees, Midi d&#8217;Ossau), un peu plus de 300 blocs revues avec photos!<\/div>\n<div>De l\u2019herbe bien grasse, un rocher adh\u00e9rent, une rivi\u00e8re limpide et des montagnes aux sommets enneig\u00e9s comme toile de fond, il y a pire comme endroit pour grimper. Certes, le site n\u2019est pas d\u00e9mesur\u00e9ment grand, et on ne peut que le regretter, mais il devrait pouvoir vous occuper une bonne semaine, et plus si affinit\u00e9s\u2026<\/div>\n<div>Ici, c\u2019est vraiment le site de blocs pour tous. Vert, bleu, rouge et noir, tous les degr\u00e9s de difficult\u00e9s sont pr\u00e9sents, et m\u00eame encore plus dur puisque certains passages atteignent le 7b+ bien tass\u00e9. Et l\u2019autre avantage, c\u2019est la qualit\u00e9 des blocs dits &#171;faciles&#187;, qui sont aussi agr\u00e9ables et int\u00e9ressants \u00e0 grimper que les plus ardus. Le tout dans un cadre bucolique des plus agr\u00e9ables, avec une option pique-nique \u00e0 ne pas n\u00e9gliger. Un spot id\u00e9al, donc, pour venir en famille.<\/div>\n<div>\n<p>84 pages, <span class=\"a-list-item\">210 x 148 mm<\/span><\/p>\n<p>&nbsp;<\/p>\n<\/div>\n<div class=\"a-expander-content a-expander-partial-collapse-content\">Gu\u00eda de Boulder de Pont de Camps.<\/div>\n<div>Todos las posibilidades para el boulder sobre granito de Pont de Camps \u2013al pie del Midi d\u2019Ossau!<\/div>\n<div><span class=\"a-list-item\"><br \/>\n84 p\u00e1ginas, 210 x 148 mm<br \/>\n<\/span><\/div>","protected":false},"excerpt":{"rendered":"<p>Premi\u00e8re \u00e9ditiondu Pont de Champs Boulder (Pyrenees, Midi d&#8217;Ossau), un peu plus de 300 blocs revues avec photos! De l\u2019herbe bien grasse, un rocher adh\u00e9rent, une rivi\u00e8re limpide et des montagnes aux sommets enneig\u00e9s comme toile de fond, il y a pire comme endroit pour grimper. Certes, le site n\u2019est pas d\u00e9mesur\u00e9ment grand, et on [&#8230;]\n","protected":false},"featured_media":163076,"template":"","meta":[],"product_brand":[],"product_cat":[21539],"product_tag":[],"class_list":{"0":"post-163075","1":"product","2":"type-product","3":"status-publish","4":"has-post-thumbnail","6":"product_cat-fuehrerliteratur-sportklettern-bouldern","7":"pa_autor-alvarez","8":"pa_erscheinungsjahr-27013","9":"pa_region-frankreich","10":"pa_sprache-es-fr","12":"first","13":"instock","14":"taxable","15":"shipping-taxable","16":"purchasable","17":"product-type-simple"},"_links":{"self":[{"href":"https:\/\/pizbube.ch\/en\/wp-json\/wp\/v2\/product\/163075","targetHints":{"allow":["GET"]}}],"collection":[{"href":"https:\/\/pizbube.ch\/en\/wp-json\/wp\/v2\/product"}],"about":[{"href":"https:\/\/pizbube.ch\/en\/wp-json\/wp\/v2\/types\/product"}],"wp:featuredmedia":[{"embeddable":true,"href":"https:\/\/pizbube.ch\/en\/wp-json\/wp\/v2\/media\/163076"}],"wp:attachment":[{"href":"https:\/\/pizbube.ch\/en\/wp-json\/wp\/v2\/media?parent=163075"}],"wp:term":[{"taxonomy":"product_brand","embeddable":true,"href":"https:\/\/pizbube.ch\/en\/wp-json\/wp\/v2\/product_brand?post=163075"},{"taxonomy":"product_cat","embeddable":true,"href":"https:\/\/pizbube.ch\/en\/wp-json\/wp\/v2\/product_cat?post=163075"},{"taxonomy":"product_tag","embeddable":true,"href":"https:\/\/pizbube.ch\/en\/wp-json\/wp\/v2\/product_tag?post=163075"}],"curies":[{"name":"wp","href":"https:\/\/api.w.org\/{rel}","templated":true}]}}