{"id":163153,"date":"2022-08-13T11:34:37","date_gmt":"2022-08-13T09:34:37","guid":{"rendered":"https:\/\/pizbube.ch\/?post_type=product&#038;p=163153"},"modified":"2026-04-16T14:11:34","modified_gmt":"2026-04-16T12:11:34","slug":"sport-climbing-in-cordillera-cantabricia-escalada-deportiva-en-la-cordillera-cantabrica-kopie","status":"publish","type":"product","link":"https:\/\/pizbube.ch\/en\/shop\/sport-climbing-in-cordillera-cantabricia-escalada-deportiva-en-la-cordillera-cantabrica-kopie\/","title":{"rendered":"Sport Climbing in Cordillera Cantabricia &#8211; Escalada deportiva en la Cordillera Cant\u00e1brica"},"content":{"rendered":"<p>Sports Climbing in the Cantabrian Mountains is a guide designed and structured<br \/>\nas if it were a travel book.<br \/>\nA circular journey that begins in the north of Leon, passes through Asturias<br \/>\nand ends in the west of Cantabria, covering more than 5750 climbing routes.<\/p>\n<p>Sports Climbing in the Cantabrian Mountain Range outlines more than 320<br \/>\nclimbing sectors and more than 57500 climbing routes.<br \/>\nYou will also find the right information to choose the best sector according<br \/>\nto the season, the orientation you like the most, the type of climbing you are<br \/>\nmost interested in.<\/p>\n<p>Covers:<br \/>\nRedipollos, Valdehuesa, Cerulleda, Valle de Pedrosa, Hoces Free, Aviados,<br \/>\nPiedrasecha, Vega de Gord\u00f3n, Villanueva de la Tercia, Sena de Luna, Rabanal de<br \/>\nLuna, Valles del Trubia, Teverga, Quir\u00f3s, Pe\u00f1as Juntas, Villanueva de Proaza,<br \/>\nOtura, Gamoniteiro, Riospaso, Pel\u00fagano, Foces de Aller, Cuevas, Rioseco, Cueva<br \/>\nDevoyu, La Forcada, Desfiladero de los Bayos, Cerro Corona, Poo de Cabrales y<br \/>\nLas Cabadas<\/p>\n<p><span class=\"entry--content\"> 3. Edition 2022;<br \/>\n510 pages <\/span><\/p>\n<p>&nbsp;<\/p>\n<p>Escalada deportiva en la Cordillera Cant\u00e1brica<br \/>\nEsta gu\u00eda se ha dise\u00f1ado como si de un libro de viajes se tratara. Un viaje<br \/>\ncircular que comienza en Fuentes de Pe\u00f1acorada y que termina en La Hermida,<br \/>\nrecorriendo m\u00e1s de 320 sectores y de 5750 itinerarios.<\/p>\n<p>Incluye adem\u00e1s:<br \/>\nRedipollos, Valdehuesa, Cerulleda, Valle de Pedrosa, Hoces Free, Aviados,<br \/>\nPiedrasecha, Vega de Gord\u00f3n, Villanueva de la Tercia, Sena de Luna, Rabanal de<br \/>\nLuna, Valles del Trubia, Teverga, Quir\u00f3s, Pe\u00f1as Juntas, Villanueva de Proaza,<br \/>\nOtura, Gamoniteiro, Riospaso, Pel\u00fagano, Foces de Aller, Cuevas, Rioseco, Cueva<br \/>\nDevoyu, La Forcada, Desfiladero de los Bayos, Cerro Corona, Poo de Cabrales y<br \/>\nLas Cabadas.<\/p>\n<p>Para facilitar su uso, identifica cada \u00e1rea de escalada con un color<br \/>\ndiferente. Adem\u00e1s, un \u00edndice y mapa general, que incluye todas estas \u00e1reas,<br \/>\nnos ayudan a localizarlas r\u00e1pidamente en las p\u00e1ginas de la gu\u00eda. Estas \u00e1reas<br \/>\nconfiguran los cuatro cap\u00edtulos del libro: Le\u00f3n, Valles del Trubia, Asturias<br \/>\ncentro y Valles de los Picos de Europa.<\/p>\n<p><span class=\"entry--content\"> 3. Edic. 2022 <\/span><\/p>","protected":false},"excerpt":{"rendered":"<p>Sports Climbing in the Cantabrian Mountains is a guide designed and structured as if it were a travel book. A circular journey that begins in the north of Leon, passes through Asturias and ends in the west of Cantabria, covering more than 5750 climbing routes. Sports Climbing in the Cantabrian Mountain Range outlines more than [&#8230;]\n","protected":false},"featured_media":163154,"template":"","meta":[],"product_brand":[],"product_cat":[21539],"product_tag":[],"class_list":{"0":"post-163153","1":"product","2":"type-product","3":"status-publish","4":"has-post-thumbnail","6":"product_cat-fuehrerliteratur-sportklettern-bouldern","7":"pa_autor-boza","8":"pa_erscheinungsjahr-27013","9":"pa_region-spanien","10":"pa_sprache-es-en","12":"first","13":"outofstock","14":"taxable","15":"shipping-taxable","16":"purchasable","17":"product-type-simple"},"_links":{"self":[{"href":"https:\/\/pizbube.ch\/en\/wp-json\/wp\/v2\/product\/163153","targetHints":{"allow":["GET"]}}],"collection":[{"href":"https:\/\/pizbube.ch\/en\/wp-json\/wp\/v2\/product"}],"about":[{"href":"https:\/\/pizbube.ch\/en\/wp-json\/wp\/v2\/types\/product"}],"wp:featuredmedia":[{"embeddable":true,"href":"https:\/\/pizbube.ch\/en\/wp-json\/wp\/v2\/media\/163154"}],"wp:attachment":[{"href":"https:\/\/pizbube.ch\/en\/wp-json\/wp\/v2\/media?parent=163153"}],"wp:term":[{"taxonomy":"product_brand","embeddable":true,"href":"https:\/\/pizbube.ch\/en\/wp-json\/wp\/v2\/product_brand?post=163153"},{"taxonomy":"product_cat","embeddable":true,"href":"https:\/\/pizbube.ch\/en\/wp-json\/wp\/v2\/product_cat?post=163153"},{"taxonomy":"product_tag","embeddable":true,"href":"https:\/\/pizbube.ch\/en\/wp-json\/wp\/v2\/product_tag?post=163153"}],"curies":[{"name":"wp","href":"https:\/\/api.w.org\/{rel}","templated":true}]}}