{"id":163159,"date":"2022-08-13T11:53:03","date_gmt":"2022-08-13T09:53:03","guid":{"rendered":"https:\/\/pizbube.ch\/?post_type=product&#038;p=163159"},"modified":"2024-08-15T08:51:28","modified_gmt":"2024-08-15T06:51:28","slug":"aiguille-purtscheller-aiguille-du-tour-fiche-granite-7","status":"publish","type":"product","link":"https:\/\/pizbube.ch\/en\/shop\/aiguille-purtscheller-aiguille-du-tour-fiche-granite-7\/","title":{"rendered":"Aiguille Purtscheller &#8211; Aiguille du Tour (Fiche granite 7)"},"content":{"rendered":"<p>Fiche granite 7: &#171;Aiguille Purtscheller &#8211; Aiguille du Tour&#187;<\/p>\n<p>Ar\u00eate Sud &#8211; Ar\u00eate Sud int\u00e9gral<br \/>\nCes courses sont des classiques. Elles s&#8217;apprivoisent \u00e0 des altitudes d\u00e9j\u00e0 respectables et il convient, malgr\u00e9 leur cotations &#171;l\u00e9g\u00e8res&#187;, de ne pas sous-estimer!<\/p>\n<p>Bient\u00f4t donc, vous pourrez vous engager plus sereinement dans cette course mag<span class=\"text_exposed_show\">nifique, longue et engag\u00e9e, avec une description ultra pr\u00e9cise et illustr\u00e9e!<br \/>\n<\/span>Entre autres, le croquis principal se &#171;d\u00e9pliera&#187; sur 4 feuillets (soit&#8230; 46 cm de largeur), et un texte explicatif se rapportera \u00e0 chaque section.<\/p>\n<p>These routes are classics. Despite their &#171;moderate&#187; grades,<br \/>\nthey should not be underestimated, if only because of the altitude.<\/p>","protected":false},"excerpt":{"rendered":"<p>Fiche granite 7: &#171;Aiguille Purtscheller &#8211; Aiguille du Tour&#187; Ar\u00eate Sud &#8211; Ar\u00eate Sud int\u00e9gral Ces courses sont des classiques. Elles s&#8217;apprivoisent \u00e0 des altitudes d\u00e9j\u00e0 respectables et il convient, malgr\u00e9 leur cotations &#171;l\u00e9g\u00e8res&#187;, de ne pas sous-estimer! Bient\u00f4t donc, vous pourrez vous engager plus sereinement dans cette course magnifique, longue et engag\u00e9e, avec une [&#8230;]\n","protected":false},"featured_media":163160,"template":"","meta":[],"product_brand":[],"product_cat":[21544],"product_tag":[],"class_list":{"0":"post-163159","1":"product","2":"type-product","3":"status-publish","4":"has-post-thumbnail","6":"product_cat-fuehrerliteratur-alpin-sommer","7":"pa_autor-piola","8":"pa_erscheinungsjahr-27013","9":"pa_region-schweiz","10":"pa_sprache-fr-en-2","12":"first","13":"instock","14":"taxable","15":"shipping-taxable","16":"purchasable","17":"product-type-simple"},"_links":{"self":[{"href":"https:\/\/pizbube.ch\/en\/wp-json\/wp\/v2\/product\/163159","targetHints":{"allow":["GET"]}}],"collection":[{"href":"https:\/\/pizbube.ch\/en\/wp-json\/wp\/v2\/product"}],"about":[{"href":"https:\/\/pizbube.ch\/en\/wp-json\/wp\/v2\/types\/product"}],"wp:featuredmedia":[{"embeddable":true,"href":"https:\/\/pizbube.ch\/en\/wp-json\/wp\/v2\/media\/163160"}],"wp:attachment":[{"href":"https:\/\/pizbube.ch\/en\/wp-json\/wp\/v2\/media?parent=163159"}],"wp:term":[{"taxonomy":"product_brand","embeddable":true,"href":"https:\/\/pizbube.ch\/en\/wp-json\/wp\/v2\/product_brand?post=163159"},{"taxonomy":"product_cat","embeddable":true,"href":"https:\/\/pizbube.ch\/en\/wp-json\/wp\/v2\/product_cat?post=163159"},{"taxonomy":"product_tag","embeddable":true,"href":"https:\/\/pizbube.ch\/en\/wp-json\/wp\/v2\/product_tag?post=163159"}],"curies":[{"name":"wp","href":"https:\/\/api.w.org\/{rel}","templated":true}]}}