{"id":163161,"date":"2022-08-13T12:32:20","date_gmt":"2022-08-13T10:32:20","guid":{"rendered":"https:\/\/pizbube.ch\/?post_type=product&#038;p=163161"},"modified":"2023-07-26T18:22:08","modified_gmt":"2023-07-26T16:22:08","slug":"les-gaillands-chamonix-fiche-granite-11","status":"publish","type":"product","link":"https:\/\/pizbube.ch\/en\/shop\/les-gaillands-chamonix-fiche-granite-11\/","title":{"rendered":"Les Gaillands &#8211; Chamonix (Fiche Granite 11)"},"content":{"rendered":"<p>Fiche granite 11: \u00abLes Gaillands\u00bb<\/p>\n<p>Site tr\u00e8s agr\u00e9able, ceintur\u00e9 de charmants petits lacs,<br \/>\nproposant un rocher bien structur\u00e9, id\u00e9al pour d\u00e9buter.<\/p>\n<p>A realy pleasent spot, surrounded by charming little lakes, with well featured rock<br \/>\nthat doesn&#8217;t tend to get polished and is perfect for moderate climbs near Chamonix<\/p>","protected":false},"excerpt":{"rendered":"<p>Fiche granite 11: \u00abLes Gaillands\u00bb Site tr\u00e8s agr\u00e9able, ceintur\u00e9 de charmants petits lacs, proposant un rocher bien structur\u00e9, id\u00e9al pour d\u00e9buter. A realy pleasent spot, surrounded by charming little lakes, with well featured rock that doesn&#8217;t tend to get polished and is perfect for moderate climbs near Chamonix<\/p>","protected":false},"featured_media":163162,"template":"","meta":[],"product_brand":[],"product_cat":[21539],"product_tag":[],"class_list":{"0":"post-163161","1":"product","2":"type-product","3":"status-publish","4":"has-post-thumbnail","6":"product_cat-fuehrerliteratur-sportklettern-bouldern","7":"pa_autor-piola","8":"pa_erscheinungsjahr-27013","9":"pa_region-frankreich","10":"pa_sprache-en-fr","12":"first","13":"instock","14":"taxable","15":"shipping-taxable","16":"purchasable","17":"product-type-simple"},"_links":{"self":[{"href":"https:\/\/pizbube.ch\/en\/wp-json\/wp\/v2\/product\/163161","targetHints":{"allow":["GET"]}}],"collection":[{"href":"https:\/\/pizbube.ch\/en\/wp-json\/wp\/v2\/product"}],"about":[{"href":"https:\/\/pizbube.ch\/en\/wp-json\/wp\/v2\/types\/product"}],"wp:featuredmedia":[{"embeddable":true,"href":"https:\/\/pizbube.ch\/en\/wp-json\/wp\/v2\/media\/163162"}],"wp:attachment":[{"href":"https:\/\/pizbube.ch\/en\/wp-json\/wp\/v2\/media?parent=163161"}],"wp:term":[{"taxonomy":"product_brand","embeddable":true,"href":"https:\/\/pizbube.ch\/en\/wp-json\/wp\/v2\/product_brand?post=163161"},{"taxonomy":"product_cat","embeddable":true,"href":"https:\/\/pizbube.ch\/en\/wp-json\/wp\/v2\/product_cat?post=163161"},{"taxonomy":"product_tag","embeddable":true,"href":"https:\/\/pizbube.ch\/en\/wp-json\/wp\/v2\/product_tag?post=163161"}],"curies":[{"name":"wp","href":"https:\/\/api.w.org\/{rel}","templated":true}]}}