{"id":163193,"date":"2022-08-17T09:49:17","date_gmt":"2022-08-17T07:49:17","guid":{"rendered":"https:\/\/pizbube.ch\/?post_type=product&#038;p=163193"},"modified":"2024-08-20T08:45:42","modified_gmt":"2024-08-20T06:45:42","slug":"alpeneis-gletscher-und-permafrost-im-klimawandel","status":"publish","type":"product","link":"https:\/\/pizbube.ch\/en\/shop\/alpeneis-gletscher-und-permafrost-im-klimawandel\/","title":{"rendered":"AlpenEis &#8211; Gletscher und Permafrost im Klimawandel"},"content":{"rendered":"<p><span class=\"value\">Etwa 4400 Gletscher gibt es in den Alpen. Noch \u2013 denn aufgrund der Erderw\u00e4rmung verschwindet das scheinbar \u201eewige Eis\u201c. Bis zum Ende unseres Jahrhunderts sollen laut Prognosen sogar vom gr\u00f6\u00dften Alpengletscher, dem Aletschgletscher in der Schweiz, nur noch wenige Eisfelder \u00fcbrig sein.<\/span><\/p>\n<p>Steile Eisbr\u00fcche, spaltenreiche Gletscherzungen, Gletschertore, aus denen glitzernde Schmelzwasserb\u00e4che quellen, vom tauenden Permafrost zerrissene Gipfel und gigantische Mor\u00e4nenz\u00fcge \u2013 mit atemberaubenden Bildern visualisiert Bernhard Edmaier, wie der Klimawandel die Alpen ver\u00e4ndert. Die 185 au\u00dfergew\u00f6hnlichen Aufnahmen zeigen, welche Formenvielfalt dabei verloren geht, aber zugleich auch, was neu entsteht: farbige Seenlandschaften, vom Eis geschliffene Felsen oder w\u00fcstenhafte Schutth\u00e4nge, von denen die Vegetation allm\u00e4hlich wieder Besitz ergreift.<\/p>\n<p><span class=\"value\">Die Autoren:<\/span><\/p>\n<p>Angelika Jung-H\u00fcttl ist Wissenschaftspublizistin und Geologin. In knappen, pr\u00e4zisen Texten erkl\u00e4rt sie die Prozesse, die zu dem Landschaftswandel f\u00fchren. In einem bebilderten Info-Teil beschreibt sie anschaulich das Entstehen und Vergehen von Gletschern und Permafrost, den Wechsel von Warm- und Kaltzeiten in den vergangenen Jahrtausenden sowie die Auswirkungen des Gletscherschwundes auf die Menschen.<\/p>\n<p>Bernhard Edmaier ist Fotograf und Geologe. Mit seinen abstrakt anmutenden Luftbildern, die hochkar\u00e4tige Fotografie und Wissenschaft vereinen, hat er international Aufsehen erregt. Der im Rother Bergverlag erschienene Bildband \u00bbKunstwerk Alpen\u00ab war ein gro\u00dfer Erfolg. Auch in diesem neuen Bildband setzt sich Edmaier auf besondere Weise mit den Kr\u00e4ften der Natur, welche unseren Planeten formen, auseinander.<\/p>\n<p>Einzigartige Luftaufnahmen und au\u00dfergew\u00f6hnliche Fotografien \u2013 ein Bildband nicht nur f\u00fcr Bergliebhaber.<br \/>\nBilder <span class=\"value\">von Landschaften, wie es sie in einigen Jahren nicht mehr geben wird.<\/span><\/p>\n<div class=\"col-12 col-md-6\">\n<div class=\"d-inline-block\">1. Auflage 2022<\/div>\n<\/div>\n<div class=\"col-12 col-md-6\">\n<div class=\"d-inline-block strong mr-1\">Seiten: 224, Anzahl der Bilder: 185<\/div>\n<\/div>\n<div class=\"col-12 col-md-6\">\n<div class=\"d-inline-block\">gebunden mit Schutzumschlag, <span class=\"value\">Breite 270 mm, H\u00f6he 320 mm<\/span><\/div>\n<\/div>","protected":false},"excerpt":{"rendered":"<p>Etwa 4400 Gletscher gibt es in den Alpen. Noch \u2013 denn aufgrund der Erderw\u00e4rmung verschwindet das scheinbar \u201eewige Eis\u201c. Bis zum Ende unseres Jahrhunderts sollen laut Prognosen sogar vom gr\u00f6\u00dften Alpengletscher, dem Aletschgletscher in der Schweiz, nur noch wenige Eisfelder \u00fcbrig sein. Steile Eisbr\u00fcche, spaltenreiche Gletscherzungen, Gletschertore, aus denen glitzernde Schmelzwasserb\u00e4che quellen, vom tauenden Permafrost [&#8230;]\n","protected":false},"featured_media":163194,"template":"","meta":[],"product_brand":[],"product_cat":[21542],"product_tag":[],"class_list":{"0":"post-163193","1":"product","2":"type-product","3":"status-publish","4":"has-post-thumbnail","6":"product_cat-sachbuecher-dokumentationen","7":"pa_autor-edmaier-jung-huettl","8":"pa_erscheinungsjahr-27013","9":"pa_region-deutschland","10":"pa_region-italien","11":"pa_region-oesterreich","12":"pa_region-schweiz","13":"pa_sprache-de","15":"first","16":"instock","17":"taxable","18":"shipping-taxable","19":"purchasable","20":"product-type-simple"},"_links":{"self":[{"href":"https:\/\/pizbube.ch\/en\/wp-json\/wp\/v2\/product\/163193","targetHints":{"allow":["GET"]}}],"collection":[{"href":"https:\/\/pizbube.ch\/en\/wp-json\/wp\/v2\/product"}],"about":[{"href":"https:\/\/pizbube.ch\/en\/wp-json\/wp\/v2\/types\/product"}],"wp:featuredmedia":[{"embeddable":true,"href":"https:\/\/pizbube.ch\/en\/wp-json\/wp\/v2\/media\/163194"}],"wp:attachment":[{"href":"https:\/\/pizbube.ch\/en\/wp-json\/wp\/v2\/media?parent=163193"}],"wp:term":[{"taxonomy":"product_brand","embeddable":true,"href":"https:\/\/pizbube.ch\/en\/wp-json\/wp\/v2\/product_brand?post=163193"},{"taxonomy":"product_cat","embeddable":true,"href":"https:\/\/pizbube.ch\/en\/wp-json\/wp\/v2\/product_cat?post=163193"},{"taxonomy":"product_tag","embeddable":true,"href":"https:\/\/pizbube.ch\/en\/wp-json\/wp\/v2\/product_tag?post=163193"}],"curies":[{"name":"wp","href":"https:\/\/api.w.org\/{rel}","templated":true}]}}