{"id":163198,"date":"2022-08-17T10:00:49","date_gmt":"2022-08-17T08:00:49","guid":{"rendered":"https:\/\/pizbube.ch\/?post_type=product&#038;p=163198"},"modified":"2025-09-24T11:39:55","modified_gmt":"2025-09-24T09:39:55","slug":"oisans-nouveau-oisans-sauvage-livre-est","status":"publish","type":"product","link":"https:\/\/pizbube.ch\/en\/shop\/oisans-nouveau-oisans-sauvage-livre-est\/","title":{"rendered":"Oisans nouveau Oisans sauvage &#8211; Livre Est"},"content":{"rendered":"<p>547 escalades dans le massif des \u00c9crins Est, du Brian\u00e7onnais et des Cerces.<\/p>\n<p>Les topos Cambon s\u2019\u00e9puisent inexorablement !<br \/>\nNous, famille de Jean-Michel, avons cr\u00e9\u00e9 une association \u00ab\u00a0TOPOS CAMBON\u00a0\u00bb pour les r\u00e9\u00e9diter.<br \/>\nJMC avait commenc\u00e9 le travail, nous allons le poursuivre, avec l\u2019aide de ses amis.<br \/>\nLes b\u00e9n\u00e9fices de ces topos, \u00e9dit\u00e9s par l\u2019association, serviront principalement \u00e0 r\u00e9\u00e9quiper, et \u00e0 ouvrir de nouvelles voies sur le secteur couvert par les Topos Cambon.<\/p>\n<p>Les difficult\u00e9s des itin\u00e9raires vont de l`AD \u00e0 l`ABO-, avec une grosse<br \/>\nmajorit\u00e9 de voies centr\u00e9e sur le 5 et le 6.<br \/>\nLa plupart des secteurs d`escalade et d`alpinisme sont consultables du c\u00f4t\u00e9<br \/>\n`Topo Est` de ce site, avec quelques fiches-topos standard.<\/p>\n<p>547 itin\u00e9raires d\u2019escalade et d\u2019alpinisme parmi les moins pires des massifs des Ecrins-est, du Brian\u00e7onnais et des Cerces.<br \/>\nBeaucoup de photos d\u2019action, de bonne humeur, d\u2019hommages aux grimpeurs locaux,<br \/>\nde r\u00e9f\u00e9rences culturelles, de bonnes histoires\u2026 Ce livre perp\u00e9tue la m\u00e9moire de l\u2019escalade locale \u2013 une bible !<br \/>\nTrac\u00e9s sur photos couleur ou croquis.<\/p>\n<p>(version pr\u00e9c\u00e9dente 2015 ) 27 voies nouvelles, dont 14 (petites) voies \u00e0 Ailefroide, une tr\u00e8s facile \u00e0 Entre les Aygues, deux voies tr\u00e8s dures (Pic sans Nom et Bans), Sagnette,\u00a0 Chambran, Cerces (Tour Termier, Roche Robert, Roche Colombe, Aiguillette du Lauzet), Gaulent.<\/p>\n<p>460 pages<\/p>","protected":false},"excerpt":{"rendered":"<p>547 escalades dans le massif des \u00c9crins Est, du Brian\u00e7onnais et des Cerces. Les topos Cambon s\u2019\u00e9puisent inexorablement ! Nous, famille de Jean-Michel, avons cr\u00e9\u00e9 une association \u00ab\u00a0TOPOS CAMBON\u00a0\u00bb pour les r\u00e9\u00e9diter. JMC avait commenc\u00e9 le travail, nous allons le poursuivre, avec l\u2019aide de ses amis. Les b\u00e9n\u00e9fices de ces topos, \u00e9dit\u00e9s par l\u2019association, serviront [&#8230;]\n","protected":false},"featured_media":163200,"template":"","meta":[],"product_brand":[],"product_cat":[21539],"product_tag":[],"class_list":{"0":"post-163198","1":"product","2":"type-product","3":"status-publish","4":"has-post-thumbnail","6":"product_cat-fuehrerliteratur-sportklettern-bouldern","7":"pa_autor-cambon","8":"pa_erscheinungsjahr-27013","9":"pa_region-frankreich","10":"pa_sprache-fr","12":"first","13":"instock","14":"taxable","15":"shipping-taxable","16":"purchasable","17":"product-type-simple"},"_links":{"self":[{"href":"https:\/\/pizbube.ch\/en\/wp-json\/wp\/v2\/product\/163198","targetHints":{"allow":["GET"]}}],"collection":[{"href":"https:\/\/pizbube.ch\/en\/wp-json\/wp\/v2\/product"}],"about":[{"href":"https:\/\/pizbube.ch\/en\/wp-json\/wp\/v2\/types\/product"}],"wp:featuredmedia":[{"embeddable":true,"href":"https:\/\/pizbube.ch\/en\/wp-json\/wp\/v2\/media\/163200"}],"wp:attachment":[{"href":"https:\/\/pizbube.ch\/en\/wp-json\/wp\/v2\/media?parent=163198"}],"wp:term":[{"taxonomy":"product_brand","embeddable":true,"href":"https:\/\/pizbube.ch\/en\/wp-json\/wp\/v2\/product_brand?post=163198"},{"taxonomy":"product_cat","embeddable":true,"href":"https:\/\/pizbube.ch\/en\/wp-json\/wp\/v2\/product_cat?post=163198"},{"taxonomy":"product_tag","embeddable":true,"href":"https:\/\/pizbube.ch\/en\/wp-json\/wp\/v2\/product_tag?post=163198"}],"curies":[{"name":"wp","href":"https:\/\/api.w.org\/{rel}","templated":true}]}}