{"id":163219,"date":"2022-08-18T09:23:49","date_gmt":"2022-08-18T07:23:49","guid":{"rendered":"https:\/\/pizbube.ch\/?post_type=product&#038;p=163219"},"modified":"2022-08-18T09:23:49","modified_gmt":"2022-08-18T07:23:49","slug":"flow-trails-fuer-geniesser-30-trailrunning-highlights-der-schweiz","status":"publish","type":"product","link":"https:\/\/pizbube.ch\/en\/shop\/flow-trails-fuer-geniesser-30-trailrunning-highlights-der-schweiz\/","title":{"rendered":"Flow Trails F\u00fcr Geniesser &#8211; 30 Trailrunning Highlights Der Schweiz"},"content":{"rendered":"<p><span class=\"value\">\u00dcber 65.000 Kilometer markierte Wanderwege durchziehen die Schweiz, unersch\u00f6pfliche M\u00f6glichkeiten f\u00fcr Trailrunner. Doch welche Trails lohnen aus L\u00e4ufersicht am meisten? Wo lassen sich Flowfaktor, Panorama, \u00d6V-Tauglichkeit, Kulinarik und lokale Besonderheiten am besten vereinen und geniessen? <\/span><\/p>\n<p><span class=\"value\">Dieser erste Band bringt Licht ins Dunkel und schickt Trailrunner auf die besten Trails der Schweizer Alpen und Voralpen: mit durchschnittlich 800-1200 positiven H\u00f6henmetern und 12-25 Kilometer L\u00e4nge, oftmals auch miteinander kombinierbar, werden gleichermassen Einsteigern, wie auch ambitionierten Trailrunnern, Tipps f\u00fcr den perfekten Trailrunningtag geboten. <\/span><\/p>\n<p><span class=\"value\">Neben Angaben zur optimalen Saison, Bodenbeschaffenheit, Wasserstellen, Abk\u00fcrzungen, Beizen und Verpflegungsm\u00f6glichkeiten, erg\u00e4nzen insbesondere Ratschl\u00e4ge lokaler Trailrunner die Trailvorschl\u00e4ge. Kartenausschnitte helfen zur schnellen Orientierung, GPX-Tracks der gew\u00fcnschten Routen lassen sich mittels QR-Code unkompliziert herunterladen.<\/span><\/p>\n<p><span class=\"value\">176 Seiten<br \/>\nBreite 170 mm, H\u00f6he 210; Zahlreiche farbige Abbildungen<\/span><\/p>","protected":false},"excerpt":{"rendered":"<p>\u00dcber 65.000 Kilometer markierte Wanderwege durchziehen die Schweiz, unersch\u00f6pfliche M\u00f6glichkeiten f\u00fcr Trailrunner. Doch welche Trails lohnen aus L\u00e4ufersicht am meisten? Wo lassen sich Flowfaktor, Panorama, \u00d6V-Tauglichkeit, Kulinarik und lokale Besonderheiten am besten vereinen und geniessen? Dieser erste Band bringt Licht ins Dunkel und schickt Trailrunner auf die besten Trails der Schweizer Alpen und Voralpen: mit [&#8230;]\n","protected":false},"featured_media":163220,"template":"","meta":[],"product_brand":[],"product_cat":[21542,21605],"product_tag":[27141],"class_list":{"0":"post-163219","1":"product","2":"type-product","3":"status-publish","4":"has-post-thumbnail","6":"product_cat-sachbuecher-dokumentationen","7":"product_cat-wanderfuehrer-trekking","8":"product_tag-trail-running","9":"pa_autor-neuhauser","10":"pa_erscheinungsjahr-27013","11":"pa_region-schweiz","12":"pa_sprache-de","14":"first","15":"instock","16":"taxable","17":"shipping-taxable","18":"purchasable","19":"product-type-simple"},"_links":{"self":[{"href":"https:\/\/pizbube.ch\/en\/wp-json\/wp\/v2\/product\/163219","targetHints":{"allow":["GET"]}}],"collection":[{"href":"https:\/\/pizbube.ch\/en\/wp-json\/wp\/v2\/product"}],"about":[{"href":"https:\/\/pizbube.ch\/en\/wp-json\/wp\/v2\/types\/product"}],"wp:featuredmedia":[{"embeddable":true,"href":"https:\/\/pizbube.ch\/en\/wp-json\/wp\/v2\/media\/163220"}],"wp:attachment":[{"href":"https:\/\/pizbube.ch\/en\/wp-json\/wp\/v2\/media?parent=163219"}],"wp:term":[{"taxonomy":"product_brand","embeddable":true,"href":"https:\/\/pizbube.ch\/en\/wp-json\/wp\/v2\/product_brand?post=163219"},{"taxonomy":"product_cat","embeddable":true,"href":"https:\/\/pizbube.ch\/en\/wp-json\/wp\/v2\/product_cat?post=163219"},{"taxonomy":"product_tag","embeddable":true,"href":"https:\/\/pizbube.ch\/en\/wp-json\/wp\/v2\/product_tag?post=163219"}],"curies":[{"name":"wp","href":"https:\/\/api.w.org\/{rel}","templated":true}]}}