{"id":163267,"date":"2022-08-20T12:08:23","date_gmt":"2022-08-20T10:08:23","guid":{"rendered":"https:\/\/pizbube.ch\/?post_type=product&#038;p=163267"},"modified":"2024-10-16T14:47:29","modified_gmt":"2024-10-16T12:47:29","slug":"escalades-dans-la-vallee-du-toulourenc","status":"publish","type":"product","link":"https:\/\/pizbube.ch\/en\/shop\/escalades-dans-la-vallee-du-toulourenc\/","title":{"rendered":"Escalades dans la Vall\u00e9e du Toulourenc"},"content":{"rendered":"<p class=\"title is-1\"><span data-v-6aab6aa2=\"\">Topo escalade Saint Leger du Ventoux &#8211; Vall\u00e9e du Toulourenc<\/span><\/p>\n<p>Saint-L\u00e9ger-du-Ventoux<br \/>\nHautes Gorges du Toulourenc<br \/>\nBasses Gorges du Toulourenc<br \/>\nNotre-Dames-des-Anges<\/p>\n<p>Voil\u00e0 le nouveau topo du Toulourenc \/ Saint-L\u00e9ger-du-Ventoux<br \/>\n\u00c9dition 2022 CT 84 avec la participation de tous les \u00e9quipeurs du site!<\/p>\n<p>Avec plus de 600 voies, une qualit\u00e9 de rocher exceptionnel et un site grandiose, St L\u00e9ger s\u2019est impos\u00e9 comme un des sites les plus r\u00e9put\u00e9s d\u2019Europe, o\u00f9 on croise le gratin de la grimpe mondiale !<\/p>\n<p>Chaque secteur a une ambiance qui lui est propre m\u00eame si une particularit\u00e9 demeure : le calme.<\/p>\n<p>En plus du climat propice du sud de la France Saint-L\u00e9ger offre un immense terrain de jeu aux f\u00e9rus de caillou. Le cadre est tout \u00e0 fait exceptionnel, si bien que lorsque l\u2019on reste plus de deux jours on a l\u2019impression d\u2019\u00eatre totalement coup\u00e9 de la civilisation. Comme un monde \u00e0 part o\u00f9 se c\u00f4toie min\u00e9ral et v\u00e9g\u00e9tal dans lequel les seuls \u00e9l\u00e9ments perturbateurs sont les cris des grimpeurs.<\/p>\n<p>Le site compte environ 600 voies d\u2019escalade, la plupart de haut niveau.<br \/>\nOn peut y grimper tout au long de l\u2019ann\u00e9e, l\u2019hiver en face sud ou bien l\u2019\u00e9t\u00e9, \u00e0 l\u2019ombre du Ventoux.<br \/>\nLes voies d\u2019escalade sont tr\u00e8s vari\u00e9es : cela va du Devers \u00e0 Colonnettes aux Dalles Sculpt\u00e9es de Gouttes d\u2019Eaux. Chaque grimpeur y trouvera son bonheur.<\/p>","protected":false},"excerpt":{"rendered":"<h1 data-topic-id=\"302813\"><\/h1>","protected":false},"featured_media":163268,"template":"","meta":[],"product_brand":[],"product_cat":[21539],"product_tag":[27144,27143,27142],"class_list":{"0":"post-163267","1":"product","2":"type-product","3":"status-publish","4":"has-post-thumbnail","6":"product_cat-fuehrerliteratur-sportklettern-bouldern","7":"product_tag-escalades-autour-du-ventoux","8":"product_tag-saint-leger-du-ventoux","9":"product_tag-toulourenc","10":"pa_erscheinungsjahr-27013","11":"pa_region-frankreich","12":"pa_sprache-fr","14":"first","15":"instock","16":"taxable","17":"shipping-taxable","18":"purchasable","19":"product-type-simple"},"_links":{"self":[{"href":"https:\/\/pizbube.ch\/en\/wp-json\/wp\/v2\/product\/163267","targetHints":{"allow":["GET"]}}],"collection":[{"href":"https:\/\/pizbube.ch\/en\/wp-json\/wp\/v2\/product"}],"about":[{"href":"https:\/\/pizbube.ch\/en\/wp-json\/wp\/v2\/types\/product"}],"wp:featuredmedia":[{"embeddable":true,"href":"https:\/\/pizbube.ch\/en\/wp-json\/wp\/v2\/media\/163268"}],"wp:attachment":[{"href":"https:\/\/pizbube.ch\/en\/wp-json\/wp\/v2\/media?parent=163267"}],"wp:term":[{"taxonomy":"product_brand","embeddable":true,"href":"https:\/\/pizbube.ch\/en\/wp-json\/wp\/v2\/product_brand?post=163267"},{"taxonomy":"product_cat","embeddable":true,"href":"https:\/\/pizbube.ch\/en\/wp-json\/wp\/v2\/product_cat?post=163267"},{"taxonomy":"product_tag","embeddable":true,"href":"https:\/\/pizbube.ch\/en\/wp-json\/wp\/v2\/product_tag?post=163267"}],"curies":[{"name":"wp","href":"https:\/\/api.w.org\/{rel}","templated":true}]}}