{"id":163308,"date":"2022-08-24T16:09:40","date_gmt":"2022-08-24T14:09:40","guid":{"rendered":"https:\/\/pizbube.ch\/?post_type=product&#038;p=163308"},"modified":"2022-08-24T16:14:33","modified_gmt":"2022-08-24T14:14:33","slug":"villacher-alpe-unterdrautal-125-000-kompass-karte-065","status":"publish","type":"product","link":"https:\/\/pizbube.ch\/en\/shop\/villacher-alpe-unterdrautal-125-000-kompass-karte-065\/","title":{"rendered":"Villacher Alpe, Unterdrautal 1:25.000 (Kompass-Karte 065)"},"content":{"rendered":"<p><span class=\"value\">2in1 Wanderkarte 1:25000 inklusive Karte zur offline Verwendung in der KOMPASS-App. Fahrradfahren. Skitouren<\/span><\/p>\n<p><span class=\"value\">Die 2in1 Wanderkarte ist jetzt noch \u00fcbersichtlicher und besser lesbar. Die kostenlose App f\u00fcr unterwegs gibt es auch noch dazu. Das bildet die perfekte Grundlage f\u00fcr die Planung einer Wandertour. Die pr\u00e4zise Kartografie zeigt alle begehbaren Wanderwege inklusive Klassifizierung. Informationen wie Schwimmb\u00e4der, Klettersteige, Kinderspielpl\u00e4tze, H\u00fctten und vieles mehr sind in der Karte ebenfalls enthalten. Dank der rei\u00df- und wetterfesten Papierqualit\u00e4t ist die Karte bei jedem Wetter ein treuer Begleiter.<\/span><\/p>","protected":false},"excerpt":{"rendered":"<p>2in1 Wanderkarte 1:25000 inklusive Karte zur offline Verwendung in der KOMPASS-App. Fahrradfahren. Skitouren Die 2in1 Wanderkarte ist jetzt noch \u00fcbersichtlicher und besser lesbar. Die kostenlose App f\u00fcr unterwegs gibt es auch noch dazu. Das bildet die perfekte Grundlage f\u00fcr die Planung einer Wandertour. Die pr\u00e4zise Kartografie zeigt alle begehbaren Wanderwege inklusive Klassifizierung. Informationen wie Schwimmb\u00e4der, [&#8230;]\n","protected":false},"featured_media":163309,"template":"","meta":[],"product_brand":[],"product_cat":[21543],"product_tag":[],"class_list":{"0":"post-163308","1":"product","2":"type-product","3":"status-publish","4":"has-post-thumbnail","6":"product_cat-landkarten","7":"pa_autor-kompass","8":"pa_erscheinungsjahr-21586","9":"pa_region-italien","10":"pa_region-osteuropa","11":"pa_sprache-de-it","13":"first","14":"instock","15":"taxable","16":"shipping-taxable","17":"purchasable","18":"product-type-simple"},"_links":{"self":[{"href":"https:\/\/pizbube.ch\/en\/wp-json\/wp\/v2\/product\/163308","targetHints":{"allow":["GET"]}}],"collection":[{"href":"https:\/\/pizbube.ch\/en\/wp-json\/wp\/v2\/product"}],"about":[{"href":"https:\/\/pizbube.ch\/en\/wp-json\/wp\/v2\/types\/product"}],"wp:featuredmedia":[{"embeddable":true,"href":"https:\/\/pizbube.ch\/en\/wp-json\/wp\/v2\/media\/163309"}],"wp:attachment":[{"href":"https:\/\/pizbube.ch\/en\/wp-json\/wp\/v2\/media?parent=163308"}],"wp:term":[{"taxonomy":"product_brand","embeddable":true,"href":"https:\/\/pizbube.ch\/en\/wp-json\/wp\/v2\/product_brand?post=163308"},{"taxonomy":"product_cat","embeddable":true,"href":"https:\/\/pizbube.ch\/en\/wp-json\/wp\/v2\/product_cat?post=163308"},{"taxonomy":"product_tag","embeddable":true,"href":"https:\/\/pizbube.ch\/en\/wp-json\/wp\/v2\/product_tag?post=163308"}],"curies":[{"name":"wp","href":"https:\/\/api.w.org\/{rel}","templated":true}]}}