{"id":163315,"date":"2022-08-24T16:41:51","date_gmt":"2022-08-24T14:41:51","guid":{"rendered":"https:\/\/pizbube.ch\/?post_type=product&#038;p=163315"},"modified":"2025-08-28T10:34:09","modified_gmt":"2025-08-28T08:34:09","slug":"julische-alpen-nationalpark-triglav-125-000-kompass-karte-064","status":"publish","type":"product","link":"https:\/\/pizbube.ch\/en\/shop\/julische-alpen-nationalpark-triglav-125-000-kompass-karte-064\/","title":{"rendered":"Julische Alpen, Nationalpark Triglav 1:25.000 (Kompass-Karte 064)"},"content":{"rendered":"<p><span class=\"value\">3in1 Wanderkarte 1:25000 mit Aktiv Guide inklusive Karte zur offline Verwendung in der KOMPASS-App. Fahrradfahren. Skitouren. Langlaufen<\/span><\/p>\n<p><span class=\"value\">Die 3in1 Wanderkarte ist jetzt noch \u00fcbersichtlicher und besser lesbar. Der Aktiv Guide informiert Sie rund um das Thema Outdoor und die kostenlose App f\u00fcr unterwegs gibt es auch noch dazu. Das bildet die perfekte Grundlage f\u00fcr die Planung einer Wandertour. Die pr\u00e4zise Kartografie zeigt alle begehbaren Wanderwege inklusive Klassifizierung. Informationen wie Schwimmb\u00e4der, Klettersteige, Kinderspielpl\u00e4tze, H\u00fctten und vieles mehr sind in der Karte ebenfalls enthalten. Dank der rei\u00df- und wetterfesten Papierqualit\u00e4t ist die Karte bei jedem Wetter ein treuer Begleiter.<\/span><\/p>\n<p>Die Julischen Alpen (slow. Julijske Alpe; ital. Alpi Giulie) sind ein schroffer Gebirgsstock der s\u00fcdlichen Kalkalpen auf slowenischem (Ober- und Unterkrain) und italienischem Gebiet (Friaul-Julisch Venetien). H\u00f6chster Berg ist der Triglav, 2.864 m, zugleich der h\u00f6chste Gipfel Sloweniens. Er liegt im Zentrum des nach ihm benannten Nationalparks, des einzigen Nationalparks Sloweniens, mit seiner besonders vielf\u00e4ltigen Tier- und Pflanzenwelt.<\/p>\n<p>Bekannte Tourismuszentren der Region:<br \/>\n-Bled am Bleder See, ein moderner Badeort f\u00fcr Wander- und Wassersportinteressierte in gesch\u00fctzter Lage am Fu\u00dfe der Julier.<br \/>\n-Bohinj mit dem Bohinjsko jezero (Wocheiner See). Das \u00fcberaus sch\u00f6ne Tal bietet hervorragende Bedingungen f\u00fcr den Bergsport in all seinen Facetten (Bergsteigen, Klettern, Skitouren, Langlauf in der Pokljuka.<br \/>\n-Kranjska Gora ist bekannt als Erholungs- und Wintersportort. Auf Gemeindegebiet bei Ratece\/Planica befindet sich die gr\u00f6\u00dfte Skiflugschanze der Welt (aktueller Weltrekord von 239 m, aufgestellt durch Bj\u00f8rn Einar Rom\u00f8ren im Jahr 2005).<br \/>\n-Tarvisio (Tarvis), eine Stadt im italienisch-\u00f6sterreichisch-slowenischen Dreil\u00e4ndereck im Kanaltal. Gut ausgebaute Asphaltstra\u00dfen f\u00fchren auf den Neveasattel (Skigebiet), dem Ausgangspunkt f\u00fcr lohnende Bergtouren in die Montasch- (Montasio-) und Cimonekette.<\/p>","protected":false},"excerpt":{"rendered":"<p>3in1 Wanderkarte 1:25000 mit Aktiv Guide inklusive Karte zur offline Verwendung in der KOMPASS-App. Fahrradfahren. Skitouren. Langlaufen Die 3in1 Wanderkarte ist jetzt noch \u00fcbersichtlicher und besser lesbar. Der Aktiv Guide informiert Sie rund um das Thema Outdoor und die kostenlose App f\u00fcr unterwegs gibt es auch noch dazu. Das bildet die perfekte Grundlage f\u00fcr die [&#8230;]\n","protected":false},"featured_media":163316,"template":"","meta":[],"product_brand":[],"product_cat":[21543],"product_tag":[],"class_list":{"0":"post-163315","1":"product","2":"type-product","3":"status-publish","4":"has-post-thumbnail","6":"product_cat-landkarten","7":"pa_autor-kompass","8":"pa_erscheinungsjahr-21558","9":"pa_region-italien","10":"pa_region-osteuropa","11":"pa_sprache-de-it","13":"first","14":"instock","15":"taxable","16":"shipping-taxable","17":"purchasable","18":"product-type-simple"},"_links":{"self":[{"href":"https:\/\/pizbube.ch\/en\/wp-json\/wp\/v2\/product\/163315","targetHints":{"allow":["GET"]}}],"collection":[{"href":"https:\/\/pizbube.ch\/en\/wp-json\/wp\/v2\/product"}],"about":[{"href":"https:\/\/pizbube.ch\/en\/wp-json\/wp\/v2\/types\/product"}],"wp:featuredmedia":[{"embeddable":true,"href":"https:\/\/pizbube.ch\/en\/wp-json\/wp\/v2\/media\/163316"}],"wp:attachment":[{"href":"https:\/\/pizbube.ch\/en\/wp-json\/wp\/v2\/media?parent=163315"}],"wp:term":[{"taxonomy":"product_brand","embeddable":true,"href":"https:\/\/pizbube.ch\/en\/wp-json\/wp\/v2\/product_brand?post=163315"},{"taxonomy":"product_cat","embeddable":true,"href":"https:\/\/pizbube.ch\/en\/wp-json\/wp\/v2\/product_cat?post=163315"},{"taxonomy":"product_tag","embeddable":true,"href":"https:\/\/pizbube.ch\/en\/wp-json\/wp\/v2\/product_tag?post=163315"}],"curies":[{"name":"wp","href":"https:\/\/api.w.org\/{rel}","templated":true}]}}