{"id":163346,"date":"2022-08-27T09:56:08","date_gmt":"2022-08-27T07:56:08","guid":{"rendered":"https:\/\/pizbube.ch\/?post_type=product&#038;p=163346"},"modified":"2022-08-27T10:01:51","modified_gmt":"2022-08-27T08:01:51","slug":"jenseits-von-dracula-eine-winterwanderung-in-den-karpaten","status":"publish","type":"product","link":"https:\/\/pizbube.ch\/en\/shop\/jenseits-von-dracula-eine-winterwanderung-in-den-karpaten\/","title":{"rendered":"Jenseits von Dracula &#8211; Eine Winterwanderung in den Karpaten"},"content":{"rendered":"<p><span class=\"value\">Wenn man an die Gebirgskette der Karpaten denkt, so ist sicherlich Dracula der erste Name, der einem dazu einf\u00e4llt. Der bogenf\u00f6rmige Gebirgszug verbindet die Staaten am Rande Osteuropas.<\/span><\/p>\n<p>Mario Casella hat diese Gegend &#8211; heute eine unbekannte und vernachl\u00e4ssigte Welteninsel &#8211; im Winter zu Fu\u00df und mit Hilfe von Skiern erkundet. Es war eine Pilgerreise auf den Spuren von blutr\u00fcnstigen Legenden und Relikten aus der kommunistischen \u00c4ra, die vom Geruch der W\u00e4lder begleitet wurde.<\/p>\n<p><span class=\"value\">\u00dcber vier Monate dauerte die Reise zwischen Rum\u00e4nien und Serbien, die von der slowakischen Hauptstadt Bratislava zum Eisernen Tor, einem Durchbruchstal an der Donau f\u00fchrte. Zu Fu\u00df, im st\u00e4ndigen Dialog mit der Natur und mit sich selbst, hat Casella am Rande Europas eine l\u00e4ndliche Welt voller eindringlicher menschlicher Geschichten neu entdeckt. Ein Gebiet, in dem der D\u00fcnger der Geschichte neue, \u00fcberraschende Realit\u00e4ten wachsen l\u00e4sst.<\/span><\/p>\n<p><span class=\"value\">Mario Casella, ist Journalist, Filmemacher und Bergf\u00fchrer. Er war lange Zeit f\u00fcr das Radio und TV der italienischen Schweiz (RSI) t\u00e4tig. In den letzten Jahren hat er sich mehr an eigenen Buch- und Filmprojekten sowie Expeditionen gewidmet. Im September 2018 hat Casella in Pontresina den Albert Mountain Award f\u00fcr besondere Verdienste auf dem Gebiet des Alpinismus erhalten.<\/span><\/p>\n<div class=\"biblioBinding\"><span class=\"value\">Gebunden<\/span><\/div>\n<div class=\"biblioPages\"><span class=\"value\">360 Seiten<\/span><\/div>\n<div class=\"biblioDimensions\"><span class=\"key\">Masse<\/span><span class=\"value\">Breite 135 mm, H\u00f6he 215 mm<\/span><\/div>\n<div class=\"biblioIllustations\"><span class=\"value\">Mit Fotos in Farbe<\/span><\/div>","protected":false},"excerpt":{"rendered":"<p>Wenn man an die Gebirgskette der Karpaten denkt, so ist sicherlich Dracula der erste Name, der einem dazu einf\u00e4llt. Der bogenf\u00f6rmige Gebirgszug verbindet die Staaten am Rande Osteuropas. Mario Casella hat diese Gegend &#8211; heute eine unbekannte und vernachl\u00e4ssigte Welteninsel &#8211; im Winter zu Fu\u00df und mit Hilfe von Skiern erkundet. Es war eine Pilgerreise [&#8230;]\n","protected":false},"featured_media":163347,"template":"","meta":[],"product_brand":[],"product_cat":[21542],"product_tag":[],"class_list":{"0":"post-163346","1":"product","2":"type-product","3":"status-publish","4":"has-post-thumbnail","6":"product_cat-sachbuecher-dokumentationen","7":"pa_autor-casella","8":"pa_erscheinungsjahr-27013","9":"pa_region-osteuropa","10":"pa_sprache-de","12":"first","13":"instock","14":"taxable","15":"shipping-taxable","16":"purchasable","17":"product-type-simple"},"_links":{"self":[{"href":"https:\/\/pizbube.ch\/en\/wp-json\/wp\/v2\/product\/163346","targetHints":{"allow":["GET"]}}],"collection":[{"href":"https:\/\/pizbube.ch\/en\/wp-json\/wp\/v2\/product"}],"about":[{"href":"https:\/\/pizbube.ch\/en\/wp-json\/wp\/v2\/types\/product"}],"wp:featuredmedia":[{"embeddable":true,"href":"https:\/\/pizbube.ch\/en\/wp-json\/wp\/v2\/media\/163347"}],"wp:attachment":[{"href":"https:\/\/pizbube.ch\/en\/wp-json\/wp\/v2\/media?parent=163346"}],"wp:term":[{"taxonomy":"product_brand","embeddable":true,"href":"https:\/\/pizbube.ch\/en\/wp-json\/wp\/v2\/product_brand?post=163346"},{"taxonomy":"product_cat","embeddable":true,"href":"https:\/\/pizbube.ch\/en\/wp-json\/wp\/v2\/product_cat?post=163346"},{"taxonomy":"product_tag","embeddable":true,"href":"https:\/\/pizbube.ch\/en\/wp-json\/wp\/v2\/product_tag?post=163346"}],"curies":[{"name":"wp","href":"https:\/\/api.w.org\/{rel}","templated":true}]}}