{"id":163418,"date":"2022-09-04T12:50:55","date_gmt":"2022-09-04T10:50:55","guid":{"rendered":"https:\/\/pizbube.ch\/?post_type=product&#038;p=163418"},"modified":"2025-10-07T14:22:51","modified_gmt":"2025-10-07T12:22:51","slug":"neige-glace-et-mixte-tome-3-du-mont-blanc-au-bassin-de-tre-la-tete","status":"publish","type":"product","link":"https:\/\/pizbube.ch\/en\/shop\/neige-glace-et-mixte-tome-3-du-mont-blanc-au-bassin-de-tre-la-tete\/","title":{"rendered":"Neige, Glace et Mixte &#8211; Tome 3: Du Mont Blanc au bassin de Tr\u00e9-la-T\u00eate"},"content":{"rendered":"<p>Le topo du Mont-Blanc<\/p>\n<p>Ouvrage de r\u00e9f\u00e9rence pour tout alpiniste fr\u00e9quentant le massif du Mont-Blanc, Neige, Glace et Mixte occupe une place singuli\u00e8re dans le monde du topo en proposant un regard \u00e0 la fois synth\u00e9tique et exhaustif.<br \/>\nCette <strong>troisi\u00e8me \u00e9dition<\/strong> pr\u00e9sente un Neige, Glace et Mixte corrig\u00e9, r\u00e9organis\u00e9 et augment\u00e9. Une actualisation indispensable pour tenir compte des \u00e9volutions du terrain, des ouvertures de nouveaux itin\u00e9raires et de l\u2019\u00e9volution des pratiques de l\u2019alpinisme.<\/p>\n<p>Ce <strong>troisi\u00e8me tome<\/strong> remodel\u00e9 rassemble <strong>390 itin\u00e9raires<\/strong> r\u00e9partis sur les 7 bassins de la partie centrale du massif.<br \/>\nAvec le souci de pr\u00e9server la m\u00e9moire des parcours de nos a\u00een\u00e9s tout en soulignant le dynamisme de nos contemporains.<br \/>\nAvec la minutie de situer aussi bien les cols, br\u00e8ches et autres ant\u00e9cimes que de valoriser les grandes faces des sommets phares.<br \/>\nAvec la pr\u00e9occupation de d\u00e9crire des passages oubli\u00e9s autant que de mettre en lumi\u00e8re les voies r\u00e9centes.<\/p>\n<p>12,5 x 17,5 cm \u2022 262 pages<\/p>","protected":false},"excerpt":{"rendered":"<p>Le topo du Mont-Blanc Ouvrage de r\u00e9f\u00e9rence pour tout alpiniste fr\u00e9quentant le massif du Mont-Blanc, Neige, Glace et Mixte occupe une place singuli\u00e8re dans le monde du topo en proposant un regard \u00e0 la fois synth\u00e9tique et exhaustif. Cette troisi\u00e8me \u00e9dition pr\u00e9sente un Neige, Glace et Mixte corrig\u00e9, r\u00e9organis\u00e9 et augment\u00e9. Une actualisation indispensable pour [&#8230;]\n","protected":false},"featured_media":163422,"template":"","meta":[],"product_brand":[],"product_cat":[21544,21540,21539],"product_tag":[],"class_list":{"0":"post-163418","1":"product","2":"type-product","3":"status-publish","4":"has-post-thumbnail","6":"product_cat-fuehrerliteratur-alpin-sommer","7":"product_cat-fuehrerliteratur-alpin-winter","8":"product_cat-fuehrerliteratur-sportklettern-bouldern","9":"pa_autor-damilano","10":"pa_erscheinungsjahr-27013","11":"pa_region-frankreich","12":"pa_sprache-fr","14":"first","15":"instock","16":"taxable","17":"shipping-taxable","18":"purchasable","19":"product-type-simple"},"_links":{"self":[{"href":"https:\/\/pizbube.ch\/en\/wp-json\/wp\/v2\/product\/163418","targetHints":{"allow":["GET"]}}],"collection":[{"href":"https:\/\/pizbube.ch\/en\/wp-json\/wp\/v2\/product"}],"about":[{"href":"https:\/\/pizbube.ch\/en\/wp-json\/wp\/v2\/types\/product"}],"wp:featuredmedia":[{"embeddable":true,"href":"https:\/\/pizbube.ch\/en\/wp-json\/wp\/v2\/media\/163422"}],"wp:attachment":[{"href":"https:\/\/pizbube.ch\/en\/wp-json\/wp\/v2\/media?parent=163418"}],"wp:term":[{"taxonomy":"product_brand","embeddable":true,"href":"https:\/\/pizbube.ch\/en\/wp-json\/wp\/v2\/product_brand?post=163418"},{"taxonomy":"product_cat","embeddable":true,"href":"https:\/\/pizbube.ch\/en\/wp-json\/wp\/v2\/product_cat?post=163418"},{"taxonomy":"product_tag","embeddable":true,"href":"https:\/\/pizbube.ch\/en\/wp-json\/wp\/v2\/product_tag?post=163418"}],"curies":[{"name":"wp","href":"https:\/\/api.w.org\/{rel}","templated":true}]}}