{"id":163461,"date":"2022-09-06T12:15:54","date_gmt":"2022-09-06T10:15:54","guid":{"rendered":"https:\/\/pizbube.ch\/?post_type=product&#038;p=163461"},"modified":"2022-09-06T12:15:54","modified_gmt":"2022-09-06T10:15:54","slug":"hohe-berge","status":"publish","type":"product","link":"https:\/\/pizbube.ch\/en\/shop\/hohe-berge\/","title":{"rendered":"Hohe Berge"},"content":{"rendered":"<div class=\"book-detail-additional_innercontent speakable-element-1\">\n<p>Eine Frau. F\u00fcnf M\u00e4nner. Eisiger Wind in h\u00f6heren Lagen w\u00e4hrend einer Skidurchquerung in den Schweizer Alpen. Kunstvoll verdichtet und mit au\u00dfergew\u00f6hnlicher literarischer Kraft erz\u00e4hlt \u201eHohe Berge\u201c eine Geschichte vom Miteinander unter herausfordernden Umst\u00e4nden.<\/p>\n<p>Sechs einander fremde Menschen \u2013 f\u00fcnf M\u00e4nner, eine Frau \u2013 brechen zu einer Skidurchquerung im Hochgebirge auf. Eine Woche, in der die Tourteilnehmer aufeinander angewiesen sind und sich zwangsl\u00e4ufig sehr nahekommen. Der Erz\u00e4hlerin wird bewusst, dass sie Angst hat, die Kontrolle abzugeben, und dass die Erwartungen der anderen sie l\u00e4hmen. Ein Lawinenabgang bringt Bewegung in das fragile Gruppengef\u00fcge. Kunstvoll verdichtet und mit au\u00dfergew\u00f6hnlicher literarischer Kraft erz\u00e4hlt Silke Stamm in ihrem Romandeb\u00fct eine faszinierende Geschichte vom Miteinander unter herausfordernden Umst\u00e4nden.<\/p>\n<p><em>\u201eWas hier alles unter dem Schnee verborgen liegt, ist nur zu erahnen. Aber man wei\u00df, es ist viel. Und die Erz\u00e4hlerin durchwandert diese wei\u00df bedeckte Landschaft gleichzeitig so bed\u00e4chtig und temporeich, dass man kein Tauwetter m\u00f6chte.\u201c\u00a0<\/em>Isabel Bogdan<\/p>\n<p>160 Seiten, Hardcover mit Schutzumschlag<\/p>\n<\/div>","protected":false},"excerpt":{"rendered":"<p>Eine Frau. F\u00fcnf M\u00e4nner. Eisiger Wind in h\u00f6heren Lagen w\u00e4hrend einer Skidurchquerung in den Schweizer Alpen. Kunstvoll verdichtet und mit au\u00dfergew\u00f6hnlicher literarischer Kraft erz\u00e4hlt \u201eHohe Berge\u201c eine Geschichte vom Miteinander unter herausfordernden Umst\u00e4nden. Sechs einander fremde Menschen \u2013 f\u00fcnf M\u00e4nner, eine Frau \u2013 brechen zu einer Skidurchquerung im Hochgebirge auf. Eine Woche, in der die [&#8230;]\n","protected":false},"featured_media":163462,"template":"","meta":[],"product_brand":[],"product_cat":[21629],"product_tag":[],"class_list":{"0":"post-163461","1":"product","2":"type-product","3":"status-publish","4":"has-post-thumbnail","6":"product_cat-belletristik","7":"pa_autor-stamm","8":"pa_erscheinungsjahr-27013","9":"pa_region-deutschland","10":"pa_sprache-de","12":"first","13":"instock","14":"taxable","15":"shipping-taxable","16":"purchasable","17":"product-type-simple"},"_links":{"self":[{"href":"https:\/\/pizbube.ch\/en\/wp-json\/wp\/v2\/product\/163461","targetHints":{"allow":["GET"]}}],"collection":[{"href":"https:\/\/pizbube.ch\/en\/wp-json\/wp\/v2\/product"}],"about":[{"href":"https:\/\/pizbube.ch\/en\/wp-json\/wp\/v2\/types\/product"}],"wp:featuredmedia":[{"embeddable":true,"href":"https:\/\/pizbube.ch\/en\/wp-json\/wp\/v2\/media\/163462"}],"wp:attachment":[{"href":"https:\/\/pizbube.ch\/en\/wp-json\/wp\/v2\/media?parent=163461"}],"wp:term":[{"taxonomy":"product_brand","embeddable":true,"href":"https:\/\/pizbube.ch\/en\/wp-json\/wp\/v2\/product_brand?post=163461"},{"taxonomy":"product_cat","embeddable":true,"href":"https:\/\/pizbube.ch\/en\/wp-json\/wp\/v2\/product_cat?post=163461"},{"taxonomy":"product_tag","embeddable":true,"href":"https:\/\/pizbube.ch\/en\/wp-json\/wp\/v2\/product_tag?post=163461"}],"curies":[{"name":"wp","href":"https:\/\/api.w.org\/{rel}","templated":true}]}}