{"id":163514,"date":"2022-09-08T11:07:37","date_gmt":"2022-09-08T09:07:37","guid":{"rendered":"https:\/\/pizbube.ch\/?post_type=product&#038;p=163514"},"modified":"2022-09-08T11:12:25","modified_gmt":"2022-09-08T09:12:25","slug":"briser-le-plafond-de-glace","status":"publish","type":"product","link":"https:\/\/pizbube.ch\/en\/shop\/briser-le-plafond-de-glace\/","title":{"rendered":"Briser le plafond de glace"},"content":{"rendered":"<p>Marion Poitevin aime la montagne. Elle l&#8217;a rendue f\u00e9ministe en faisant entendre sa voix, engag\u00e9e, dans un monde longtemps rest\u00e9 un bastion du machisme.<\/p>\n<div class=\"column-50\">\n<p>Que faire quand on est une femme dot\u00e9e de capacit\u00e9s physiques exceptionnelles et d\u2019une volont\u00e9 bien charpent\u00e9e ? Grimper, toujours plus haut, toujours plus fort ! Que faire quand cette passion conduit dans un monde presque exclusivement masculin, celui des guides, des gendarmes, du secours en montagne, du groupe d\u2019\u00e9lite d\u2019alpinisme de l\u2019arm\u00e9e, et qu\u2019on si heurte inlassablement au m\u00eame plafond de verre ? Recommencer, encore et toujours, et donner une voix \u00e0 sa col\u00e8re. C\u2019est ce que fait Marion Poitevin en prenant la plume pour la premi\u00e8re fois dans cette autobiographie saisissante.<\/p>\n<p>208 pages<br \/>\n15 x 21 cm<\/p>\n<\/div>","protected":false},"excerpt":{"rendered":"<p>Marion Poitevin aime la montagne. Elle l&#8217;a rendue f\u00e9ministe en faisant entendre sa voix, engag\u00e9e, dans un monde longtemps rest\u00e9 un bastion du machisme. Que faire quand on est une femme dot\u00e9e de capacit\u00e9s physiques exceptionnelles et d\u2019une volont\u00e9 bien charpent\u00e9e ? Grimper, toujours plus haut, toujours plus fort ! Que faire quand cette passion [&#8230;]\n","protected":false},"featured_media":163515,"template":"","meta":[],"product_brand":[],"product_cat":[21629,21542],"product_tag":[],"class_list":{"0":"post-163514","1":"product","2":"type-product","3":"status-publish","4":"has-post-thumbnail","6":"product_cat-belletristik","7":"product_cat-sachbuecher-dokumentationen","8":"pa_autor-poitevin","9":"pa_erscheinungsjahr-27013","10":"pa_region-frankreich","11":"pa_sprache-fr","13":"first","14":"instock","15":"taxable","16":"shipping-taxable","17":"purchasable","18":"product-type-simple"},"_links":{"self":[{"href":"https:\/\/pizbube.ch\/en\/wp-json\/wp\/v2\/product\/163514","targetHints":{"allow":["GET"]}}],"collection":[{"href":"https:\/\/pizbube.ch\/en\/wp-json\/wp\/v2\/product"}],"about":[{"href":"https:\/\/pizbube.ch\/en\/wp-json\/wp\/v2\/types\/product"}],"wp:featuredmedia":[{"embeddable":true,"href":"https:\/\/pizbube.ch\/en\/wp-json\/wp\/v2\/media\/163515"}],"wp:attachment":[{"href":"https:\/\/pizbube.ch\/en\/wp-json\/wp\/v2\/media?parent=163514"}],"wp:term":[{"taxonomy":"product_brand","embeddable":true,"href":"https:\/\/pizbube.ch\/en\/wp-json\/wp\/v2\/product_brand?post=163514"},{"taxonomy":"product_cat","embeddable":true,"href":"https:\/\/pizbube.ch\/en\/wp-json\/wp\/v2\/product_cat?post=163514"},{"taxonomy":"product_tag","embeddable":true,"href":"https:\/\/pizbube.ch\/en\/wp-json\/wp\/v2\/product_tag?post=163514"}],"curies":[{"name":"wp","href":"https:\/\/api.w.org\/{rel}","templated":true}]}}