{"id":163522,"date":"2022-09-08T11:54:34","date_gmt":"2022-09-08T09:54:34","guid":{"rendered":"https:\/\/pizbube.ch\/?post_type=product&#038;p=163522"},"modified":"2025-12-12T10:10:40","modified_gmt":"2025-12-12T09:10:40","slug":"kantabrien-nordspanien-von-der-kueste-bis-zu-den-picos-de-europa","status":"publish","type":"product","link":"https:\/\/pizbube.ch\/en\/shop\/kantabrien-nordspanien-von-der-kueste-bis-zu-den-picos-de-europa\/","title":{"rendered":"Kantabrien Nordspanien: Von der K\u00fcste bis zu den Picos de Europa"},"content":{"rendered":"<p><span class=\"value\">Urspr\u00fcnglich, abwechslungsreich und wild \u2013 so l\u00e4sst sich die Wanderregion Kantabrien im Norden Spaniens zwischen Atlantik und Gebirge bestens beschreiben. Gelegen zwischen Asturien mit den Picos de Europa und dem an Frankreich und die Pyren\u00e4en angrenzenden Baskenland, ist Kantabrien bei ausl\u00e4ndischen Urlaubern bisher praktisch unbekannt. Lebhaft ist die Hauptstadt Santander \u2013 ansonsten l\u00e4sst sich hier Ruhe genie\u00dfen. Steilk\u00fcsten und Traumstr\u00e4nde bestimmen das Bild ebenso wie die Bergwelt, die dank des feuchten Atlantikklimas urw\u00fcchsig und gr\u00fcn ist. Der Rother Wanderf\u00fchrer \u00bbKantabrien\u00ab stellt 50 Wanderungen in dieser einmalig sch\u00f6nen Region Spaniens vor.<\/span><\/p>\n<p>Kantabrien wird eingerahmt von dem schroffen Gebirge der Picos de Europa, dem Atlantik und den kargen Hochfl\u00e4chen der Meseta. Das Gebiet ist durchzogen von der bis \u00fcber 2500 Meter hohen Cordillera Cant\u00e1brica, die ungest\u00f6rte Naturerlebnisse abseits der touristischen Hotspots bietet. Oft hat man als Wanderer die Wege ganz f\u00fcr sich allein. Auch die trockene und karge Landschaft im S\u00fcden Kantabriens sowie der Ebro-Stausee und Ebro-Canyon laden zu spannenden Wanderungen ein.<br \/>\nZudem lockt in Kantabrien ein reiches kulturelles Erbe: Die Hafenstadt Santander ist immer einen Besuch wert. Zahlreiche Provinzst\u00e4dtchen und archaische Bergd\u00f6rfer warten mit architektonischen und kulinarischen Reizen auf. Die H\u00f6hle von Altamira ist eine der weltweit bedeutendsten Fundst\u00e4tten steinzeitlicher H\u00f6hlenmalereien und UNESCO-Welterbe.<\/p>\n<p>Jede Wanderung wird mit einer zuverl\u00e4ssigen Wegbeschreibung, einem Kartenausschnitt und einem H\u00f6henprofil vorgestellt. GPS-Tracks stehen zum Download bereit. Viele Tipps zu Land und Leuten sowie wertvolle Infos zum Wanderurlaub in Kantabrien machen dieses Buch zu einem unverzichtbaren Begleiter.<\/p>\n<p>1. Auflage 2022<br \/>\n208 Seiten<br \/>\n51 Wanderk\u00e4rtchen im Ma\u00dfstab 1:25.000, 1:50.000 und 1:100.000, 50 H\u00f6henprofile, zwei \u00dcbersichtskarten, GPS-Tracks zum Download<\/p>","protected":false},"excerpt":{"rendered":"<p>Urspr\u00fcnglich, abwechslungsreich und wild \u2013 so l\u00e4sst sich die Wanderregion Kantabrien im Norden Spaniens zwischen Atlantik und Gebirge bestens beschreiben. Gelegen zwischen Asturien mit den Picos de Europa und dem an Frankreich und die Pyren\u00e4en angrenzenden Baskenland, ist Kantabrien bei ausl\u00e4ndischen Urlaubern bisher praktisch unbekannt. Lebhaft ist die Hauptstadt Santander \u2013 ansonsten l\u00e4sst sich hier [&#8230;]\n","protected":false},"featured_media":163523,"template":"","meta":[],"product_brand":[],"product_cat":[21605],"product_tag":[27153],"class_list":{"0":"post-163522","1":"product","2":"type-product","3":"status-publish","4":"has-post-thumbnail","6":"product_cat-wanderfuehrer-trekking","7":"product_tag-cantabrien","8":"pa_autor-stuellein","9":"pa_erscheinungsjahr-27013","10":"pa_region-spanien","11":"pa_sprache-de","13":"first","14":"instock","15":"taxable","16":"shipping-taxable","17":"purchasable","18":"product-type-simple"},"_links":{"self":[{"href":"https:\/\/pizbube.ch\/en\/wp-json\/wp\/v2\/product\/163522","targetHints":{"allow":["GET"]}}],"collection":[{"href":"https:\/\/pizbube.ch\/en\/wp-json\/wp\/v2\/product"}],"about":[{"href":"https:\/\/pizbube.ch\/en\/wp-json\/wp\/v2\/types\/product"}],"wp:featuredmedia":[{"embeddable":true,"href":"https:\/\/pizbube.ch\/en\/wp-json\/wp\/v2\/media\/163523"}],"wp:attachment":[{"href":"https:\/\/pizbube.ch\/en\/wp-json\/wp\/v2\/media?parent=163522"}],"wp:term":[{"taxonomy":"product_brand","embeddable":true,"href":"https:\/\/pizbube.ch\/en\/wp-json\/wp\/v2\/product_brand?post=163522"},{"taxonomy":"product_cat","embeddable":true,"href":"https:\/\/pizbube.ch\/en\/wp-json\/wp\/v2\/product_cat?post=163522"},{"taxonomy":"product_tag","embeddable":true,"href":"https:\/\/pizbube.ch\/en\/wp-json\/wp\/v2\/product_tag?post=163522"}],"curies":[{"name":"wp","href":"https:\/\/api.w.org\/{rel}","templated":true}]}}