{"id":163540,"date":"2022-09-09T09:50:37","date_gmt":"2022-09-09T07:50:37","guid":{"rendered":"https:\/\/pizbube.ch\/?post_type=product&#038;p=163540"},"modified":"2022-09-09T09:50:38","modified_gmt":"2022-09-09T07:50:38","slug":"cinquanta-3000-ticinesi-il-ticino-piu-vicino-al-cielo","status":"publish","type":"product","link":"https:\/\/pizbube.ch\/en\/shop\/cinquanta-3000-ticinesi-il-ticino-piu-vicino-al-cielo\/","title":{"rendered":"Cinquanta 3000 ticinesi &#8211; Il Ticino pi\u00f9 vicino al cielo"},"content":{"rendered":"<p>Sono circa 600 le montagne ticinesi, ma ci sono anche molte guglie, o quote e creste che non hanno nome sulle Carte Nazionali, che per\u00f2 la gente del posto o gli alpigiani e i cacciatori conoscono con un toponimo antico.<\/p>\n<p>In questo volume sono descritte le 50 montagne pi\u00f9 alte. Quarantuno sono le montagne ticinesi che superano i 3000 metri; sette sono quelle che si trovano a poca distanza dal confine ticinese e sono facilmente raggiungibili dal nostro territorio; a una cima manca solo un metro per arrivare ai 3000, mentre un\u2019altra, anche se li supera, non \u00e8 pi\u00f9 citata sulle Carte Nazionali.<\/p>\n<p>Quanto sarebbe noioso il Ticino senza valli, boschi, torrenti, cascate, laghetti, e l\u2019assoluta bellezza<br \/>\ne semplicit\u00e0 delle montagne\u2026 Sono sempre andato in montagna cercando di non lasciare tracce del mio passaggio, come se fosse<br \/>\nun giocare agli indiani. In montagna non lascio segni, non lascio firme, non lascio impronte, non lascio in giro niente, cerco di non calpestare piante o schiacciare formiche o altri insetti, evito rumori inutili\u2026 ma sono un ladro scaltro che sa aspettare pazientemente, incallito e inguaribile, un ladro di immagini!<\/p>\n<p>Il suo grande volume fotografico lascia estasiati di fronte al panorama che si estende dal Piz Rondadura oppure la vista mozzafiato catturata dal Piz Terri. La copertina del resto parla da sola: avvolti della nebbia, sullo sfondo il Gerenhorn e il Pizzo Pesciora e in primo piano il Pizzo Rotondo. In questo volume l\u2019autore fotografa e descrive le montagne pi\u00f9 alte della Svizzera italiana, quelle che superano i 3000 metri. Per ogni cima c\u2019\u00e8 una scheda con le caratteristiche, i\u00a0tempi e le difficolt\u00e0. Ci sono le ardite cime dal pi\u00f9 severo aspetto come il Kastelhorn o il Bas\u00f2dino, le montagne del formaggio come il Pizzo Pesciora, le rocce montonate delle Cento Valli come la Cima Camara o le montagne colorate come il Pizzo Crozlina. Un\u2019edizione completamente aggiornata di quella precedente, del 1999.<br \/>\nE questo libro ne \u00e8 la prova.<\/p>\n<p>Formato: 24.5 x 30.5 cm<br \/>\nFotografie: 300\u00a0 immagini a colori<br \/>\nPagine: 288<\/p>","protected":false},"excerpt":{"rendered":"<p>Sono circa 600 le montagne ticinesi, ma ci sono anche molte guglie, o quote e creste che non hanno nome sulle Carte Nazionali, che per\u00f2 la gente del posto o gli alpigiani e i cacciatori conoscono con un toponimo antico. In questo volume sono descritte le 50 montagne pi\u00f9 alte. Quarantuno sono le montagne ticinesi [&#8230;]\n","protected":false},"featured_media":163541,"template":"","meta":[],"product_brand":[],"product_cat":[21542],"product_tag":[],"class_list":{"0":"post-163540","1":"product","2":"type-product","3":"status-publish","4":"has-post-thumbnail","6":"product_cat-sachbuecher-dokumentationen","7":"pa_autor-riva","8":"pa_erscheinungsjahr-27013","9":"pa_region-schweiz","10":"pa_sprache-it","12":"first","13":"instock","14":"taxable","15":"shipping-taxable","16":"purchasable","17":"product-type-simple"},"_links":{"self":[{"href":"https:\/\/pizbube.ch\/en\/wp-json\/wp\/v2\/product\/163540","targetHints":{"allow":["GET"]}}],"collection":[{"href":"https:\/\/pizbube.ch\/en\/wp-json\/wp\/v2\/product"}],"about":[{"href":"https:\/\/pizbube.ch\/en\/wp-json\/wp\/v2\/types\/product"}],"wp:featuredmedia":[{"embeddable":true,"href":"https:\/\/pizbube.ch\/en\/wp-json\/wp\/v2\/media\/163541"}],"wp:attachment":[{"href":"https:\/\/pizbube.ch\/en\/wp-json\/wp\/v2\/media?parent=163540"}],"wp:term":[{"taxonomy":"product_brand","embeddable":true,"href":"https:\/\/pizbube.ch\/en\/wp-json\/wp\/v2\/product_brand?post=163540"},{"taxonomy":"product_cat","embeddable":true,"href":"https:\/\/pizbube.ch\/en\/wp-json\/wp\/v2\/product_cat?post=163540"},{"taxonomy":"product_tag","embeddable":true,"href":"https:\/\/pizbube.ch\/en\/wp-json\/wp\/v2\/product_tag?post=163540"}],"curies":[{"name":"wp","href":"https:\/\/api.w.org\/{rel}","templated":true}]}}