{"id":163566,"date":"2022-09-10T11:37:29","date_gmt":"2022-09-10T09:37:29","guid":{"rendered":"https:\/\/pizbube.ch\/?post_type=product&#038;p=163566"},"modified":"2022-09-27T12:02:27","modified_gmt":"2022-09-27T10:02:27","slug":"diamants-bruts-blocs-autour-du-mont-blanc","status":"publish","type":"product","link":"https:\/\/pizbube.ch\/en\/shop\/diamants-bruts-blocs-autour-du-mont-blanc\/","title":{"rendered":"DIAMANTS BRUTS &#8211; blocs autour du Mont-Blanc"},"content":{"rendered":"<p>S\u00e9lection de blocs en Haute-Savoie, autour de Bourg-Saint-Maurice et un site en Suisse du c\u00f4t\u00e9 de Verbier.<\/p>\n<div class=\"elementor-element elementor-element-41e12ac elementor-widget elementor-widget-text-editor\" data-id=\"41e12ac\" data-element_type=\"widget\" data-widget_type=\"text-editor.default\">\n<div class=\"elementor-widget-container\">\n<div class=\"elementor-text-editor elementor-clearfix\">\n<p>Tr\u00e8s beau livre de 190 pages, o\u00f9 Morgan Boissenot d\u00e9crit sa s\u00e9lection de blocs autour du MontBlanc.<br \/>\nIl y a aussi quelques pages de texte sur des sujets divers en rapport avec l\u2019escalade de bloc.<\/p>\n<p>On trouvera 346 passages (+ projets) rep\u00e9rables sur les plans, 93 passages dessin\u00e9s sur un croquis du bloc et 40 passages d\u00e9crits plus en d\u00e9tails.<br \/>\nFormat 15 x 21cm<\/p>\n<div class=\"elementor-element elementor-element-45dfe57 elementor-widget elementor-widget-text-editor\" data-id=\"45dfe57\" data-element_type=\"widget\" data-widget_type=\"text-editor.default\">\n<div class=\"elementor-widget-container\">\n<div class=\"elementor-text-editor elementor-clearfix\">\n<p><strong>Liste des sites d\u2019escalade sur ce topo :<\/strong><\/p>\n<p><b>Valais<br \/>\n<\/b>1. Lourtier<\/p>\n<p><b>Haute-Savoie<br \/>\n<\/b>2. col des Mottets<br \/>\n3. Coupeau<br \/>\n4. Graniteur<br \/>\n5. Doran<br \/>\n6. Balme<br \/>\n7. La Maladi\u00e8re<br \/>\n8. gorge du Bronze<br \/>\n9. grotte de la Table<br \/>\n10. Beaumont<br \/>\n11. Bois des F\u00e9es<br \/>\n12. Gorges des Usses<\/p>\n<p><b>Savoie<br \/>\n<\/b>13. Les Arcs<br \/>\n14. Longefoy<br \/>\n15. Les Moulins<br \/>\n16. Le Mousselard<br \/>\n17. Le Monal<br \/>\n18. La Sassi\u00e8re<br \/>\n19. col du Petit Saint-Bernard<br \/>\n20. La Verrerie<\/p>\n<\/div>\n<\/div>\n<\/div>\n<\/div>\n<\/div>\n<\/div>","protected":false},"excerpt":{"rendered":"<p>S\u00e9lection de blocs en Haute-Savoie, autour de Bourg-Saint-Maurice et un site en Suisse du c\u00f4t\u00e9 de Verbier. Tr\u00e8s beau livre de 190 pages, o\u00f9 Morgan Boissenot d\u00e9crit sa s\u00e9lection de blocs autour du MontBlanc. Il y a aussi quelques pages de texte sur des sujets divers en rapport avec l\u2019escalade de bloc. On trouvera 346 [&#8230;]\n","protected":false},"featured_media":163567,"template":"","meta":[],"product_brand":[],"product_cat":[21539],"product_tag":[],"class_list":{"0":"post-163566","1":"product","2":"type-product","3":"status-publish","4":"has-post-thumbnail","6":"product_cat-fuehrerliteratur-sportklettern-bouldern","7":"pa_autor-boissenot-merchez","8":"pa_erscheinungsjahr-27013","9":"pa_region-frankreich","10":"pa_region-schweiz","11":"pa_sprache-fr","13":"first","14":"instock","15":"taxable","16":"shipping-taxable","17":"purchasable","18":"product-type-simple"},"_links":{"self":[{"href":"https:\/\/pizbube.ch\/en\/wp-json\/wp\/v2\/product\/163566","targetHints":{"allow":["GET"]}}],"collection":[{"href":"https:\/\/pizbube.ch\/en\/wp-json\/wp\/v2\/product"}],"about":[{"href":"https:\/\/pizbube.ch\/en\/wp-json\/wp\/v2\/types\/product"}],"wp:featuredmedia":[{"embeddable":true,"href":"https:\/\/pizbube.ch\/en\/wp-json\/wp\/v2\/media\/163567"}],"wp:attachment":[{"href":"https:\/\/pizbube.ch\/en\/wp-json\/wp\/v2\/media?parent=163566"}],"wp:term":[{"taxonomy":"product_brand","embeddable":true,"href":"https:\/\/pizbube.ch\/en\/wp-json\/wp\/v2\/product_brand?post=163566"},{"taxonomy":"product_cat","embeddable":true,"href":"https:\/\/pizbube.ch\/en\/wp-json\/wp\/v2\/product_cat?post=163566"},{"taxonomy":"product_tag","embeddable":true,"href":"https:\/\/pizbube.ch\/en\/wp-json\/wp\/v2\/product_tag?post=163566"}],"curies":[{"name":"wp","href":"https:\/\/api.w.org\/{rel}","templated":true}]}}