{"id":163769,"date":"2022-10-03T15:26:56","date_gmt":"2022-10-03T13:26:56","guid":{"rendered":"https:\/\/pizbube.ch\/?post_type=product&#038;p=163769"},"modified":"2022-10-03T15:36:39","modified_gmt":"2022-10-03T13:36:39","slug":"tessiner-streifzuege","status":"publish","type":"product","link":"https:\/\/pizbube.ch\/en\/shop\/tessiner-streifzuege\/","title":{"rendered":"Tessiner Streifz\u00fcge"},"content":{"rendered":"<div class=\"mb-6\">\n<p>Wandern und entdecken zu jeder Jahreszeit<\/p>\n<p>Das Tessin geh\u00f6rt zu den beliebtesten Ausflugszielen der Schweiz \u2013 im lichtdurchfluteten Fr\u00fchling ebenso wie unter der sommerlichen Feriensonne oder im bunten, warmen Herbst. Selbst die Milde des Winters erlaubt wunderbar temperierte Wandererlebnisse. Schroffe Gipfel, weite Hochebenen, enge Gebirgst\u00e4ler, \u00fcppige W\u00e4lder, weiche H\u00fcgelzonen, gro\u00dfz\u00fcgige Seen \u2013 im Tessin verdichten sich die unterschiedlichsten Topografien. Dazu kommt eine reiche Kulturlandschaft, die von teils spektakul\u00e4ren, teils lauschigen Wanderwegen durchzogen ist.<\/p>\n<p>Marco Volken l\u00e4dt uns ein, einige der sch\u00f6nsten Ecken seines Kantons zu durchstreifen und zu entdecken \u2013 auch mal entlang zeitlos klassischer Routen, aber vor allem abseits der ausgetretenen Pfade. Vom Tessin-Neuling bis zur erfahrenen Kennerin der Alpens\u00fcdseite \u2013 f\u00fcr alle ist viel Neuland dabei.<\/p>\n<p>Wanderungen f\u00fcr alle Jahreszeiten<br \/>\n46 Routen mit Varianten<br \/>\n34 weitere Wandervorschl\u00e4ge<br \/>\nVertiefende Texte zu Natur, Kultur und Geschichte<\/p>\n<p>Mit Farbfotos von Marco Volken, Routenskizzen und Serviceteil<br \/>\nMit GPS-Daten<\/p>\n<p>312 Seiten, 19.0 \u00d7 12.0 cm, Broschur<br \/>\n1. Auflage<\/p>\n<\/div>","protected":false},"excerpt":{"rendered":"<p>Wandern und entdecken zu jeder Jahreszeit Das Tessin geh\u00f6rt zu den beliebtesten Ausflugszielen der Schweiz \u2013 im lichtdurchfluteten Fr\u00fchling ebenso wie unter der sommerlichen Feriensonne oder im bunten, warmen Herbst. Selbst die Milde des Winters erlaubt wunderbar temperierte Wandererlebnisse. Schroffe Gipfel, weite Hochebenen, enge Gebirgst\u00e4ler, \u00fcppige W\u00e4lder, weiche H\u00fcgelzonen, gro\u00dfz\u00fcgige Seen \u2013 im Tessin verdichten [&#8230;]\n","protected":false},"featured_media":163770,"template":"","meta":[],"product_brand":[],"product_cat":[21605],"product_tag":[],"class_list":{"0":"post-163769","1":"product","2":"type-product","3":"status-publish","4":"has-post-thumbnail","6":"product_cat-wanderfuehrer-trekking","7":"pa_autor-volken","8":"pa_erscheinungsjahr-27013","9":"pa_region-schweiz","10":"pa_sprache-de","12":"first","13":"instock","14":"taxable","15":"shipping-taxable","16":"purchasable","17":"product-type-simple"},"_links":{"self":[{"href":"https:\/\/pizbube.ch\/en\/wp-json\/wp\/v2\/product\/163769","targetHints":{"allow":["GET"]}}],"collection":[{"href":"https:\/\/pizbube.ch\/en\/wp-json\/wp\/v2\/product"}],"about":[{"href":"https:\/\/pizbube.ch\/en\/wp-json\/wp\/v2\/types\/product"}],"wp:featuredmedia":[{"embeddable":true,"href":"https:\/\/pizbube.ch\/en\/wp-json\/wp\/v2\/media\/163770"}],"wp:attachment":[{"href":"https:\/\/pizbube.ch\/en\/wp-json\/wp\/v2\/media?parent=163769"}],"wp:term":[{"taxonomy":"product_brand","embeddable":true,"href":"https:\/\/pizbube.ch\/en\/wp-json\/wp\/v2\/product_brand?post=163769"},{"taxonomy":"product_cat","embeddable":true,"href":"https:\/\/pizbube.ch\/en\/wp-json\/wp\/v2\/product_cat?post=163769"},{"taxonomy":"product_tag","embeddable":true,"href":"https:\/\/pizbube.ch\/en\/wp-json\/wp\/v2\/product_tag?post=163769"}],"curies":[{"name":"wp","href":"https:\/\/api.w.org\/{rel}","templated":true}]}}