{"id":163775,"date":"2022-10-03T15:55:48","date_gmt":"2022-10-03T13:55:48","guid":{"rendered":"https:\/\/pizbube.ch\/?post_type=product&#038;p=163775"},"modified":"2023-12-19T11:19:22","modified_gmt":"2023-12-19T10:19:22","slug":"guia-de-escalada-alto-palancia-castellon","status":"publish","type":"product","link":"https:\/\/pizbube.ch\/en\/shop\/guia-de-escalada-alto-palancia-castellon\/","title":{"rendered":"Gu\u00eda de escalada Alto Palancia-Castell\u00f3n"},"content":{"rendered":"<p>Jerica, Teresa y Altura<\/p>\n<p>El veterano escalador Roberto Lli, m\u00e1s conocido como Txentxo, ha publicado junto a Marisa Esteve el libro \u201cGu\u00eda de Escalada del Alto Palancia\u201d,<br \/>\nen el que se recogen 300 v\u00edas de escalada y 27 sectores de los municipios de J\u00e9rica, Teresa y Altura.<\/p>\n<p>La publicaci\u00f3n tiene a J\u00e9rica como n\u00facleo principal, origen y referente de escalada a nivel nacional con la proyecci\u00f3n de territorio y turismo que ello conlleva. En la escuela de escalada deportiva en jerica predomina el 6\u00ba grado.<br \/>\nDimensiones: 21 cm x 14,5 cm<br \/>\nN\u00ba P\u00e1g.:134<br \/>\nLanguages:Castellano, English<\/p>\n<p>The experienced climber Roberto Lli, better known as Txentxo, together with Marisa Esteve, has published the book &#171;Gu\u00eda de Escalada del Alto Palancia&#187;, which describes 300 climbing routes and 27 sectors in the municipalities of J\u00e9rica, Teresa and Altura.<br \/>\nIn the climbing guide, J\u00e9rica is presented as the center, starting point and reference point for climbing in the area. In the sport climbing areas, climbing is mainly in the french grad 6th.<br \/>\nThe guide has a modern layout; color photo topos, very good site plans, sufficient and yet concise information about the area and the respective route. Very well done pictograms bring all the really important information to the point and make language skills obsolete.<\/p>\n<p>134 pages<br \/>\nLanguage Spanish \/ English<br \/>\nEdition 2022<\/p>","protected":false},"excerpt":{"rendered":"<p>Jerica, Teresa y Altura El veterano escalador Roberto Lli, m\u00e1s conocido como Txentxo, ha publicado junto a Marisa Esteve el libro \u201cGu\u00eda de Escalada del Alto Palancia\u201d, en el que se recogen 300 v\u00edas de escalada y 27 sectores de los municipios de J\u00e9rica, Teresa y Altura. La publicaci\u00f3n tiene a J\u00e9rica como n\u00facleo principal, [&#8230;]\n","protected":false},"featured_media":163776,"template":"","meta":[],"product_brand":[],"product_cat":[21539],"product_tag":[],"class_list":{"0":"post-163775","1":"product","2":"type-product","3":"status-publish","4":"has-post-thumbnail","6":"product_cat-fuehrerliteratur-sportklettern-bouldern","7":"pa_autor-lli-esteve","8":"pa_erscheinungsjahr-27013","9":"pa_region-spanien","10":"pa_sprache-en-es","12":"first","13":"instock","14":"taxable","15":"shipping-taxable","16":"purchasable","17":"product-type-simple"},"_links":{"self":[{"href":"https:\/\/pizbube.ch\/en\/wp-json\/wp\/v2\/product\/163775","targetHints":{"allow":["GET"]}}],"collection":[{"href":"https:\/\/pizbube.ch\/en\/wp-json\/wp\/v2\/product"}],"about":[{"href":"https:\/\/pizbube.ch\/en\/wp-json\/wp\/v2\/types\/product"}],"wp:featuredmedia":[{"embeddable":true,"href":"https:\/\/pizbube.ch\/en\/wp-json\/wp\/v2\/media\/163776"}],"wp:attachment":[{"href":"https:\/\/pizbube.ch\/en\/wp-json\/wp\/v2\/media?parent=163775"}],"wp:term":[{"taxonomy":"product_brand","embeddable":true,"href":"https:\/\/pizbube.ch\/en\/wp-json\/wp\/v2\/product_brand?post=163775"},{"taxonomy":"product_cat","embeddable":true,"href":"https:\/\/pizbube.ch\/en\/wp-json\/wp\/v2\/product_cat?post=163775"},{"taxonomy":"product_tag","embeddable":true,"href":"https:\/\/pizbube.ch\/en\/wp-json\/wp\/v2\/product_tag?post=163775"}],"curies":[{"name":"wp","href":"https:\/\/api.w.org\/{rel}","templated":true}]}}