{"id":163780,"date":"2022-10-03T16:34:49","date_gmt":"2022-10-03T14:34:49","guid":{"rendered":"https:\/\/pizbube.ch\/?post_type=product&#038;p=163780"},"modified":"2025-06-06T12:05:14","modified_gmt":"2025-06-06T10:05:14","slug":"leichtes-bergsteigen-in-trentino-suedtirol","status":"publish","type":"product","link":"https:\/\/pizbube.ch\/en\/shop\/leichtes-bergsteigen-in-trentino-suedtirol\/","title":{"rendered":"LEICHTES BERGSTEIGEN in TRENTINO-S\u00dcDTIROL Bd. 1"},"content":{"rendered":"<p>Normalwege und Gratwanderungen Band.1 \u2013 Westliche T\u00e4ler<i><br \/>\n<\/i><\/p>\n<p>Ein beeindruckendes Werk, ein wahres Traumbuch f\u00fcr Liebhaber von Gipfelbesteigungen<strong>: 283 ausgew\u00e4hlte Touren<\/strong> auf die sch\u00f6nsten und eindrucksvollsten Gipfel von 4<strong>3 Gebirgsgruppen<\/strong>, aufgeteilt auf zwei B\u00e4nde.\u00a0Der erste Band, der den westlichen T\u00e4lern gewidmet ist, stellt <strong>133 Touren<\/strong> in den <strong>19 Berggruppen<\/strong> westlich des Etschtals vor:<br \/>\nSesvennagruppe, \u00d6tztaler und Passeier Alpen, Texelgruppe, Westliche Stubaier Alpen, Sarntaler Alpen, Ortlergruppe, Sobretta-Gavia-Gruppe, Cevedalegruppe, Maddalene-Gruppe, Mendelkette, Adamellogruppe, Presanellagruppe, Brenta, Cadriagruppe, Gardaseeberge, Piccole Dolomiti von Brescia, Tremalzogruppe, Monte Baldo und Pizzocolo-Gruppe.<\/p>\n<p>Alle vorgeschlagenen Touren wurden nach <strong>Panorama und Schwierigkeit ausgew\u00e4hlt<\/strong>. Es gibt nur wenige Routen mit Kletter-Schwierigkeiten \u00fcber dem <strong>II. Grad<\/strong>, aber nicht alle Touren sind einfache Wanderungen: einige erfordern Hochtouren-Kenntnisse f\u00fcr <strong>Gletscher\u00fcberquerungen<\/strong>, die Verwendung eines <strong>Klettersteigsets<\/strong> oder das Zuhilfenehmen der H\u00e4nde. Und schlie\u00dflich ist f\u00fcr jede Jahreszeit die richtige Tour dabei: Beide B\u00e4nde enthalten Touren im zentralen Alpenbogen in gr\u00f6\u00dferer H\u00f6he mit Schnee und Eis, die f\u00fcr den Hochsommer gedacht sind, sowie Touren in den Berggruppen n\u00e4her an der <strong>Poebene<\/strong>, die daher bis zum Sp\u00e4therbst oder in niederschlagsarmen Wintern geeignet sind.<\/p>\n<p>1. Auflage 2022<br \/>\n608 Seiten<\/p>","protected":false},"excerpt":{"rendered":"<p>Normalwege und Gratwanderungen Band.1 \u2013 Westliche T\u00e4ler Ein beeindruckendes Werk, ein wahres Traumbuch f\u00fcr Liebhaber von Gipfelbesteigungen: 283 ausgew\u00e4hlte Touren auf die sch\u00f6nsten und eindrucksvollsten Gipfel von 43 Gebirgsgruppen, aufgeteilt auf zwei B\u00e4nde.\u00a0Der erste Band, der den westlichen T\u00e4lern gewidmet ist, stellt 133 Touren in den 19 Berggruppen westlich des Etschtals vor: Sesvennagruppe, \u00d6tztaler und [&#8230;]\n","protected":false},"featured_media":163781,"template":"","meta":[],"product_brand":[],"product_cat":[21544],"product_tag":[],"class_list":{"0":"post-163780","1":"product","2":"type-product","3":"status-publish","4":"has-post-thumbnail","6":"product_cat-fuehrerliteratur-alpin-sommer","7":"pa_autor-filippi-rattin","8":"pa_erscheinungsjahr-27013","9":"pa_region-italien","10":"pa_sprache-de","12":"first","13":"instock","14":"taxable","15":"shipping-taxable","16":"purchasable","17":"product-type-simple"},"_links":{"self":[{"href":"https:\/\/pizbube.ch\/en\/wp-json\/wp\/v2\/product\/163780","targetHints":{"allow":["GET"]}}],"collection":[{"href":"https:\/\/pizbube.ch\/en\/wp-json\/wp\/v2\/product"}],"about":[{"href":"https:\/\/pizbube.ch\/en\/wp-json\/wp\/v2\/types\/product"}],"wp:featuredmedia":[{"embeddable":true,"href":"https:\/\/pizbube.ch\/en\/wp-json\/wp\/v2\/media\/163781"}],"wp:attachment":[{"href":"https:\/\/pizbube.ch\/en\/wp-json\/wp\/v2\/media?parent=163780"}],"wp:term":[{"taxonomy":"product_brand","embeddable":true,"href":"https:\/\/pizbube.ch\/en\/wp-json\/wp\/v2\/product_brand?post=163780"},{"taxonomy":"product_cat","embeddable":true,"href":"https:\/\/pizbube.ch\/en\/wp-json\/wp\/v2\/product_cat?post=163780"},{"taxonomy":"product_tag","embeddable":true,"href":"https:\/\/pizbube.ch\/en\/wp-json\/wp\/v2\/product_tag?post=163780"}],"curies":[{"name":"wp","href":"https:\/\/api.w.org\/{rel}","templated":true}]}}