{"id":163785,"date":"2022-10-03T16:49:27","date_gmt":"2022-10-03T14:49:27","guid":{"rendered":"https:\/\/pizbube.ch\/?post_type=product&#038;p=163785"},"modified":"2022-11-22T09:51:01","modified_gmt":"2022-11-22T08:51:01","slug":"berg-2023-alpenvereinsjahrbuch","status":"publish","type":"product","link":"https:\/\/pizbube.ch\/en\/shop\/berg-2023-alpenvereinsjahrbuch\/","title":{"rendered":"BERG 2023 &#8211; Alpenvereinsjahrbuch"},"content":{"rendered":"<p>Das traditionell vielseitige Portfolio alpiner Themen f\u00fcr Menschen, die die Berge lieben<\/p>\n<p>\u201eEine gr\u00f6ssere Weltabgeschiedenheit l\u00e4sst sich f\u00fcr wahr auf keinem anderen Berggipfel finden als auf der Wildspitze.\u201c Diese Worte notierte der Geograf Anton von Ruthner nach seiner Besteigung des h\u00f6chsten Gipfels der \u00d6tztaler Alpen im Jahr 1861. Heute ist die Wildspitze, stolze 3768 Meter hoch, einer der popul\u00e4rsten Dreitausender des Landes. In den BergWelten, dem gro\u00dfen Gebietsthema des Alpenvereinsjahrbuchs BERG 2023, dreht sich alles um den zweith\u00f6chsten Berg \u00d6sterreichs, dessen \u201eWeltabgeschiedenheit\u201c l\u00e4ngst Geschichte ist. Die Menschen am Fu\u00df des Berges bedauern das nicht.<\/p>\n<p>BergFokus beleuchtet ein Bergsportger\u00e4t, dessen steiler Aufstieg vor rund 40 Jahren begann: das Mountainbike. Dem Alpenverein beschert es seitdem viele begeisterte Nutzer \u2013 und lebhafte Diskussionen, denn auf seinen Wegen und in seinen H\u00fctten begegnen sich nun Fu\u00dfg\u00e4nger und Radfahrer. Kann das gutgehen? Und was macht eigentlich die Faszination und den Erlebniswert des Bergrades aus?<\/p>\n<p>Die Rubrik BergSteigen liefert u. a. eine \u00dcbersicht \u00fcber das internationale Bergsportgeschehen und geht dabei den Fragen nach, welche Leistungen im Bergsport es wert sind, festgehalten und herausgestellt zu werden. BergMenschen bringt herausragende Pers\u00f6nlichkeiten vor den Vorhang, wie die Vorarlberger \u201eTrad-Kletterqueen\u201c Barbara Zangerl oder den nepalesischen 8000er-Rekordmann Nirmal Purja. BergWissen zeigt, vor welchen Herausforderungen die Gletscherforschung aktuell steht und berichtet vom Verschwinden der traditionellen Almwirtschaft. BergKultur widmet sich augenzwinkernd dem feinen Unterschied: Hei\u00dft es nun Ski oder Schi? Kaum zu glauben, welche tiefgreifenden kulturellen Unterschiede sich darin offenbaren.<\/p>\n<p>Hardcover<br \/>\n256 Seiten; 263 farb. Abb. und 40 sw. Abb.; 26 cm x 21 cm<br \/>\n1. Auflage<\/p>","protected":false},"excerpt":{"rendered":"<p>Das traditionell vielseitige Portfolio alpiner Themen f\u00fcr Menschen, die die Berge lieben \u201eEine gr\u00f6ssere Weltabgeschiedenheit l\u00e4sst sich f\u00fcr wahr auf keinem anderen Berggipfel finden als auf der Wildspitze.\u201c Diese Worte notierte der Geograf Anton von Ruthner nach seiner Besteigung des h\u00f6chsten Gipfels der \u00d6tztaler Alpen im Jahr 1861. Heute ist die Wildspitze, stolze 3768 Meter [&#8230;]\n","protected":false},"featured_media":163786,"template":"","meta":[],"product_brand":[],"product_cat":[21542],"product_tag":[],"class_list":{"0":"post-163785","1":"product","2":"type-product","3":"status-publish","4":"has-post-thumbnail","6":"product_cat-sachbuecher-dokumentationen","7":"pa_autor-koehler-klemmer","8":"pa_erscheinungsjahr-27013","9":"pa_region-deutschland","10":"pa_region-oesterreich","11":"pa_sprache-de","13":"first","14":"instock","15":"taxable","16":"shipping-taxable","17":"purchasable","18":"product-type-simple"},"_links":{"self":[{"href":"https:\/\/pizbube.ch\/en\/wp-json\/wp\/v2\/product\/163785","targetHints":{"allow":["GET"]}}],"collection":[{"href":"https:\/\/pizbube.ch\/en\/wp-json\/wp\/v2\/product"}],"about":[{"href":"https:\/\/pizbube.ch\/en\/wp-json\/wp\/v2\/types\/product"}],"wp:featuredmedia":[{"embeddable":true,"href":"https:\/\/pizbube.ch\/en\/wp-json\/wp\/v2\/media\/163786"}],"wp:attachment":[{"href":"https:\/\/pizbube.ch\/en\/wp-json\/wp\/v2\/media?parent=163785"}],"wp:term":[{"taxonomy":"product_brand","embeddable":true,"href":"https:\/\/pizbube.ch\/en\/wp-json\/wp\/v2\/product_brand?post=163785"},{"taxonomy":"product_cat","embeddable":true,"href":"https:\/\/pizbube.ch\/en\/wp-json\/wp\/v2\/product_cat?post=163785"},{"taxonomy":"product_tag","embeddable":true,"href":"https:\/\/pizbube.ch\/en\/wp-json\/wp\/v2\/product_tag?post=163785"}],"curies":[{"name":"wp","href":"https:\/\/api.w.org\/{rel}","templated":true}]}}