{"id":163789,"date":"2022-10-03T17:06:19","date_gmt":"2022-10-03T15:06:19","guid":{"rendered":"https:\/\/pizbube.ch\/?post_type=product&#038;p=163789"},"modified":"2022-10-03T17:06:20","modified_gmt":"2022-10-03T15:06:20","slug":"boulder-la-dehesa-de-candelario","status":"publish","type":"product","link":"https:\/\/pizbube.ch\/en\/shop\/boulder-la-dehesa-de-candelario\/","title":{"rendered":"Boulder La Dehesa de Candelario"},"content":{"rendered":"<p>La Dehesa es, hoy d\u00eda, un referente de la escalada en bloque de nuestro pa\u00eds. Situada a escasos 4 kil\u00f3metros de la localidad de Candelario, en Salamanca, el bosque de La Dehesa cobija centenares de bloques de excelente calidad. El entorno natural es excepcional, con una belleza incomparable, y la fusi\u00f3n del entorno y sus bloques hace de esta zona un verdadero ed\u00e9n del boulder.<\/p>\n<p>Los bloques est\u00e1n dispersos entre praderas o en lo m\u00e1s profundo del bosque, en su mayor\u00eda se ubican en valles formados por las cuencas de los r\u00edos y arroyos que discurren por la zona. Una de sus caracter\u00edsticas son los desplomes con regletas, de ah\u00ed la calidad de sus problemas, aunque tambi\u00e9n hay bloques de placa y alg\u00fan que otro techo. La altura es de lo m\u00e1s variada: hay bloques abiertos de hasta 7 metros de altura, pero por lo general la altura media es de 4 metros.<\/p>\n<p>Esta zona de boulder ofrece problemas de lo m\u00e1s variado: es ideal para escaladores de grado medio o para aquellos que quieran tener el primer contacto con el mundo del boulder; es ideal tambi\u00e9n para las familias, ya que muchos de sus sectores tienen f\u00e1cil acceso, y posee mucho atractivo para los escaladores que busquen los problemas m\u00e1s complicados o de alta dificultad, con un potencial enorme de proyectos y boulder de octavo grado.<br \/>\nEn la actualidad, La Dehesa cuenta con 875 problemas, repartidos en 17 sectores, con much\u00edsimas m\u00e1s posibilidades de aperturas, tanto de nuevos problemas de boulder como de nuevos sectores, el potencial de esta zona es enorme. Esta gu\u00eda presenta 11 sectores.<\/p>\n<p>Dimensiones: 15 cm x 21 cm<br \/>\nN\u00ba P\u00e1g.:144<br \/>\nIdiomas:Castellano<\/p>","protected":false},"excerpt":{"rendered":"<p>La Dehesa es, hoy d\u00eda, un referente de la escalada en bloque de nuestro pa\u00eds. Situada a escasos 4 kil\u00f3metros de la localidad de Candelario, en Salamanca, el bosque de La Dehesa cobija centenares de bloques de excelente calidad. El entorno natural es excepcional, con una belleza incomparable, y la fusi\u00f3n del entorno y sus [&#8230;]\n","protected":false},"featured_media":163790,"template":"","meta":[],"product_brand":[],"product_cat":[21539],"product_tag":[],"class_list":{"0":"post-163789","1":"product","2":"type-product","3":"status-publish","4":"has-post-thumbnail","6":"product_cat-fuehrerliteratur-sportklettern-bouldern","7":"pa_autor-lopez","8":"pa_erscheinungsjahr-27013","9":"pa_region-spanien","10":"pa_sprache-en-es","12":"first","13":"instock","14":"taxable","15":"shipping-taxable","16":"purchasable","17":"product-type-simple"},"_links":{"self":[{"href":"https:\/\/pizbube.ch\/en\/wp-json\/wp\/v2\/product\/163789","targetHints":{"allow":["GET"]}}],"collection":[{"href":"https:\/\/pizbube.ch\/en\/wp-json\/wp\/v2\/product"}],"about":[{"href":"https:\/\/pizbube.ch\/en\/wp-json\/wp\/v2\/types\/product"}],"wp:featuredmedia":[{"embeddable":true,"href":"https:\/\/pizbube.ch\/en\/wp-json\/wp\/v2\/media\/163790"}],"wp:attachment":[{"href":"https:\/\/pizbube.ch\/en\/wp-json\/wp\/v2\/media?parent=163789"}],"wp:term":[{"taxonomy":"product_brand","embeddable":true,"href":"https:\/\/pizbube.ch\/en\/wp-json\/wp\/v2\/product_brand?post=163789"},{"taxonomy":"product_cat","embeddable":true,"href":"https:\/\/pizbube.ch\/en\/wp-json\/wp\/v2\/product_cat?post=163789"},{"taxonomy":"product_tag","embeddable":true,"href":"https:\/\/pizbube.ch\/en\/wp-json\/wp\/v2\/product_tag?post=163789"}],"curies":[{"name":"wp","href":"https:\/\/api.w.org\/{rel}","templated":true}]}}