{"id":163791,"date":"2022-10-03T17:08:32","date_gmt":"2022-10-03T15:08:32","guid":{"rendered":"https:\/\/pizbube.ch\/?post_type=product&#038;p=163791"},"modified":"2026-03-26T15:29:21","modified_gmt":"2026-03-26T14:29:21","slug":"guia-de-escalada-en-navarra","status":"publish","type":"product","link":"https:\/\/pizbube.ch\/en\/shop\/guia-de-escalada-en-navarra\/","title":{"rendered":"Guia de Escalada en Navarra"},"content":{"rendered":"<p>Esta Gu\u00eda de Escalada en Navarra llega renovada y aumentada, con a\u00f1os de experiencia detr\u00e1s. Ha sido un trabajo arduo y largo, con mucho detalle para que los escaladores acierten con la v\u00eda que buscan, ya sean los que conocen estas paredes, los que quieren descubrir otras nuevas, o quienes llegan de otros territorios. Pero es una gu\u00eda distinta a otras. Hay informaci\u00f3n fiable y contrastada con muchos amigos, escaladores y equipadores. He incluido p\u00edldoras de informaci\u00f3n referidas a la protecci\u00f3n medioambiental, a las aves rapaces y plantas; cuestiones t\u00e9cnicas y de seguridad, de comportamiento y actuaci\u00f3n.<\/p>\n<p>Recoge 29 zonas de escalada, 230 sectores y cientos de v\u00edas. Es una gu\u00eda muy pensada. Cada raya, cada dato y cada foto han sido hechos con una planificaci\u00f3n e intenci\u00f3n. Es la misma atenci\u00f3n que pongo a pie de pared antes de encaramarme para hacer una v\u00eda.<\/p>\n<p>Dimensiones: 21.5 cm x 15.3 cm<br \/>\nN\u00ba P\u00e1g.:407<br \/>\nIdiomas:Castellano, Euskera<\/p>\n<div class=\"pa_content\">\n<div class=\"rte\">\n<p><span class=\"VIiyi\" lang=\"en\" xml:lang=\"en\"><span class=\"JLqJ4b ChMk0b\"><span class=\"Q4iAWc\">\u201cThis Guide to Climbing in Navarra has been renewed and increased, with years of experience behind it.<\/span><\/span> <span class=\"JLqJ4b ChMk0b\"><span class=\"Q4iAWc\">It has been long and arduous work, with a lot of detail so that climbers can find the route they are looking for, whether they are those who know these walls, those who want to discover new ones, or those who come from other territories.<\/span><\/span> <span class=\"JLqJ4b ChMk0b\"><span class=\"Q4iAWc\">But it is a guide different from others.<\/span><\/span> <span class=\"JLqJ4b ChMk0b\"><span class=\"Q4iAWc\">There is reliable and contrasted information with many friends, climbers and outfitters.<\/span><\/span> <span class=\"JLqJ4b ChMk0b\"><span class=\"Q4iAWc\">I have included information pills referring to environmental protection, birds of prey and plants;<\/span><\/span> <span class=\"JLqJ4b ChMk0b\"><span class=\"Q4iAWc\">technical and safety issues, behavior and action.<\/span><\/span> <span class=\"JLqJ4b ChMk0b\"><span class=\"Q4iAWc\">Collect 29 climbing areas, 230 sectors and hundreds of routes.<\/span><\/span> <span class=\"JLqJ4b ChMk0b\"><span class=\"Q4iAWc\">It is a very thoughtful guide.<\/span><\/span> <span class=\"JLqJ4b ChMk0b\"><span class=\"Q4iAWc\">Each line, each data and each photo have been made with planning and intention.<\/span><\/span> <span class=\"JLqJ4b ChMk0b\"><span class=\"Q4iAWc\">It is the same attention that I put at the foot of the wall before climbing to make a route\u201d.<\/span><\/span><\/span><\/p>\n<\/div>\n<\/div>","protected":false},"excerpt":{"rendered":"<p>Esta Gu\u00eda de Escalada en Navarra llega renovada y aumentada, con a\u00f1os de experiencia detr\u00e1s. Ha sido un trabajo arduo y largo, con mucho detalle para que los escaladores acierten con la v\u00eda que buscan, ya sean los que conocen estas paredes, los que quieren descubrir otras nuevas, o quienes llegan de otros territorios. Pero [&#8230;]\n","protected":false},"featured_media":163793,"template":"","meta":[],"product_brand":[],"product_cat":[21539],"product_tag":[],"class_list":{"0":"post-163791","1":"product","2":"type-product","3":"status-publish","4":"has-post-thumbnail","6":"product_cat-fuehrerliteratur-sportklettern-bouldern","7":"pa_autor-velazquez","8":"pa_erscheinungsjahr-27013","9":"pa_region-spanien","10":"pa_sprache-sp","12":"first","13":"onbackorder","14":"taxable","15":"shipping-taxable","16":"purchasable","17":"product-type-simple"},"_links":{"self":[{"href":"https:\/\/pizbube.ch\/en\/wp-json\/wp\/v2\/product\/163791","targetHints":{"allow":["GET"]}}],"collection":[{"href":"https:\/\/pizbube.ch\/en\/wp-json\/wp\/v2\/product"}],"about":[{"href":"https:\/\/pizbube.ch\/en\/wp-json\/wp\/v2\/types\/product"}],"wp:featuredmedia":[{"embeddable":true,"href":"https:\/\/pizbube.ch\/en\/wp-json\/wp\/v2\/media\/163793"}],"wp:attachment":[{"href":"https:\/\/pizbube.ch\/en\/wp-json\/wp\/v2\/media?parent=163791"}],"wp:term":[{"taxonomy":"product_brand","embeddable":true,"href":"https:\/\/pizbube.ch\/en\/wp-json\/wp\/v2\/product_brand?post=163791"},{"taxonomy":"product_cat","embeddable":true,"href":"https:\/\/pizbube.ch\/en\/wp-json\/wp\/v2\/product_cat?post=163791"},{"taxonomy":"product_tag","embeddable":true,"href":"https:\/\/pizbube.ch\/en\/wp-json\/wp\/v2\/product_tag?post=163791"}],"curies":[{"name":"wp","href":"https:\/\/api.w.org\/{rel}","templated":true}]}}