{"id":163802,"date":"2022-10-14T09:46:10","date_gmt":"2022-10-14T07:46:10","guid":{"rendered":"https:\/\/pizbube.ch\/?post_type=product&#038;p=163802"},"modified":"2022-10-14T09:46:10","modified_gmt":"2022-10-14T07:46:10","slug":"3000-ortles-cevedale-vol-2","status":"publish","type":"product","link":"https:\/\/pizbube.ch\/en\/shop\/3000-ortles-cevedale-vol-2\/","title":{"rendered":"3000 Ortles-Cevedale Vol. 2"},"content":{"rendered":"<div class=\"woocommerce-product-details__short-description\">\n<p>Il secondo volume dedicato al gruppo Ortles-Cevedale si concentra sulle cime principali di questa magnifica area montuosa.<\/p>\n<p>Dopo aver passato in rassegna, con il volume 1, il Monte Cevedale e tutte le numerose vette attorno a esso, questo volume va a prendere in considerazione l\u2019Ortles, la cima pi\u00f9 alta, e il Gran Zebr\u00f9, probabilmente la pi\u00f9 bella e impervia. L\u2019intera zona \u00e8 famosa per un alpinismo di ampio respiro, dove i ghiacciai, seppur ridotti a causa del cambiamento climatico, rimangono i protagonisti per le lunghe e magnifiche ascensioni. Completa il volume l\u2019intera area di Cima Vertana, altra perla del gruppo.<\/p>\n<p>In totale il libro illustra, con precise descrizioni e splendide fotografie, la salita a 53 cime superiori ai 3000 metri.<\/p>\n<p>Pagine: 256<br \/>\nPrima Ediz. 2022<\/p>\n<\/div>","protected":false},"excerpt":{"rendered":"<p>Il secondo volume dedicato al gruppo Ortles-Cevedale si concentra sulle cime principali di questa magnifica area montuosa. Dopo aver passato in rassegna, con il volume 1, il Monte Cevedale e tutte le numerose vette attorno a esso, questo volume va a prendere in considerazione l\u2019Ortles, la cima pi\u00f9 alta, e il Gran Zebr\u00f9, probabilmente la [&#8230;]\n","protected":false},"featured_media":163803,"template":"","meta":[],"product_brand":[],"product_cat":[21544],"product_tag":[],"class_list":{"0":"post-163802","1":"product","2":"type-product","3":"status-publish","4":"has-post-thumbnail","6":"product_cat-fuehrerliteratur-alpin-sommer","7":"pa_autor-bedogni-bosisio-fangareggi","8":"pa_erscheinungsjahr-27013","9":"pa_region-italien","10":"pa_sprache-it","12":"first","13":"instock","14":"taxable","15":"shipping-taxable","16":"purchasable","17":"product-type-simple"},"_links":{"self":[{"href":"https:\/\/pizbube.ch\/en\/wp-json\/wp\/v2\/product\/163802","targetHints":{"allow":["GET"]}}],"collection":[{"href":"https:\/\/pizbube.ch\/en\/wp-json\/wp\/v2\/product"}],"about":[{"href":"https:\/\/pizbube.ch\/en\/wp-json\/wp\/v2\/types\/product"}],"wp:featuredmedia":[{"embeddable":true,"href":"https:\/\/pizbube.ch\/en\/wp-json\/wp\/v2\/media\/163803"}],"wp:attachment":[{"href":"https:\/\/pizbube.ch\/en\/wp-json\/wp\/v2\/media?parent=163802"}],"wp:term":[{"taxonomy":"product_brand","embeddable":true,"href":"https:\/\/pizbube.ch\/en\/wp-json\/wp\/v2\/product_brand?post=163802"},{"taxonomy":"product_cat","embeddable":true,"href":"https:\/\/pizbube.ch\/en\/wp-json\/wp\/v2\/product_cat?post=163802"},{"taxonomy":"product_tag","embeddable":true,"href":"https:\/\/pizbube.ch\/en\/wp-json\/wp\/v2\/product_tag?post=163802"}],"curies":[{"name":"wp","href":"https:\/\/api.w.org\/{rel}","templated":true}]}}