{"id":163804,"date":"2022-10-04T09:19:11","date_gmt":"2022-10-04T07:19:11","guid":{"rendered":"https:\/\/pizbube.ch\/?post_type=product&#038;p=163804"},"modified":"2022-10-04T09:19:11","modified_gmt":"2022-10-04T07:19:11","slug":"barrancos-de-andalucia-30-descensos","status":"publish","type":"product","link":"https:\/\/pizbube.ch\/en\/shop\/barrancos-de-andalucia-30-descensos\/","title":{"rendered":"Barrancos de Andaluc\u00eda &#8211; 30 descensos"},"content":{"rendered":"<p>Rese\u00f1ar los 30 mejores barrancos de Andaluc\u00eda ser\u00eda una tarea pr\u00e1cticamente imposible, ya que cada barranquista tiene su lista de los mejores. Si bien, suele haber coincidencias sobre cu\u00e1l es el mejor con respecto a alguna caracter\u00edstica en concreto, por ejemplo, \u00bfcu\u00e1l es el m\u00e1s l\u00fadico? La gran mayor\u00eda contestar\u00eda que R\u00edo Verde; o \u00bfcu\u00e1l es el m\u00e1s espectacular? Pues es probable que la catedral de los barrancos de Andaluc\u00eda: Buitreras; o \u00bfcu\u00e1l es el m\u00e1s dif\u00edcil y t\u00e9cnico? Seguramente responder\u00edan que Trev\u00e9lez. Esta gu\u00eda recopila esos descensos que por alg\u00fan motivo tienen alg\u00fan encanto o caracter\u00edstica que lo hacen especial.<\/p>\n<p>Una gu\u00eda con toda la informaci\u00f3n pr\u00e1ctica para que puedas planificar tu descenso y disfrutar de una jornada barranquista: horarios, dificultad, ubicaci\u00f3n en Google Maps de los aparcamientos, descripci\u00f3n y tracks GPS de cada aproximaci\u00f3n y retorno, etc. Todo ilustrado con detallados croquis de cada descenso, mapas de situaci\u00f3n y las fotos m\u00e1s representativas. Adem\u00e1s, tambi\u00e9n encontrar\u00e1s informaci\u00f3n complementaria de inter\u00e9s sobre geomorfolog\u00eda e hidrolog\u00eda, as\u00ed como toponimia, historia y cultura de la zona que te ayudar\u00e1n a conocer mejor tu terreno de aventura<\/p>\n<p>Encuadernaci\u00f3n: R\u00fastica<br \/>\nDimensiones: 14 cm x 21 cm<br \/>\nN\u00ba P\u00e1g.: 240<\/p>","protected":false},"excerpt":{"rendered":"<p>Rese\u00f1ar los 30 mejores barrancos de Andaluc\u00eda ser\u00eda una tarea pr\u00e1cticamente imposible, ya que cada barranquista tiene su lista de los mejores. Si bien, suele haber coincidencias sobre cu\u00e1l es el mejor con respecto a alguna caracter\u00edstica en concreto, por ejemplo, \u00bfcu\u00e1l es el m\u00e1s l\u00fadico? La gran mayor\u00eda contestar\u00eda que R\u00edo Verde; o \u00bfcu\u00e1l [&#8230;]\n","protected":false},"featured_media":163805,"template":"","meta":[],"product_brand":[],"product_cat":[21650],"product_tag":[],"class_list":{"0":"post-163804","1":"product","2":"type-product","3":"status-publish","4":"has-post-thumbnail","6":"product_cat-canyoningfuehrer","7":"pa_autor-plaza","8":"pa_erscheinungsjahr-27013","9":"pa_region-spanien","10":"pa_sprache-es","12":"first","13":"instock","14":"taxable","15":"shipping-taxable","16":"purchasable","17":"product-type-simple"},"_links":{"self":[{"href":"https:\/\/pizbube.ch\/en\/wp-json\/wp\/v2\/product\/163804","targetHints":{"allow":["GET"]}}],"collection":[{"href":"https:\/\/pizbube.ch\/en\/wp-json\/wp\/v2\/product"}],"about":[{"href":"https:\/\/pizbube.ch\/en\/wp-json\/wp\/v2\/types\/product"}],"wp:featuredmedia":[{"embeddable":true,"href":"https:\/\/pizbube.ch\/en\/wp-json\/wp\/v2\/media\/163805"}],"wp:attachment":[{"href":"https:\/\/pizbube.ch\/en\/wp-json\/wp\/v2\/media?parent=163804"}],"wp:term":[{"taxonomy":"product_brand","embeddable":true,"href":"https:\/\/pizbube.ch\/en\/wp-json\/wp\/v2\/product_brand?post=163804"},{"taxonomy":"product_cat","embeddable":true,"href":"https:\/\/pizbube.ch\/en\/wp-json\/wp\/v2\/product_cat?post=163804"},{"taxonomy":"product_tag","embeddable":true,"href":"https:\/\/pizbube.ch\/en\/wp-json\/wp\/v2\/product_tag?post=163804"}],"curies":[{"name":"wp","href":"https:\/\/api.w.org\/{rel}","templated":true}]}}