{"id":163812,"date":"2022-10-04T12:35:23","date_gmt":"2022-10-04T10:35:23","guid":{"rendered":"https:\/\/pizbube.ch\/?post_type=product&#038;p=163812"},"modified":"2025-06-17T14:19:39","modified_gmt":"2025-06-17T12:19:39","slug":"sur-les-falaises-de-gres-topo-descalade-des-vosges-du-nord-2","status":"publish","type":"product","link":"https:\/\/pizbube.ch\/en\/shop\/sur-les-falaises-de-gres-topo-descalade-des-vosges-du-nord-2\/","title":{"rendered":"sur les falaises de gres &#8211; Topo d&#8217;escalade des Vosges du Nord"},"content":{"rendered":"<p>Topos d&#8217;escalade des Vosges du Nord &#8211; Nordvogesen<\/p>\n<p>Topof\u00fchrer, vom Windstein bis zum Falkenstein, 45 Gebiete sind beschrieben.<br \/>\nDas Standardwerk f\u00fcr die Nordvogesen!<\/p>\n<p>Dieser Kletterf\u00fchrer enth\u00e4lt 2100 Routen in 45 Klettergebieten rund um Niederbronn, Saverne und Schirmeck in den n\u00f6rdlichen Vogesen. Jedes Klettergebiet ist mit GPS-Daten, Wandausrichtungen, maximaler Routenh\u00f6he und Schwierigkeitsgraden ausgestattet. Die Beschreibung der Zug\u00e4nge ist auf franz\u00f6sisch und deutsch enthalten. Der F\u00fchrer ist reich bebildert und stellt die Routen der W\u00e4nde in Zeichnungen dar.<\/p>\n<p><strong>Enthaltene Gebiete (Auswahl)<\/strong>: Windstein, Wachtfels, Sandkopf, Rocher Philippe, Soulzerkopf, Kobus, Rocher du Lion, Geissfels, Spille, Krappenfels-Haberacker, Roches Plates, Falkenfels, Hohwalsch, Klingenstein, Neuntelstein, Chateau de la Roche, Falkenstein<\/p>\n<p>Sprache Franzs\u00f6sisch \/ teilweise Deutsch (z.B. Zug\u00e4nge zum Sektor, zur Wand sowie allg. Info\u00b4s wie \u00dcbernachtung etc.)<\/p>\n<ul>\n<li>45 falaises<\/li>\n<li>388 pages<\/li>\n<li>Topo en couleur<\/li>\n<li>140 photos<\/li>\n<li>+ de 2000 voies dont 70 nouvelles<\/li>\n<li>Acc\u00e8s traduits en allemand<\/li>\n<li>Format: 14&#215;18 cm<\/li>\n<\/ul>\n<ul>\n<li>45 cliffs<\/li>\n<li>388 pages<\/li>\n<li>Full color guidebook<\/li>\n<li>140 pictures<\/li>\n<li>more than 2000 routes and 70 new<\/li>\n<li>All the accesses are translated into German<\/li>\n<li>Format: 14&#215;18 cm<\/li>\n<\/ul>","protected":false},"excerpt":{"rendered":"<p>Topos d&#8217;escalade des Vosges du Nord &#8211; Nordvogesen Topof\u00fchrer, vom Windstein bis zum Falkenstein, 45 Gebiete sind beschrieben. Das Standardwerk f\u00fcr die Nordvogesen! Dieser Kletterf\u00fchrer enth\u00e4lt 2100 Routen in 45 Klettergebieten rund um Niederbronn, Saverne und Schirmeck in den n\u00f6rdlichen Vogesen. Jedes Klettergebiet ist mit GPS-Daten, Wandausrichtungen, maximaler Routenh\u00f6he und Schwierigkeitsgraden ausgestattet. Die Beschreibung der [&#8230;]\n","protected":false},"featured_media":163813,"template":"","meta":[],"product_brand":[],"product_cat":[21539],"product_tag":[26948],"class_list":{"0":"post-163812","1":"product","2":"type-product","3":"status-publish","4":"has-post-thumbnail","6":"product_cat-fuehrerliteratur-sportklettern-bouldern","7":"product_tag-vogesen","8":"pa_autor-baudry-corby-bilger-chabrier","9":"pa_erscheinungsjahr-27013","10":"pa_region-frankreich","11":"pa_sprache-fr-en","13":"first","14":"instock","15":"taxable","16":"shipping-taxable","17":"purchasable","18":"product-type-simple"},"_links":{"self":[{"href":"https:\/\/pizbube.ch\/en\/wp-json\/wp\/v2\/product\/163812","targetHints":{"allow":["GET"]}}],"collection":[{"href":"https:\/\/pizbube.ch\/en\/wp-json\/wp\/v2\/product"}],"about":[{"href":"https:\/\/pizbube.ch\/en\/wp-json\/wp\/v2\/types\/product"}],"wp:featuredmedia":[{"embeddable":true,"href":"https:\/\/pizbube.ch\/en\/wp-json\/wp\/v2\/media\/163813"}],"wp:attachment":[{"href":"https:\/\/pizbube.ch\/en\/wp-json\/wp\/v2\/media?parent=163812"}],"wp:term":[{"taxonomy":"product_brand","embeddable":true,"href":"https:\/\/pizbube.ch\/en\/wp-json\/wp\/v2\/product_brand?post=163812"},{"taxonomy":"product_cat","embeddable":true,"href":"https:\/\/pizbube.ch\/en\/wp-json\/wp\/v2\/product_cat?post=163812"},{"taxonomy":"product_tag","embeddable":true,"href":"https:\/\/pizbube.ch\/en\/wp-json\/wp\/v2\/product_tag?post=163812"}],"curies":[{"name":"wp","href":"https:\/\/api.w.org\/{rel}","templated":true}]}}