{"id":163817,"date":"2022-10-04T14:25:10","date_gmt":"2022-10-04T12:25:10","guid":{"rendered":"https:\/\/pizbube.ch\/?post_type=product&#038;p=163817"},"modified":"2025-04-22T14:23:52","modified_gmt":"2025-04-22T12:23:52","slug":"boulder-asturias","status":"publish","type":"product","link":"https:\/\/pizbube.ch\/en\/shop\/boulder-asturias\/","title":{"rendered":"BOULDER ASTURIAS"},"content":{"rendered":"<p>15 Zonas \/ Crags<br \/>\nmas de 900 problemas \/ more than 900 Boulders<\/p>\n<p>BOULDER ASTURIAS rese\u00f1a toda la informaci\u00f3n necesaria para poder disfrutar de esta modalidad de la escalada. La gu\u00eda permite visibilizar el trabajo, la motivaci\u00f3n e ilusi\u00f3n de todas las personas que durante a\u00f1os se han dedicado a desarrollar las diferentes zonas de boulder en Asturias.<\/p>\n<p>Esta obra recopila casi un millar de problemas, todos sobre im\u00e1genes en color, en arenisca, cuarcita y caliza, siempre en un entorno de gran belleza, tanto de costa como de interior.<\/p>\n<p>Textos en castellano e ingl\u00e9s.<\/p>\n<p>Encuadernaci\u00f3n: R\u00fastica<br \/>\nDimensiones: 21,5 cm x 15 cm<br \/>\nN\u00ba P\u00e1g.: 335<\/p>\n<p>BOULDER ASTURIAS is the first good overview bouldering guide to the diverse bouldering possibilities in this dreamlike corner of Spain. Here, in the rough north of Spain, it is still possible to stretch into the blocks when the rest of the country has long been groaning under the heat.<br \/>\nThe bouldering guide contains almost a thousand problems, all well marked on colour photographs. Bouldering in Asturias always means variety in terms of rock and ambience. The boulders are made of sandstone, quartzite or limestone and are always in beautiful surroundings, both on the coast and inland.<br \/>\n335 pages<br \/>\nLanguage Spanish and English<\/p>","protected":false},"excerpt":{"rendered":"<p>15 Zonas \/ Crags mas de 900 problemas \/ more than 900 Boulders BOULDER ASTURIAS rese\u00f1a toda la informaci\u00f3n necesaria para poder disfrutar de esta modalidad de la escalada. La gu\u00eda permite visibilizar el trabajo, la motivaci\u00f3n e ilusi\u00f3n de todas las personas que durante a\u00f1os se han dedicado a desarrollar las diferentes zonas de [&#8230;]\n","protected":false},"featured_media":163818,"template":"","meta":[],"product_brand":[],"product_cat":[21539],"product_tag":[26870],"class_list":{"0":"post-163817","1":"product","2":"type-product","3":"status-publish","4":"has-post-thumbnail","6":"product_cat-fuehrerliteratur-sportklettern-bouldern","7":"product_tag-asturien","8":"pa_autor-rodriguez","9":"pa_erscheinungsjahr-27013","10":"pa_region-spanien","11":"pa_sprache-es-en","13":"first","14":"onbackorder","15":"taxable","16":"shipping-taxable","17":"purchasable","18":"product-type-simple"},"_links":{"self":[{"href":"https:\/\/pizbube.ch\/en\/wp-json\/wp\/v2\/product\/163817","targetHints":{"allow":["GET"]}}],"collection":[{"href":"https:\/\/pizbube.ch\/en\/wp-json\/wp\/v2\/product"}],"about":[{"href":"https:\/\/pizbube.ch\/en\/wp-json\/wp\/v2\/types\/product"}],"wp:featuredmedia":[{"embeddable":true,"href":"https:\/\/pizbube.ch\/en\/wp-json\/wp\/v2\/media\/163818"}],"wp:attachment":[{"href":"https:\/\/pizbube.ch\/en\/wp-json\/wp\/v2\/media?parent=163817"}],"wp:term":[{"taxonomy":"product_brand","embeddable":true,"href":"https:\/\/pizbube.ch\/en\/wp-json\/wp\/v2\/product_brand?post=163817"},{"taxonomy":"product_cat","embeddable":true,"href":"https:\/\/pizbube.ch\/en\/wp-json\/wp\/v2\/product_cat?post=163817"},{"taxonomy":"product_tag","embeddable":true,"href":"https:\/\/pizbube.ch\/en\/wp-json\/wp\/v2\/product_tag?post=163817"}],"curies":[{"name":"wp","href":"https:\/\/api.w.org\/{rel}","templated":true}]}}