{"id":163880,"date":"2022-10-06T09:40:37","date_gmt":"2022-10-06T07:40:37","guid":{"rendered":"https:\/\/pizbube.ch\/?post_type=product&#038;p=163880"},"modified":"2022-12-14T09:32:09","modified_gmt":"2022-12-14T08:32:09","slug":"escalade-en-salle-sinitier-et-progresser","status":"publish","type":"product","link":"https:\/\/pizbube.ch\/en\/shop\/escalade-en-salle-sinitier-et-progresser\/","title":{"rendered":"Escalade en salle &#8211; S&#8217;initier et progresser"},"content":{"rendered":"<div class=\"field field-name-hw-presentation-editoriale field-type-text-long field-label-hidden\">\n<div class=\"field-items\">\n<div class=\"field-item even\">\n<p>LE guide indispensable \u00e0 tous ceux qui grimpent en salle et veulent s\u2019initier ou progresser.<\/p>\n<p>La pratique de l\u2019escalade a profond\u00e9ment \u00e9volu\u00e9 au cours des dix derni\u00e8res ann\u00e9es. En France, ils seraient plus d\u2019un million \u00e0 grimper r\u00e9guli\u00e8rement ou occasionnellement, dont 60\u00a0% sur les fameuses SAE, structures artificielles d\u2019escalade. Une dynamique qui n\u2019est pas pr\u00e8s de s\u2019essouffler avec l\u2019arriv\u00e9e de ce sport aux Jeux olympiques de Tokyo en 2020.<\/p>\n<p>Comment s\u2019\u00e9quiper, comprendre les \u00e9chelles de difficult\u00e9, ma\u00eetriser les techniques de base, grimper en s\u00e9curit\u00e9, d\u00e9passer la peur de la chute, d\u00e9velopper sa force, aborder l\u2019escalade avec des enfants\u2026 les deux auteurs, respectivement moniteur d\u2019escalade et vice-championne du monde de la discipline, partagent leur savoir-faire dans ce guide qui r\u00e9pond \u00e0 toutes les questions que l\u2019on peut se poser. Une nouvelle \u00e9dition compl\u00e8tement mise \u00e0 jour, avec notamment les indispensables du mat\u00e9riel \u00e0 avoir.<\/p>\n<\/div>\n<\/div>\n<\/div>","protected":false},"excerpt":{"rendered":"<p>LE guide indispensable \u00e0 tous ceux qui grimpent en salle et veulent s\u2019initier ou progresser. La pratique de l\u2019escalade a profond\u00e9ment \u00e9volu\u00e9 au cours des dix derni\u00e8res ann\u00e9es. En France, ils seraient plus d\u2019un million \u00e0 grimper r\u00e9guli\u00e8rement ou occasionnellement, dont 60\u00a0% sur les fameuses SAE, structures artificielles d\u2019escalade. Une dynamique qui n\u2019est pas pr\u00e8s [&#8230;]\n","protected":false},"featured_media":163881,"template":"","meta":[],"product_brand":[],"product_cat":[21538],"product_tag":[],"class_list":{"0":"post-163880","1":"product","2":"type-product","3":"status-publish","4":"has-post-thumbnail","6":"product_cat-lehrbuecher","7":"pa_autor-broussouloux-guyon","8":"pa_erscheinungsjahr-27013","9":"pa_region-klettertechnik","10":"pa_sprache-fr","12":"first","13":"instock","14":"taxable","15":"shipping-taxable","16":"purchasable","17":"product-type-simple"},"_links":{"self":[{"href":"https:\/\/pizbube.ch\/en\/wp-json\/wp\/v2\/product\/163880","targetHints":{"allow":["GET"]}}],"collection":[{"href":"https:\/\/pizbube.ch\/en\/wp-json\/wp\/v2\/product"}],"about":[{"href":"https:\/\/pizbube.ch\/en\/wp-json\/wp\/v2\/types\/product"}],"wp:featuredmedia":[{"embeddable":true,"href":"https:\/\/pizbube.ch\/en\/wp-json\/wp\/v2\/media\/163881"}],"wp:attachment":[{"href":"https:\/\/pizbube.ch\/en\/wp-json\/wp\/v2\/media?parent=163880"}],"wp:term":[{"taxonomy":"product_brand","embeddable":true,"href":"https:\/\/pizbube.ch\/en\/wp-json\/wp\/v2\/product_brand?post=163880"},{"taxonomy":"product_cat","embeddable":true,"href":"https:\/\/pizbube.ch\/en\/wp-json\/wp\/v2\/product_cat?post=163880"},{"taxonomy":"product_tag","embeddable":true,"href":"https:\/\/pizbube.ch\/en\/wp-json\/wp\/v2\/product_tag?post=163880"}],"curies":[{"name":"wp","href":"https:\/\/api.w.org\/{rel}","templated":true}]}}