{"id":163974,"date":"2022-10-12T11:08:10","date_gmt":"2022-10-12T09:08:10","guid":{"rendered":"https:\/\/pizbube.ch\/?post_type=product&#038;p=163974"},"modified":"2022-10-12T11:42:52","modified_gmt":"2022-10-12T09:42:52","slug":"jimmy-chin-bilder-aus-einer-welt-der-extreme","status":"publish","type":"product","link":"https:\/\/pizbube.ch\/en\/shop\/jimmy-chin-bilder-aus-einer-welt-der-extreme\/","title":{"rendered":"Jimmy Chin: Bilder aus einer Welt der Extreme"},"content":{"rendered":"<p class=\"h6 font-weight-normal\">200 spektakul\u00e4re Fotos des preisgekr\u00f6nten Fotografen und Regisseurs von FREE SOLO<\/p>\n<p>Der Weltklasse-Bergsteiger, Fotograf und preisgekr\u00f6nte Filme-Macher Jimmy Chin l\u00e4dt ein zu einer wahren Tour de Force auf die h\u00f6chsten Gipfel der Erde, in die endlosen Schneew\u00fcsten der Antarktis und die windumtosten Hochebenen Tibets. Von diesen Orten, die nur sehr wenige Menschen je erreichen, bringt er atemberaubende Fotografien von magischer Sch\u00f6nheit mit.<\/p>\n<p>Chin ist ein Extrem-Sportler und Extrem-Fotograf \u2013 an einem Seil \u00fcber dem Abgrund h\u00e4ngend, gelingen ihm eindringliche Portr\u00e4ts von Landschaften und Menschen aus n\u00e4chster N\u00e4he. Jedes seiner Bilder l\u00e4sst die Leidenschaft und Leidensf\u00e4higkeit der Bergsteiger hautnah sp\u00fcren. Gesichter und Landschaften erz\u00e4hlen die Geschichten von Menschen und Orten auf allen sieben Kontinenten.<\/p>\n<p>Hardcover, Pappband, 320 Seiten, 24,0&#215;30,4, 210 farbige Abbildungen<\/p>","protected":false},"excerpt":{"rendered":"<p>200 spektakul\u00e4re Fotos des preisgekr\u00f6nten Fotografen und Regisseurs von FREE SOLO Der Weltklasse-Bergsteiger, Fotograf und preisgekr\u00f6nte Filme-Macher Jimmy Chin l\u00e4dt ein zu einer wahren Tour de Force auf die h\u00f6chsten Gipfel der Erde, in die endlosen Schneew\u00fcsten der Antarktis und die windumtosten Hochebenen Tibets. Von diesen Orten, die nur sehr wenige Menschen je erreichen, bringt [&#8230;]\n","protected":false},"featured_media":163979,"template":"","meta":[],"product_brand":[],"product_cat":[21542],"product_tag":[],"class_list":{"0":"post-163974","1":"product","2":"type-product","3":"status-publish","4":"has-post-thumbnail","6":"product_cat-sachbuecher-dokumentationen","7":"pa_autor-chin","8":"pa_erscheinungsjahr-27013","9":"pa_region-uebrigers-europa","10":"pa_sprache-de","12":"first","13":"instock","14":"taxable","15":"shipping-taxable","16":"purchasable","17":"product-type-simple"},"_links":{"self":[{"href":"https:\/\/pizbube.ch\/en\/wp-json\/wp\/v2\/product\/163974","targetHints":{"allow":["GET"]}}],"collection":[{"href":"https:\/\/pizbube.ch\/en\/wp-json\/wp\/v2\/product"}],"about":[{"href":"https:\/\/pizbube.ch\/en\/wp-json\/wp\/v2\/types\/product"}],"wp:featuredmedia":[{"embeddable":true,"href":"https:\/\/pizbube.ch\/en\/wp-json\/wp\/v2\/media\/163979"}],"wp:attachment":[{"href":"https:\/\/pizbube.ch\/en\/wp-json\/wp\/v2\/media?parent=163974"}],"wp:term":[{"taxonomy":"product_brand","embeddable":true,"href":"https:\/\/pizbube.ch\/en\/wp-json\/wp\/v2\/product_brand?post=163974"},{"taxonomy":"product_cat","embeddable":true,"href":"https:\/\/pizbube.ch\/en\/wp-json\/wp\/v2\/product_cat?post=163974"},{"taxonomy":"product_tag","embeddable":true,"href":"https:\/\/pizbube.ch\/en\/wp-json\/wp\/v2\/product_tag?post=163974"}],"curies":[{"name":"wp","href":"https:\/\/api.w.org\/{rel}","templated":true}]}}