{"id":163995,"date":"2022-10-14T08:54:29","date_gmt":"2022-10-14T06:54:29","guid":{"rendered":"https:\/\/pizbube.ch\/?post_type=product&#038;p=163995"},"modified":"2022-10-14T08:54:29","modified_gmt":"2022-10-14T06:54:29","slug":"hoehlen-und-loecher-wanderungen-zum-innern-der-schweiz","status":"publish","type":"product","link":"https:\/\/pizbube.ch\/en\/shop\/hoehlen-und-loecher-wanderungen-zum-innern-der-schweiz\/","title":{"rendered":"H\u00f6hlen und L\u00f6cher &#8211; Wanderungen zum Innern der Schweiz"},"content":{"rendered":"<p class=\"subheadline\">Erlebnisreiche Touren in allen Schweizer Regionen mit Einblick in Stollen, Balmen, Tunnel und andere Hohlr\u00e4ume<\/p>\n<p>H\u00f6hlen-Klassiker aus der ganzen Schweiz und Geheimtipps.<br \/>\n35 Wanderungen f\u00fcr Naturliebhaber und Familien.<br \/>\nMit praktischen Informationen und Kartenmaterial.<\/p>\n<p>Wer durch W\u00e4lder und \u00fcber Wiesen wandert, durch T\u00e4ler streift oder auf Berge steigt, nimmt den festen Boden unter den F\u00fcssen als selbstverst\u00e4ndlich wahr. Doch der Eindruck t\u00e4uscht. Das Wirken von Gletschern, die Erosionskraft des Wassers und auch die T\u00e4tigkeiten der Menschen haben vielerorts Hohlr\u00e4ume geschaffen, die einen faszinierenden Einblick ins Innenleben der Erde gew\u00e4hren.<\/p>\n<p>Das Wanderbuch pr\u00e4sentiert die sch\u00f6nsten Touren zu diesen verborgenen Orten der Natur. Neben bekannten, touristisch erschlossenen H\u00f6hlensystemen wie den St. Beatus-H\u00f6hlen oder den Grotten von Vallorbe finden sich auch viele Geheimtipps zu Stollen, Balmen und Tunnels, die sich gut auf eigene Faust erkunden lassen. Jede Wanderung ist detailliert beschrieben und vermittelt die charakteristischen Besonderheiten der besuchten Region.<\/p>\n<p><span class=\"book_info\">1. Auflage, 2022<br \/>\nEinband: Broschur mit Klappe<br \/>\nUmfang: 208 Seiten<\/span><\/p>","protected":false},"excerpt":{"rendered":"<p>Erlebnisreiche Touren in allen Schweizer Regionen mit Einblick in Stollen, Balmen, Tunnel und andere Hohlr\u00e4ume H\u00f6hlen-Klassiker aus der ganzen Schweiz und Geheimtipps. 35 Wanderungen f\u00fcr Naturliebhaber und Familien. Mit praktischen Informationen und Kartenmaterial. Wer durch W\u00e4lder und \u00fcber Wiesen wandert, durch T\u00e4ler streift oder auf Berge steigt, nimmt den festen Boden unter den F\u00fcssen als [&#8230;]\n","protected":false},"featured_media":163996,"template":"","meta":[],"product_brand":[],"product_cat":[21605],"product_tag":[],"class_list":{"0":"post-163995","1":"product","2":"type-product","3":"status-publish","4":"has-post-thumbnail","6":"product_cat-wanderfuehrer-trekking","7":"pa_autor-staeger","8":"pa_erscheinungsjahr-27013","9":"pa_region-schweiz","10":"pa_sprache-de","12":"first","13":"instock","14":"taxable","15":"shipping-taxable","16":"purchasable","17":"product-type-simple"},"_links":{"self":[{"href":"https:\/\/pizbube.ch\/en\/wp-json\/wp\/v2\/product\/163995","targetHints":{"allow":["GET"]}}],"collection":[{"href":"https:\/\/pizbube.ch\/en\/wp-json\/wp\/v2\/product"}],"about":[{"href":"https:\/\/pizbube.ch\/en\/wp-json\/wp\/v2\/types\/product"}],"wp:featuredmedia":[{"embeddable":true,"href":"https:\/\/pizbube.ch\/en\/wp-json\/wp\/v2\/media\/163996"}],"wp:attachment":[{"href":"https:\/\/pizbube.ch\/en\/wp-json\/wp\/v2\/media?parent=163995"}],"wp:term":[{"taxonomy":"product_brand","embeddable":true,"href":"https:\/\/pizbube.ch\/en\/wp-json\/wp\/v2\/product_brand?post=163995"},{"taxonomy":"product_cat","embeddable":true,"href":"https:\/\/pizbube.ch\/en\/wp-json\/wp\/v2\/product_cat?post=163995"},{"taxonomy":"product_tag","embeddable":true,"href":"https:\/\/pizbube.ch\/en\/wp-json\/wp\/v2\/product_tag?post=163995"}],"curies":[{"name":"wp","href":"https:\/\/api.w.org\/{rel}","templated":true}]}}