{"id":164002,"date":"2022-10-14T09:10:59","date_gmt":"2022-10-14T07:10:59","guid":{"rendered":"https:\/\/pizbube.ch\/?post_type=product&#038;p=164002"},"modified":"2022-10-14T09:11:00","modified_gmt":"2022-10-14T07:11:00","slug":"die-schoensten-wanderungen-im-jura-2","status":"publish","type":"product","link":"https:\/\/pizbube.ch\/en\/shop\/die-schoensten-wanderungen-im-jura-2\/","title":{"rendered":"Die sch\u00f6nsten Wanderungen im Jura"},"content":{"rendered":"<p class=\"subheadline\">Das Wanderbuch mit Streifz\u00fcgen durch den facettenreichen Jura<\/p>\n<p>45 kurze bis mittellange Wanderungen.<br \/>\nDie vielseitige Kulturlandschaft der Jurah\u00fcgel als beliebte Wanderregion.<br \/>\nMit Kartenmaterial und Angaben zu Sehensw\u00fcrdigkeiten, Unterkunft und Verpflegung.<\/p>\n<p>Offene, weite Juraweiden, dichte W\u00e4lder, wilde Bach- und Flussl\u00e4ufe, felsige Schluchten, Tropfsteinh\u00f6hlen und Seen machen den Jura zu einer der vielf\u00e4ltigsten und damit beliebtesten Wanderregionen der Schweiz. Auf 45 Wanderungen zwischen dem L\u00e4gern-Hang im Aargau und der franz\u00f6sischen Grenze l\u00e4sst sich die facettenreiche Sch\u00f6nheit der Juralandschaft auf genussvolle Art entdecken: Neben klassischen Routen entlang des Doubs, auf den Weissenstein oder zum Creux du Van gibt es unbekanntere Ziele und sogar eine \u00dcberquerung des legend\u00e4ren \u00bbR\u00f6stigrabens\u00ab.<\/p>\n<p>Bis auf einige Touren f\u00fcr ambitioniertere Wandernde sind die Strecken kurz bis mittellang und gut zu bew\u00e4ltigen. Tipps zur Anreise mit dem \u00f6ffentlichen Verkehr, zu Unterkunft und Verpflegung, Kartenausschnitte sowie Zugang zu digitalen Routen f\u00fcr Karten-Apps erg\u00e4nzen jede Wanderung.<\/p>\n<p><span class=\"book_info\">1. Auflage, 2022<br \/>\nEinband: Broschur mit Klappe<br \/>\nUmfang: 208 Seiten<\/span><\/p>","protected":false},"excerpt":{"rendered":"<p>Das Wanderbuch mit Streifz\u00fcgen durch den facettenreichen Jura 45 kurze bis mittellange Wanderungen. Die vielseitige Kulturlandschaft der Jurah\u00fcgel als beliebte Wanderregion. Mit Kartenmaterial und Angaben zu Sehensw\u00fcrdigkeiten, Unterkunft und Verpflegung. Offene, weite Juraweiden, dichte W\u00e4lder, wilde Bach- und Flussl\u00e4ufe, felsige Schluchten, Tropfsteinh\u00f6hlen und Seen machen den Jura zu einer der vielf\u00e4ltigsten und damit beliebtesten Wanderregionen [&#8230;]\n","protected":false},"featured_media":164003,"template":"","meta":[],"product_brand":[],"product_cat":[21605],"product_tag":[],"class_list":{"0":"post-164002","1":"product","2":"type-product","3":"status-publish","4":"has-post-thumbnail","6":"product_cat-wanderfuehrer-trekking","7":"pa_autor-bachmann","8":"pa_erscheinungsjahr-27013","9":"pa_region-schweiz","10":"pa_sprache-de","12":"first","13":"instock","14":"taxable","15":"shipping-taxable","16":"purchasable","17":"product-type-simple"},"_links":{"self":[{"href":"https:\/\/pizbube.ch\/en\/wp-json\/wp\/v2\/product\/164002","targetHints":{"allow":["GET"]}}],"collection":[{"href":"https:\/\/pizbube.ch\/en\/wp-json\/wp\/v2\/product"}],"about":[{"href":"https:\/\/pizbube.ch\/en\/wp-json\/wp\/v2\/types\/product"}],"wp:featuredmedia":[{"embeddable":true,"href":"https:\/\/pizbube.ch\/en\/wp-json\/wp\/v2\/media\/164003"}],"wp:attachment":[{"href":"https:\/\/pizbube.ch\/en\/wp-json\/wp\/v2\/media?parent=164002"}],"wp:term":[{"taxonomy":"product_brand","embeddable":true,"href":"https:\/\/pizbube.ch\/en\/wp-json\/wp\/v2\/product_brand?post=164002"},{"taxonomy":"product_cat","embeddable":true,"href":"https:\/\/pizbube.ch\/en\/wp-json\/wp\/v2\/product_cat?post=164002"},{"taxonomy":"product_tag","embeddable":true,"href":"https:\/\/pizbube.ch\/en\/wp-json\/wp\/v2\/product_tag?post=164002"}],"curies":[{"name":"wp","href":"https:\/\/api.w.org\/{rel}","templated":true}]}}