{"id":164009,"date":"2022-10-14T09:29:41","date_gmt":"2022-10-14T07:29:41","guid":{"rendered":"https:\/\/pizbube.ch\/?post_type=product&#038;p=164009"},"modified":"2022-10-25T10:56:34","modified_gmt":"2022-10-25T08:56:34","slug":"alpenbahnen","status":"publish","type":"product","link":"https:\/\/pizbube.ch\/en\/shop\/alpenbahnen\/","title":{"rendered":"Alpenbahnen"},"content":{"rendered":"<p><span class=\"value\">Atemberaubende Berglandschaften. Legend\u00e4re Eisenbahnstrecken von K\u00e4rnten \u00fcber die Schweizer Berge bis zu den Seealpen. Spektakul\u00e4re Eisenbahn Fotografie.<\/span><\/p>\n<p>Mit dem Zug durch die Alpen \u2013 was heute eine Selbstverst\u00e4ndlichkeit ist, erforderte einst Pionierarbeiten im Eisenbahnbau. Jede einzelne Alpenbahn \u2013 von der Semmeringbahn im Osten bis zur Tendabahn im Westen \u2013 gilt als technisches Meisterwerk. Dieser Bildband zeigt Z\u00fcge in der wilden Natur der Alpen zwischen schroffem Hochgebirge, glitzernden Schweizer Gletschern und franz\u00f6sischen Seealpen. Auf spektakul\u00e4ren Streckenf\u00fchrungen, schwindelerregend hohen Br\u00fccken und Viadukten treffen Technik und Geschichte auf die majest\u00e4tische Bergwelt \u2013 eine einzigartige Kombination!<\/p>\n<p>320 Seiten<br \/>\nca. 220 Abbildungen; Relieflack<br \/>\nFormat 29,7 x 37,5 cm; Hardcover<\/p>","protected":false},"excerpt":{"rendered":"<p>Atemberaubende Berglandschaften. Legend\u00e4re Eisenbahnstrecken von K\u00e4rnten \u00fcber die Schweizer Berge bis zu den Seealpen. Spektakul\u00e4re Eisenbahn Fotografie. Mit dem Zug durch die Alpen \u2013 was heute eine Selbstverst\u00e4ndlichkeit ist, erforderte einst Pionierarbeiten im Eisenbahnbau. Jede einzelne Alpenbahn \u2013 von der Semmeringbahn im Osten bis zur Tendabahn im Westen \u2013 gilt als technisches Meisterwerk. Dieser Bildband [&#8230;]\n","protected":false},"featured_media":164013,"template":"","meta":[],"product_brand":[],"product_cat":[21542],"product_tag":[],"class_list":{"0":"post-164009","1":"product","2":"type-product","3":"status-publish","4":"has-post-thumbnail","6":"product_cat-sachbuecher-dokumentationen","7":"pa_autor-steinhilber-huesler","8":"pa_erscheinungsjahr-27013","9":"pa_region-frankreich","10":"pa_region-oesterreich","11":"pa_region-schweiz","12":"pa_sprache-de","14":"first","15":"instock","16":"taxable","17":"shipping-taxable","18":"purchasable","19":"product-type-simple"},"_links":{"self":[{"href":"https:\/\/pizbube.ch\/en\/wp-json\/wp\/v2\/product\/164009","targetHints":{"allow":["GET"]}}],"collection":[{"href":"https:\/\/pizbube.ch\/en\/wp-json\/wp\/v2\/product"}],"about":[{"href":"https:\/\/pizbube.ch\/en\/wp-json\/wp\/v2\/types\/product"}],"wp:featuredmedia":[{"embeddable":true,"href":"https:\/\/pizbube.ch\/en\/wp-json\/wp\/v2\/media\/164013"}],"wp:attachment":[{"href":"https:\/\/pizbube.ch\/en\/wp-json\/wp\/v2\/media?parent=164009"}],"wp:term":[{"taxonomy":"product_brand","embeddable":true,"href":"https:\/\/pizbube.ch\/en\/wp-json\/wp\/v2\/product_brand?post=164009"},{"taxonomy":"product_cat","embeddable":true,"href":"https:\/\/pizbube.ch\/en\/wp-json\/wp\/v2\/product_cat?post=164009"},{"taxonomy":"product_tag","embeddable":true,"href":"https:\/\/pizbube.ch\/en\/wp-json\/wp\/v2\/product_tag?post=164009"}],"curies":[{"name":"wp","href":"https:\/\/api.w.org\/{rel}","templated":true}]}}