{"id":164025,"date":"2022-10-14T10:39:11","date_gmt":"2022-10-14T08:39:11","guid":{"rendered":"https:\/\/pizbube.ch\/?post_type=product&#038;p=164025"},"modified":"2024-04-22T11:39:21","modified_gmt":"2024-04-22T09:39:21","slug":"schritte-an-der-grenze-die-erste-schweizerin-auf-dem-mount-everest","status":"publish","type":"product","link":"https:\/\/pizbube.ch\/en\/shop\/schritte-an-der-grenze-die-erste-schweizerin-auf-dem-mount-everest\/","title":{"rendered":"Schritte an der Grenze &#8211; Die erste Schweizerin auf dem Mount Everest"},"content":{"rendered":"<p>In diesem Buch erz\u00e4hlt Evelyne Binsack, die am 23. Mai 2001 als erste Schweizerin auf dem Mount Everest stand, wie sie den Aufstieg zu diesem mit 8848 Metern h\u00f6chsten Gipfel der Erde meisterte.<\/p>\n<p>Ihr Ziel war es schon damals, sp\u00e4ter noch zwei weitere Pole, den S\u00fcd- und den Nordpol, zu erreichen, was ihr in den Jahren 2007 und 2017 auch gelang. In \u00bbSchritte an der Grenze\u00ab gibt die charismatische Abenteurerin unter anderem Antworten darauf, weshalb es sie dazu dr\u00e4ngt, immer schwierigere Ziele zu verfolgen, und reflektiert dar\u00fcber, ob Frauen anders an den Berg gehen als M\u00e4nner.<\/p>\n<p>Zudem erz\u00e4hlt sie, was sie antrieb, au\u00dfer Bergf\u00fchrerin auch noch Helikopterpilotin zu werden, und wie ein Fl\u00e4schchen Weihwasser in der Todeszone des Mount Everest Leben rettete.<\/p>\n<p>288 Seiten, inkl. 32-seitigem Bildteil<br \/>\nKlappenbroschur \/ 13,5 x 21,2 cm<\/p>","protected":false},"excerpt":{"rendered":"<p>In diesem Buch erz\u00e4hlt Evelyne Binsack, die am 23. Mai 2001 als erste Schweizerin auf dem Mount Everest stand, wie sie den Aufstieg zu diesem mit 8848 Metern h\u00f6chsten Gipfel der Erde meisterte. Ihr Ziel war es schon damals, sp\u00e4ter noch zwei weitere Pole, den S\u00fcd- und den Nordpol, zu erreichen, was ihr in den [&#8230;]\n","protected":false},"featured_media":164026,"template":"","meta":[],"product_brand":[],"product_cat":[21542],"product_tag":[],"class_list":{"0":"post-164025","1":"product","2":"type-product","3":"status-publish","4":"has-post-thumbnail","6":"product_cat-sachbuecher-dokumentationen","7":"pa_autor-baumann-von-arx-binsack","8":"pa_erscheinungsjahr-27013","9":"pa_region-schweiz","10":"pa_sprache-de","12":"first","13":"outofstock","14":"taxable","15":"shipping-taxable","16":"purchasable","17":"product-type-simple"},"_links":{"self":[{"href":"https:\/\/pizbube.ch\/en\/wp-json\/wp\/v2\/product\/164025","targetHints":{"allow":["GET"]}}],"collection":[{"href":"https:\/\/pizbube.ch\/en\/wp-json\/wp\/v2\/product"}],"about":[{"href":"https:\/\/pizbube.ch\/en\/wp-json\/wp\/v2\/types\/product"}],"wp:featuredmedia":[{"embeddable":true,"href":"https:\/\/pizbube.ch\/en\/wp-json\/wp\/v2\/media\/164026"}],"wp:attachment":[{"href":"https:\/\/pizbube.ch\/en\/wp-json\/wp\/v2\/media?parent=164025"}],"wp:term":[{"taxonomy":"product_brand","embeddable":true,"href":"https:\/\/pizbube.ch\/en\/wp-json\/wp\/v2\/product_brand?post=164025"},{"taxonomy":"product_cat","embeddable":true,"href":"https:\/\/pizbube.ch\/en\/wp-json\/wp\/v2\/product_cat?post=164025"},{"taxonomy":"product_tag","embeddable":true,"href":"https:\/\/pizbube.ch\/en\/wp-json\/wp\/v2\/product_tag?post=164025"}],"curies":[{"name":"wp","href":"https:\/\/api.w.org\/{rel}","templated":true}]}}