{"id":164027,"date":"2022-10-14T10:42:37","date_gmt":"2022-10-14T08:42:37","guid":{"rendered":"https:\/\/pizbube.ch\/?post_type=product&#038;p=164027"},"modified":"2026-03-14T14:08:44","modified_gmt":"2026-03-14T13:08:44","slug":"drei-tage-fuer-eine-welt-die-schoensten-dreitagestouren-in-den-schweizer-alpen","status":"publish","type":"product","link":"https:\/\/pizbube.ch\/en\/shop\/drei-tage-fuer-eine-welt-die-schoensten-dreitagestouren-in-den-schweizer-alpen\/","title":{"rendered":"Drei Tage f\u00fcr eine Welt &#8211; Die sch\u00f6nsten Dreitagestouren in den Schweizer Alpen"},"content":{"rendered":"<p class=\"subheadline\">Das Wanderbuch mit mehrt\u00e4gigen Abenteuern in der vielf\u00e4ltigen Schweizer Bergwelt<\/p>\n<p>Dreitageswanderungen in den unterschiedlichsten Bergwelten.<br \/>\nVon klassischen H\u00fcttentouren bis zu Trekking in der wilden Natur.<br \/>\nMit Serviceteil und \u00dcbersichtskarten.<\/p>\n<p>Das Besondere an der Schweizer Bergwelt ist ihre Vielf\u00e4ltigkeit. Sie reicht von lieblichen Alpen \u00fcber kahle Mondlandschaften und Balkone mit Viertausenderblick bis zu mediterraner Wildnis und romantischen Bergseeparadiesen. All dies l\u00e4sst sich auf den packenden Dreitagestouren in diesem Wanderbuch erkunden. Der renommierte Wanderbuchautor David Coulin pr\u00e4sentiert 30 Wandergebiete, die unterschiedlichsten Bed\u00fcrfnissen gerecht werden. Zu einfachen Routen bietet das Buch oft Varianten f\u00fcr Berg- oder Alpinwanderer und deckt somit unterschiedliche Grade an Kondition und technischen F\u00e4higkeiten ab. Unterhaltsame Texte beschreiben die Besonderheiten der einzelnen Regionen.<\/p>\n<p>Erg\u00e4nzt werden sie durch einen informativen Serviceteil mit Kartenausschnitt und Zugang zu digitalen Routen f\u00fcr Karten-Apps. Erkunden Sie unser Land und geniessen Sie das Gef\u00fchl, nicht nur drei Tage, sondern mindestens eine Woche unterwegs gewesen zu sein.<\/p>\n<p><span class=\"book_info\">1. Auflage, 2022<br \/>\nEinband: Broschur mit Klappe<br \/>\nUmfang: 192 Seiten<\/span><\/p>","protected":false},"excerpt":{"rendered":"<p>Das Wanderbuch mit mehrt\u00e4gigen Abenteuern in der vielf\u00e4ltigen Schweizer Bergwelt Dreitageswanderungen in den unterschiedlichsten Bergwelten. Von klassischen H\u00fcttentouren bis zu Trekking in der wilden Natur. Mit Serviceteil und \u00dcbersichtskarten. Das Besondere an der Schweizer Bergwelt ist ihre Vielf\u00e4ltigkeit. Sie reicht von lieblichen Alpen \u00fcber kahle Mondlandschaften und Balkone mit Viertausenderblick bis zu mediterraner Wildnis und [&#8230;]\n","protected":false},"featured_media":164028,"template":"","meta":[],"product_brand":[],"product_cat":[21605],"product_tag":[],"class_list":{"0":"post-164027","1":"product","2":"type-product","3":"status-publish","4":"has-post-thumbnail","6":"product_cat-wanderfuehrer-trekking","7":"pa_autor-coulin","8":"pa_erscheinungsjahr-27013","9":"pa_region-schweiz","10":"pa_sprache-de","12":"first","13":"outofstock","14":"taxable","15":"shipping-taxable","16":"purchasable","17":"product-type-simple"},"_links":{"self":[{"href":"https:\/\/pizbube.ch\/en\/wp-json\/wp\/v2\/product\/164027","targetHints":{"allow":["GET"]}}],"collection":[{"href":"https:\/\/pizbube.ch\/en\/wp-json\/wp\/v2\/product"}],"about":[{"href":"https:\/\/pizbube.ch\/en\/wp-json\/wp\/v2\/types\/product"}],"wp:featuredmedia":[{"embeddable":true,"href":"https:\/\/pizbube.ch\/en\/wp-json\/wp\/v2\/media\/164028"}],"wp:attachment":[{"href":"https:\/\/pizbube.ch\/en\/wp-json\/wp\/v2\/media?parent=164027"}],"wp:term":[{"taxonomy":"product_brand","embeddable":true,"href":"https:\/\/pizbube.ch\/en\/wp-json\/wp\/v2\/product_brand?post=164027"},{"taxonomy":"product_cat","embeddable":true,"href":"https:\/\/pizbube.ch\/en\/wp-json\/wp\/v2\/product_cat?post=164027"},{"taxonomy":"product_tag","embeddable":true,"href":"https:\/\/pizbube.ch\/en\/wp-json\/wp\/v2\/product_tag?post=164027"}],"curies":[{"name":"wp","href":"https:\/\/api.w.org\/{rel}","templated":true}]}}