{"id":164047,"date":"2022-10-14T13:52:07","date_gmt":"2022-10-14T11:52:07","guid":{"rendered":"https:\/\/pizbube.ch\/?post_type=product&#038;p=164047"},"modified":"2022-10-14T14:01:42","modified_gmt":"2022-10-14T12:01:42","slug":"up-climbing-20","status":"publish","type":"product","link":"https:\/\/pizbube.ch\/en\/shop\/up-climbing-20\/","title":{"rendered":"UP CLIMBING #20"},"content":{"rendered":"<p>Bimestrale di arrampicata e alpinismo<\/p>\n<p>LIGURIA<\/p>\n<p>Nel panorama geografico europeo ci sono alcune regioni estremamente particolari.\u00a0Distesa e allo stesso tempo arroccata e compressa fra gli Appennini,\u00a0le Alpi e il mare, la Liguria rappresenta senza dubbio un concentrato unico di verticalit\u00e0 e orizzontalit\u00e0, che chiunque sia stato a scalare sulla pietra del Finale \u2013 per citare un luogo fra i tanti \u2013 avr\u00e0 di sicuro percepito\u00a0per un istante , magari in una bella giornata d\u2019inverno.<\/p>\n<p>Certo una regione, la Liguria, con una tradizione alpinistica antica e di eccellente livello, animata da personaggi di rilevanza nazionale come ad esempio Gianni Calcagno e Alessandro Gogna, per fare alcuni tra i nomi pi\u00f9 noti, affiancata ben presto dall\u2019esplosione, \u00e8 il caso di dirlo, dell\u2019arrampicata moderna sulle rocce finalesi, per lungo tempo primo e venerato santuario internazionale della trasformazione che il climbing ebbe fra il 1978 e il 1988.<\/p>\n<p>Ma la Liguria \u00e8 molto pi\u00f9 che Finale, e in questo numero alle novit\u00e0 della roccia a buchi, di cui ci parler\u00e0\u00a0Marco Tomassini, troverete anche le falesie dell\u2019entroterra di Albenga, sulle orme di Matteo Gambaro, i settori storici di Toirano, le vie\u00a0in traverso\u00a0sopra il mare,\u00a0il boulder di Cravasco, la Liguria di ghiaccio,\u00a0una panoramica delle vie di pi\u00f9 tiri a firma Andrea Parodi e molto altro!<\/p>\n<p>In chiusura di questo numero troverete un focus sulla zona\u00a0di Sintra,\u00a0in Portogallo,\u00a0a firma, anche fotografica, di Massimo Cappuccio.<\/p>\n<p>Questo numero dedicato alla Liguria \u00e8 stato coordinato da Eugenio Pesci, Serafino Ripamonti e Fabrizio Rossi.<\/p>","protected":false},"excerpt":{"rendered":"<p>Bimestrale di arrampicata e alpinismo LIGURIA Nel panorama geografico europeo ci sono alcune regioni estremamente particolari.\u00a0Distesa e allo stesso tempo arroccata e compressa fra gli Appennini,\u00a0le Alpi e il mare, la Liguria rappresenta senza dubbio un concentrato unico di verticalit\u00e0 e orizzontalit\u00e0, che chiunque sia stato a scalare sulla pietra del Finale \u2013 per citare [&#8230;]\n","protected":false},"featured_media":164048,"template":"","meta":[],"product_brand":[],"product_cat":[21541],"product_tag":[27162],"class_list":{"0":"post-164047","1":"product","2":"type-product","3":"status-publish","4":"has-post-thumbnail","6":"product_cat-zeitschriften","7":"product_tag-up-climbing-20","8":"pa_autor-redazione-up-climbing","9":"pa_erscheinungsjahr-27013","10":"pa_region-italien","11":"pa_sprache-it","13":"first","14":"instock","15":"taxable","16":"shipping-taxable","17":"purchasable","18":"product-type-simple"},"_links":{"self":[{"href":"https:\/\/pizbube.ch\/en\/wp-json\/wp\/v2\/product\/164047","targetHints":{"allow":["GET"]}}],"collection":[{"href":"https:\/\/pizbube.ch\/en\/wp-json\/wp\/v2\/product"}],"about":[{"href":"https:\/\/pizbube.ch\/en\/wp-json\/wp\/v2\/types\/product"}],"wp:featuredmedia":[{"embeddable":true,"href":"https:\/\/pizbube.ch\/en\/wp-json\/wp\/v2\/media\/164048"}],"wp:attachment":[{"href":"https:\/\/pizbube.ch\/en\/wp-json\/wp\/v2\/media?parent=164047"}],"wp:term":[{"taxonomy":"product_brand","embeddable":true,"href":"https:\/\/pizbube.ch\/en\/wp-json\/wp\/v2\/product_brand?post=164047"},{"taxonomy":"product_cat","embeddable":true,"href":"https:\/\/pizbube.ch\/en\/wp-json\/wp\/v2\/product_cat?post=164047"},{"taxonomy":"product_tag","embeddable":true,"href":"https:\/\/pizbube.ch\/en\/wp-json\/wp\/v2\/product_tag?post=164047"}],"curies":[{"name":"wp","href":"https:\/\/api.w.org\/{rel}","templated":true}]}}