{"id":164062,"date":"2022-10-15T10:43:29","date_gmt":"2022-10-15T08:43:29","guid":{"rendered":"https:\/\/pizbube.ch\/?post_type=product&#038;p=164062"},"modified":"2022-10-15T11:49:02","modified_gmt":"2022-10-15T09:49:02","slug":"jimmy-chin-photographe-de-lextreme","status":"publish","type":"product","link":"https:\/\/pizbube.ch\/en\/shop\/jimmy-chin-photographe-de-lextreme\/","title":{"rendered":"Jimmy Chin &#8211; photographe de l&#8217;extr\u00eame"},"content":{"rendered":"<p>Le premier ouvrage du grand photographe Jimmy Chin &#8211; Dans ce livre magistral, il pr\u00e9sente plus de 200 photographies d&#8217;aventure embl\u00e9matiques, mettant en sc\u00e8ne certains des plus grands moments de l&#8217;alpinisme et de l&#8217;escalade.<\/p>\n<p>Photographe, cin\u00e9aste et alpiniste de renomm\u00e9e mondiale, Jimmy Chin va l\u00e0 o\u00f9 peu de gens peuvent le faire pour saisir des images \u00e9tonnantes dans des situations extr\u00eames, suspendu par une corde \u00e0 une paroi\u00a0de plusieurs centaines de m\u00e8tres ou dans l\u2019immensit\u00e9 glac\u00e9e d\u2019un sommet himalayen. Cet ouvrage rassemble ses plus belles photographies, prises pendant plus de vingt ans lors d\u2019exp\u00e9ditions sur les sept continents \u2013 de la descente \u00e0 ski de l\u2019Everest \u00e0 la travers\u00e9e sans assistance du plateau Chang Tang au Tibet, en passant par de premi\u00e8res ascensions dans le d\u00e9sert de l\u2019Ennedi au Tchad ou la terre de la Reine-Maud en Antarctique.<\/p>\n<p>Au fil des pages et de ses aventures, Jimmy Chin partage les d\u00e9tails des coulisses qui lui ont permis de capturer ces images stup\u00e9fiantes dans des conditions impossibles, et raconte les histoires des aventuriers l\u00e9gendaires et des athl\u00e8tes remarquables qu\u2019il a photographi\u00e9s, notamment Alex Honnold, la star de son film documentaire prim\u00e9 aux Oscars en 2019, <i>Free Solo<\/i>, la skieuse et alpiniste Kit DesLauriers, le snowboarder Travis Rice ou les alpinistes Conrad Anker et Yvon Chouinard.<\/p>\n<p>320 pages;<br \/>\n244 x 321 mm<\/p>","protected":false},"excerpt":{"rendered":"<p>Le premier ouvrage du grand photographe Jimmy Chin &#8211; Dans ce livre magistral, il pr\u00e9sente plus de 200 photographies d&#8217;aventure embl\u00e9matiques, mettant en sc\u00e8ne certains des plus grands moments de l&#8217;alpinisme et de l&#8217;escalade. Photographe, cin\u00e9aste et alpiniste de renomm\u00e9e mondiale, Jimmy Chin va l\u00e0 o\u00f9 peu de gens peuvent le faire pour saisir des [&#8230;]\n","protected":false},"featured_media":164063,"template":"","meta":[],"product_brand":[],"product_cat":[21542],"product_tag":[],"class_list":{"0":"post-164062","1":"product","2":"type-product","3":"status-publish","4":"has-post-thumbnail","6":"product_cat-sachbuecher-dokumentationen","7":"pa_autor-chin","8":"pa_erscheinungsjahr-27013","9":"pa_region-amerika-nord","10":"pa_region-asien","11":"pa_region-uebrigers-europa","12":"pa_sprache-fr","14":"first","15":"instock","16":"taxable","17":"shipping-taxable","18":"purchasable","19":"product-type-simple"},"_links":{"self":[{"href":"https:\/\/pizbube.ch\/en\/wp-json\/wp\/v2\/product\/164062","targetHints":{"allow":["GET"]}}],"collection":[{"href":"https:\/\/pizbube.ch\/en\/wp-json\/wp\/v2\/product"}],"about":[{"href":"https:\/\/pizbube.ch\/en\/wp-json\/wp\/v2\/types\/product"}],"wp:featuredmedia":[{"embeddable":true,"href":"https:\/\/pizbube.ch\/en\/wp-json\/wp\/v2\/media\/164063"}],"wp:attachment":[{"href":"https:\/\/pizbube.ch\/en\/wp-json\/wp\/v2\/media?parent=164062"}],"wp:term":[{"taxonomy":"product_brand","embeddable":true,"href":"https:\/\/pizbube.ch\/en\/wp-json\/wp\/v2\/product_brand?post=164062"},{"taxonomy":"product_cat","embeddable":true,"href":"https:\/\/pizbube.ch\/en\/wp-json\/wp\/v2\/product_cat?post=164062"},{"taxonomy":"product_tag","embeddable":true,"href":"https:\/\/pizbube.ch\/en\/wp-json\/wp\/v2\/product_tag?post=164062"}],"curies":[{"name":"wp","href":"https:\/\/api.w.org\/{rel}","templated":true}]}}