{"id":164103,"date":"2022-10-20T08:58:37","date_gmt":"2022-10-20T06:58:37","guid":{"rendered":"https:\/\/pizbube.ch\/?post_type=product&#038;p=164103"},"modified":"2022-10-20T09:00:38","modified_gmt":"2022-10-20T07:00:38","slug":"das-jungfraujoch-eine-geschichte-der-hochalpinen-forschungsstation-1922-1952","status":"publish","type":"product","link":"https:\/\/pizbube.ch\/en\/shop\/das-jungfraujoch-eine-geschichte-der-hochalpinen-forschungsstation-1922-1952\/","title":{"rendered":"Das Jungfraujoch &#8211; Eine Geschichte der Hochalpinen Forschungsstation 1922-1952"},"content":{"rendered":"<p>Mit dem Bau der Bahn auf das Jungfraujoch und deren Er\u00f6ffnung im Jahr 1912 war die Idee verbunden, wissenschaftliche Forschung auf \u00abh\u00f6chster\u00bb Ebene durchf\u00fchren zu k\u00f6nnen. 1931 schliesslich, nach fast zehnj\u00e4hriger Vorarbeit, nahm die wissenschaftliche Forschungsstation auf der Bergstation des Jungfraujochs die Arbeit auf.<\/p>\n<p>Urspr\u00fcnglich als Projekt der Schweizerischen Naturforschenden Gesellschaft und des Schweizer Alpen-Clubs geplant, konnte 1930 eine internationale Stiftung mit Beteiligung von Forschungsgemeinschaften aus Deutschland,<br \/>\n\u00d6sterreich und Grossbritannien ins Leben gerufen werden.<\/p>\n<p>Die zunehmend schwierige internationale Lage in den 1930er-Jahren und die Kriegsjahre stellten die noch junge Station auf eine harte Probe. Und auch nach dem Krieg startete sie unter schwierigen Bedingungen, da in der Schweiz keine nationale Forschungsf\u00f6rderung existierte. Dies \u00e4nderte sich erst mit der Gr\u00fcndung des Schweizerischen Nationalfonds 1952. Der Autor beschreibt die Mess- und Beobachtungsstation auf dem Jungfraujoch nicht nur als ein Pionierprojekt verschiedenster Disziplinen, sondern auch als ein fr\u00fches Beispiel f\u00fcr die Wissenschaftsf\u00f6rderung in der Schweiz, notabene an \u00e4usserst prominenter Lage.<\/p>\n<p>207 Seiten<br \/>\n60 schwarzweisse Abbildungen<br \/>\ngebunden; 16 \u00d7 24 cm<\/p>","protected":false},"excerpt":{"rendered":"<p>Mit dem Bau der Bahn auf das Jungfraujoch und deren Er\u00f6ffnung im Jahr 1912 war die Idee verbunden, wissenschaftliche Forschung auf \u00abh\u00f6chster\u00bb Ebene durchf\u00fchren zu k\u00f6nnen. 1931 schliesslich, nach fast zehnj\u00e4hriger Vorarbeit, nahm die wissenschaftliche Forschungsstation auf der Bergstation des Jungfraujochs die Arbeit auf. Urspr\u00fcnglich als Projekt der Schweizerischen Naturforschenden Gesellschaft und des Schweizer Alpen-Clubs [&#8230;]\n","protected":false},"featured_media":164104,"template":"","meta":[],"product_brand":[],"product_cat":[21580,21542],"product_tag":[],"class_list":{"0":"post-164103","1":"product","2":"type-product","3":"status-publish","4":"has-post-thumbnail","6":"product_cat-kunst-kultur","7":"product_cat-sachbuecher-dokumentationen","8":"pa_autor-diener","9":"pa_erscheinungsjahr-27013","10":"pa_region-schweiz","11":"pa_sprache-de","13":"first","14":"instock","15":"taxable","16":"shipping-taxable","17":"purchasable","18":"product-type-simple"},"_links":{"self":[{"href":"https:\/\/pizbube.ch\/en\/wp-json\/wp\/v2\/product\/164103","targetHints":{"allow":["GET"]}}],"collection":[{"href":"https:\/\/pizbube.ch\/en\/wp-json\/wp\/v2\/product"}],"about":[{"href":"https:\/\/pizbube.ch\/en\/wp-json\/wp\/v2\/types\/product"}],"wp:featuredmedia":[{"embeddable":true,"href":"https:\/\/pizbube.ch\/en\/wp-json\/wp\/v2\/media\/164104"}],"wp:attachment":[{"href":"https:\/\/pizbube.ch\/en\/wp-json\/wp\/v2\/media?parent=164103"}],"wp:term":[{"taxonomy":"product_brand","embeddable":true,"href":"https:\/\/pizbube.ch\/en\/wp-json\/wp\/v2\/product_brand?post=164103"},{"taxonomy":"product_cat","embeddable":true,"href":"https:\/\/pizbube.ch\/en\/wp-json\/wp\/v2\/product_cat?post=164103"},{"taxonomy":"product_tag","embeddable":true,"href":"https:\/\/pizbube.ch\/en\/wp-json\/wp\/v2\/product_tag?post=164103"}],"curies":[{"name":"wp","href":"https:\/\/api.w.org\/{rel}","templated":true}]}}