{"id":164147,"date":"2022-10-22T11:00:09","date_gmt":"2022-10-22T09:00:09","guid":{"rendered":"https:\/\/pizbube.ch\/?post_type=product&#038;p=164147"},"modified":"2024-04-27T09:13:03","modified_gmt":"2024-04-27T07:13:03","slug":"gary-hemming-un-heros-beatnik","status":"publish","type":"product","link":"https:\/\/pizbube.ch\/en\/shop\/gary-hemming-un-heros-beatnik\/","title":{"rendered":"Gary Hemming &#8211; Un h\u00e9ros Beatnik"},"content":{"rendered":"<p>La vie br\u00e8ve et tumultueuse de Gary Hemming, grimpeur californien, s\u00e9ducteur, po\u00e8te, fragile et dr\u00f4le.<\/p>\n<p>En ao\u00fbt 1966, la France qui vient d\u2019enterrer Lionel Terray d\u00e9couvre un nouveau visage de l\u2019alpinisme. Il est immense, porte ses cheveux blonds en bataille et parle avec un charmant accent am\u00e9ricain, de quoi faire les d\u00e9lices des journalistes. Lui, c\u2019est Gary Hemming, propuls\u00e9 du jour au lendemain au statut de h\u00e9ros pour l\u2019audacieux sauvetage des Drus : Gary a men\u00e9 une \u00e9quipe de francs-tireurs de la grimpe au secours de deux Allemands bloqu\u00e9s en haut de la face ouest.<\/p>\n<p>Le Californien est le symbole d\u2019une nouvelle fa\u00e7on de grimper, d\u2019un nouveau style de vie, tendance LSD en dehors, et l\u2019humour en bandouli\u00e8re. Il meurt une nuit d\u2019ao\u00fbt 1969 dans une for\u00eat du Yosemite, d\u2019une balle dans la t\u00eate. \u00ab Suicide accidentel \u00bb conclura l\u2019enqu\u00eate. Un demi-si\u00e8cle apr\u00e8s sa mort, la r\u00e9\u00e9dition de la biographie de r\u00e9f\u00e9rence de Mirella Tenderini (parue en 1991) fera revivre cet anti-h\u00e9ros immortel. Le livre est augment\u00e9 de textes in\u00e9dits de Gary Hemming et d\u2019une pr\u00e9face de Pierre Mazeaud, qui fut son ami.<\/p>\n<p>248 pages;<br \/>\n23&#215;23 cm<\/p>\n<table id=\"product-attribute-specs-table\" class=\"data-table\" style=\"height: 5px\" width=\"5\">\n<tbody>\n<tr class=\"odd\">\n<th class=\"label book_format\"><\/th>\n<td class=\"data last\"><\/td>\n<\/tr>\n<\/tbody>\n<\/table>","protected":false},"excerpt":{"rendered":"<p>La vie br\u00e8ve et tumultueuse de Gary Hemming, grimpeur californien, s\u00e9ducteur, po\u00e8te, fragile et dr\u00f4le. En ao\u00fbt 1966, la France qui vient d\u2019enterrer Lionel Terray d\u00e9couvre un nouveau visage de l\u2019alpinisme. Il est immense, porte ses cheveux blonds en bataille et parle avec un charmant accent am\u00e9ricain, de quoi faire les d\u00e9lices des journalistes. Lui, [&#8230;]\n","protected":false},"featured_media":164148,"template":"","meta":[],"product_brand":[],"product_cat":[21542],"product_tag":[],"class_list":{"0":"post-164147","1":"product","2":"type-product","3":"status-publish","4":"has-post-thumbnail","6":"product_cat-sachbuecher-dokumentationen","7":"pa_autor-tenderini","8":"pa_erscheinungsjahr-27013","9":"pa_region-amerika-nord","10":"pa_region-frankreich","11":"pa_sprache-fr","13":"first","14":"instock","15":"taxable","16":"shipping-taxable","17":"purchasable","18":"product-type-simple"},"_links":{"self":[{"href":"https:\/\/pizbube.ch\/en\/wp-json\/wp\/v2\/product\/164147","targetHints":{"allow":["GET"]}}],"collection":[{"href":"https:\/\/pizbube.ch\/en\/wp-json\/wp\/v2\/product"}],"about":[{"href":"https:\/\/pizbube.ch\/en\/wp-json\/wp\/v2\/types\/product"}],"wp:featuredmedia":[{"embeddable":true,"href":"https:\/\/pizbube.ch\/en\/wp-json\/wp\/v2\/media\/164148"}],"wp:attachment":[{"href":"https:\/\/pizbube.ch\/en\/wp-json\/wp\/v2\/media?parent=164147"}],"wp:term":[{"taxonomy":"product_brand","embeddable":true,"href":"https:\/\/pizbube.ch\/en\/wp-json\/wp\/v2\/product_brand?post=164147"},{"taxonomy":"product_cat","embeddable":true,"href":"https:\/\/pizbube.ch\/en\/wp-json\/wp\/v2\/product_cat?post=164147"},{"taxonomy":"product_tag","embeddable":true,"href":"https:\/\/pizbube.ch\/en\/wp-json\/wp\/v2\/product_tag?post=164147"}],"curies":[{"name":"wp","href":"https:\/\/api.w.org\/{rel}","templated":true}]}}