{"id":164184,"date":"2022-10-26T09:40:15","date_gmt":"2022-10-26T07:40:15","guid":{"rendered":"https:\/\/pizbube.ch\/?post_type=product&#038;p=164184"},"modified":"2022-10-26T09:55:17","modified_gmt":"2022-10-26T07:55:17","slug":"le-mont-blanc-saffiche","status":"publish","type":"product","link":"https:\/\/pizbube.ch\/en\/shop\/le-mont-blanc-saffiche\/","title":{"rendered":"Le Mont Blanc s&#8217;affiche!"},"content":{"rendered":"<div class=\"field field-name-hw-presentation-editoriale field-type-text-long field-label-hidden\">\n<div class=\"field-items\">\n<div class=\"field-item even\">\n<p>L\u2019histoire touristique du mont Blanc en 70 affiches iconiques.<\/p>\n<p>Le mythe du mont Blanc prend corps d\u00e8s le\u00a0XVIII<sup>e<\/sup>\u00a0si\u00e8cle. La montagne voit sa renomm\u00e9e grandir au rythme des voyageurs, des alpinistes, des aventuriers et enfin des touristes qui prennent son chemin. Les besoins en publicit\u00e9 d\u00e9cuplent avec l\u2019essor du tourisme. L\u2019affiche illustr\u00e9e va devenir l\u2019un des porte-voix du mont Blanc. Fragile, \u00e9ph\u00e9m\u00e8re, ne retenant le regard que quelques instants, l\u2019affiche doit porter des images puissantes pour capter l\u2019attention. Le mont Blanc est un sujet privil\u00e9gi\u00e9.<\/p>\n<p>Aucune montagne au monde \u2013 mis \u00e0 part peut-\u00eatre le Cervin \u2013 n\u2019en compte autant \u00e0 sa gloire! Le toit de l\u2019Europe a \u00e9t\u00e9 abord\u00e9 de tr\u00e8s diverses mani\u00e8res selon les pays\u00a0: la France s\u2019en glorifie\u00a0; la Suisse (surtout, Gen\u00e8ve) regrette qu\u2019il ne soit pas sur son territoire et cherche \u00e0 se l\u2019approprier iconographiquement, tandis que l\u2019Italie ne le regarde qu\u2019avec distance. Cette diversit\u00e9 unique montre \u00e0 quel point ce sommet a fait et fait r\u00eaver depuis trois si\u00e8cles.<\/p>\n<p>160 pages;<br \/>\nFormat 218 x 293 mm<\/p>\n<\/div>\n<\/div>\n<\/div>","protected":false},"excerpt":{"rendered":"<p>L\u2019histoire touristique du mont Blanc en 70 affiches iconiques. Le mythe du mont Blanc prend corps d\u00e8s le\u00a0XVIIIe\u00a0si\u00e8cle. La montagne voit sa renomm\u00e9e grandir au rythme des voyageurs, des alpinistes, des aventuriers et enfin des touristes qui prennent son chemin. Les besoins en publicit\u00e9 d\u00e9cuplent avec l\u2019essor du tourisme. L\u2019affiche illustr\u00e9e va devenir l\u2019un des [&#8230;]\n","protected":false},"featured_media":164185,"template":"","meta":[],"product_brand":[],"product_cat":[21580,21542],"product_tag":[],"class_list":{"0":"post-164184","1":"product","2":"type-product","3":"status-publish","4":"has-post-thumbnail","6":"product_cat-kunst-kultur","7":"product_cat-sachbuecher-dokumentationen","8":"pa_autor-broders","9":"pa_erscheinungsjahr-27013","10":"pa_region-frankreich","11":"pa_region-italien","12":"pa_sprache-fr","14":"first","15":"instock","16":"taxable","17":"shipping-taxable","18":"purchasable","19":"product-type-simple"},"_links":{"self":[{"href":"https:\/\/pizbube.ch\/en\/wp-json\/wp\/v2\/product\/164184","targetHints":{"allow":["GET"]}}],"collection":[{"href":"https:\/\/pizbube.ch\/en\/wp-json\/wp\/v2\/product"}],"about":[{"href":"https:\/\/pizbube.ch\/en\/wp-json\/wp\/v2\/types\/product"}],"wp:featuredmedia":[{"embeddable":true,"href":"https:\/\/pizbube.ch\/en\/wp-json\/wp\/v2\/media\/164185"}],"wp:attachment":[{"href":"https:\/\/pizbube.ch\/en\/wp-json\/wp\/v2\/media?parent=164184"}],"wp:term":[{"taxonomy":"product_brand","embeddable":true,"href":"https:\/\/pizbube.ch\/en\/wp-json\/wp\/v2\/product_brand?post=164184"},{"taxonomy":"product_cat","embeddable":true,"href":"https:\/\/pizbube.ch\/en\/wp-json\/wp\/v2\/product_cat?post=164184"},{"taxonomy":"product_tag","embeddable":true,"href":"https:\/\/pizbube.ch\/en\/wp-json\/wp\/v2\/product_tag?post=164184"}],"curies":[{"name":"wp","href":"https:\/\/api.w.org\/{rel}","templated":true}]}}