{"id":164198,"date":"2022-10-27T10:07:08","date_gmt":"2022-10-27T08:07:08","guid":{"rendered":"https:\/\/pizbube.ch\/?post_type=product&#038;p=164198"},"modified":"2023-04-26T09:17:02","modified_gmt":"2023-04-26T07:17:02","slug":"beastmaking-travailler-les-doigts-pour-progresser-en-escalade","status":"publish","type":"product","link":"https:\/\/pizbube.ch\/en\/shop\/beastmaking-travailler-les-doigts-pour-progresser-en-escalade\/","title":{"rendered":"Beastmaking &#8211; Travailler les doigts pour progresser en escalade"},"content":{"rendered":"<p>Beastmaking est un livre d&#8217;entra\u00eenement con\u00e7u pour fournir \u00e0 tous, d\u00e9butants ou champions, les outils n\u00e9cessaires pour la pratique de l&#8217;escalade :<\/p>\n<p>Force des doigts<br \/>\nPr\u00e9hension des prises<br \/>\nEntra\u00eenement sur la poutre<br \/>\nMobilit\u00e9 des bras et du tronc<br \/>\nDes exercices et des programmes d&#8217;entra\u00eenements<\/p>\n<p>Dans cet ouvrage sont aussi pr\u00e9sent\u00e9s l\u2019avis de certains des meilleurs grimpeurs du monde, comme Alex Honnold, Shauna Coxsey, Adam Ondra, Alex Puccio et Tomoa Narasaki \u2028Exempt de jargon, ce manuel fournit suffisamment d&#8217;informations pour vous permettre de d\u00e9terminer les points que vous devriez am\u00e9liorer et vous aider \u00e0 les travailler. \u2028L&#8217;auteur, Ned Feehally, est l&#8217;un des meilleurs grimpeurs du monde. \u2028S<\/p>\n<p><em>\u00ab Si tu veux avoir un bon aper\u00e7u de ce qu\u2019est un entra\u00eenement pour l\u2019escalade et si tu souhaites am\u00e9liorer ton niveau, cela vaut la peine de consulter Beastmaking. Tu y trouveras de nombreux conseils d&#8217;entra\u00eenement ainsi que des petites astuces de la part de quelqu&#8217;un qui sait ce qu&#8217;il faut faire pour grimper fort. \u00bb<\/em>\u00a0\u00a0<strong>Alex Megoss \u2028<\/strong><\/p>\n<p><em>\u00ab D\u00e9velopper la force des doigts a \u00e9t\u00e9 la base de mes entra\u00eenements. C&#8217;est la cl\u00e9 pour faire des progr\u00e8s en escalade. Un livre essentiel.<\/em>\u00a0\u00bb\u00a0<strong>Catherine Destivelle \u2028<\/strong><\/p>\n<p>208 pages<br \/>\nBroch\u00e9 17,2 x 23 cm<\/p>","protected":false},"excerpt":{"rendered":"<p>Beastmaking est un livre d&#8217;entra\u00eenement con\u00e7u pour fournir \u00e0 tous, d\u00e9butants ou champions, les outils n\u00e9cessaires pour la pratique de l&#8217;escalade : Force des doigts Pr\u00e9hension des prises Entra\u00eenement sur la poutre Mobilit\u00e9 des bras et du tronc Des exercices et des programmes d&#8217;entra\u00eenements Dans cet ouvrage sont aussi pr\u00e9sent\u00e9s l\u2019avis de certains des meilleurs [&#8230;]\n","protected":false},"featured_media":164199,"template":"","meta":[],"product_brand":[],"product_cat":[21538,21542],"product_tag":[],"class_list":{"0":"post-164198","1":"product","2":"type-product","3":"status-publish","4":"has-post-thumbnail","6":"product_cat-lehrbuecher","7":"product_cat-sachbuecher-dokumentationen","8":"pa_erscheinungsjahr-27013","9":"pa_region-klettertechnik","10":"pa_sprache-fr","12":"first","13":"instock","14":"taxable","15":"shipping-taxable","16":"purchasable","17":"product-type-simple"},"_links":{"self":[{"href":"https:\/\/pizbube.ch\/en\/wp-json\/wp\/v2\/product\/164198","targetHints":{"allow":["GET"]}}],"collection":[{"href":"https:\/\/pizbube.ch\/en\/wp-json\/wp\/v2\/product"}],"about":[{"href":"https:\/\/pizbube.ch\/en\/wp-json\/wp\/v2\/types\/product"}],"wp:featuredmedia":[{"embeddable":true,"href":"https:\/\/pizbube.ch\/en\/wp-json\/wp\/v2\/media\/164199"}],"wp:attachment":[{"href":"https:\/\/pizbube.ch\/en\/wp-json\/wp\/v2\/media?parent=164198"}],"wp:term":[{"taxonomy":"product_brand","embeddable":true,"href":"https:\/\/pizbube.ch\/en\/wp-json\/wp\/v2\/product_brand?post=164198"},{"taxonomy":"product_cat","embeddable":true,"href":"https:\/\/pizbube.ch\/en\/wp-json\/wp\/v2\/product_cat?post=164198"},{"taxonomy":"product_tag","embeddable":true,"href":"https:\/\/pizbube.ch\/en\/wp-json\/wp\/v2\/product_tag?post=164198"}],"curies":[{"name":"wp","href":"https:\/\/api.w.org\/{rel}","templated":true}]}}