{"id":164207,"date":"2022-10-27T11:40:14","date_gmt":"2022-10-27T09:40:14","guid":{"rendered":"https:\/\/pizbube.ch\/?post_type=product&#038;p=164207"},"modified":"2024-08-13T12:00:15","modified_gmt":"2024-08-13T10:00:15","slug":"escalades-berarde-et-haut-veneon","status":"publish","type":"product","link":"https:\/\/pizbube.ch\/en\/shop\/escalades-berarde-et-haut-veneon\/","title":{"rendered":"Escalades B\u00e9rarde et Haut-V\u00e9n\u00e9on"},"content":{"rendered":"<p>Topof\u00fchrer, Ecoles et grandes voies autour de la B\u00e9rarde et Veneon:<\/p>\n<p>regroupe dans un seul ouvrage toutes les grandes voies et les voies \u00e9cole<br \/>\nautour de la B\u00e9rarde. Nombre de sites : 23 (dont 7 sites \u00e9cole)<br \/>\nNombre de voies : 150 voies \u00e9cole;<br \/>\n46 grandes voies<\/p>\n<p>Nouvelle \u00e9dition 2022. Pas de r\u00e9volution dans ces topos, les \u00ab bibles \u00bb existaient ! Mais une lisibilit\u00e9 des infos am\u00e9lior\u00e9e. Et surtout, la vente de ces topos participe \u00e0 financer les futures ouvertures et r\u00e9\u00e9quipements.<br \/>\nB\u00e9rarde (version pr\u00e9c\u00e9dente 2013 ) : peu de voies nouvelles, mais l\u2019info de tous les r\u00e9\u00e9quipements et la partie \u00e9cole est compl\u00e8tement remise \u00e0 jour.<\/p>\n<p>Jean-Michel Cambon avait \u00e0 c\u0153ur de proposer des topos qui soient \u00e0 la fois des mines d\u2019informations mais aussi des livres remplis d\u2019humour et d\u2019anecdotes. La vente de ses ouvrages lui permettait de poursuivre ses ouvertures, de financer celles d&#8217;autres ouvreurs et de r\u00e9\u00e9quiper les voies existantes.<\/p>\n<p>Depuis son d\u00e9c\u00e8s, l\u2019association \u00ab Topos Cambon \u00bb a repris le flambeau en mettant \u00e0 jour et en r\u00e9\u00e9ditant ces topos. Les b\u00e9n\u00e9fices contribuent en grande partie \u00e0 de nouvelles ouvertures et au r\u00e9\u00e9quipement de voies d\u2019escalade en Oisans, en finan\u00e7ant l\u2019association \u00ab Oisans Nouveau, Oisans Sauvage \u00bb. Le but de cette association est de p\u00e9renniser les voies d\u00e9crites dans ces topos. Elle ach\u00e8te et distribue le mat\u00e9riel aux r\u00e9\u00e9quipeurs b\u00e9n\u00e9voles, elle coordonne les r\u00e9\u00e9quipements et informe les grimpeurs sur les travaux effectu\u00e9s.<\/p>","protected":false},"excerpt":{"rendered":"<p>Topof\u00fchrer, Ecoles et grandes voies autour de la B\u00e9rarde et Veneon: regroupe dans un seul ouvrage toutes les grandes voies et les voies \u00e9cole autour de la B\u00e9rarde. Nombre de sites : 23 (dont 7 sites \u00e9cole) Nombre de voies : 150 voies \u00e9cole; 46 grandes voies Nouvelle \u00e9dition 2022. Pas de r\u00e9volution dans ces [&#8230;]\n","protected":false},"featured_media":164208,"template":"","meta":[],"product_brand":[],"product_cat":[21539],"product_tag":[27176],"class_list":{"0":"post-164207","1":"product","2":"type-product","3":"status-publish","4":"has-post-thumbnail","6":"product_cat-fuehrerliteratur-sportklettern-bouldern","7":"product_tag-la-berarde","8":"pa_autor-cambon","9":"pa_erscheinungsjahr-27013","10":"pa_region-frankreich","11":"pa_sprache-fr","13":"first","14":"instock","15":"taxable","16":"shipping-taxable","17":"purchasable","18":"product-type-simple"},"_links":{"self":[{"href":"https:\/\/pizbube.ch\/en\/wp-json\/wp\/v2\/product\/164207","targetHints":{"allow":["GET"]}}],"collection":[{"href":"https:\/\/pizbube.ch\/en\/wp-json\/wp\/v2\/product"}],"about":[{"href":"https:\/\/pizbube.ch\/en\/wp-json\/wp\/v2\/types\/product"}],"wp:featuredmedia":[{"embeddable":true,"href":"https:\/\/pizbube.ch\/en\/wp-json\/wp\/v2\/media\/164208"}],"wp:attachment":[{"href":"https:\/\/pizbube.ch\/en\/wp-json\/wp\/v2\/media?parent=164207"}],"wp:term":[{"taxonomy":"product_brand","embeddable":true,"href":"https:\/\/pizbube.ch\/en\/wp-json\/wp\/v2\/product_brand?post=164207"},{"taxonomy":"product_cat","embeddable":true,"href":"https:\/\/pizbube.ch\/en\/wp-json\/wp\/v2\/product_cat?post=164207"},{"taxonomy":"product_tag","embeddable":true,"href":"https:\/\/pizbube.ch\/en\/wp-json\/wp\/v2\/product_tag?post=164207"}],"curies":[{"name":"wp","href":"https:\/\/api.w.org\/{rel}","templated":true}]}}