{"id":164293,"date":"2022-11-04T09:16:46","date_gmt":"2022-11-04T08:16:46","guid":{"rendered":"https:\/\/pizbube.ch\/?post_type=product&#038;p=164293"},"modified":"2023-05-02T12:48:19","modified_gmt":"2023-05-02T10:48:19","slug":"besser-klettern-fingerkraft-trainieren-ausdauer-steigern-technik-optimieren","status":"publish","type":"product","link":"https:\/\/pizbube.ch\/en\/shop\/besser-klettern-fingerkraft-trainieren-ausdauer-steigern-technik-optimieren\/","title":{"rendered":"Besser klettern &#8211; Fingerkraft trainieren, Ausdauer steigern, Technik optimieren (&#171;beastmaking&#187;)"},"content":{"rendered":"<p>Klettern und Bouldern werden jedes Jahr beliebter. Ob in der Halle oder im Freien \u2013 um erfolgreich ganz nach oben zu kommen, ist nicht nur k\u00f6rperliche Fitness n\u00f6tig, auch die richtige Technik und die besten Trainingsstrategien geh\u00f6ren unbedingt dazu.<\/p>\n<p>Boulderprofi Ned Feehally wei\u00df: F\u00fcr viele Sportler ist die Fingerkraft der limitierende Faktor. In diesem umfassenden Ratgeber erkl\u00e4rt er, wie Kletterer ihre zehn wichtigsten Werkzeuge mit einem Fingerboard einfach und effektiv trainieren k\u00f6nnen. Die \u00fcber 30 \u00dcbungen kr\u00e4ftigen neben den Fingern auch Arme und Core, verbessern die Beweglichkeit und steigern die Ausdauer.<\/p>\n<p>Mit Trainingspl\u00e4nen, Grifftechniken und Praxistipps von den Profis Alex Honnold, Shauna Coxsey, Adam Ondra und vielen anderen Stars aus der Kletterszene kann jeder das Maximum aus seinem Training herausholen!<\/p>\n<p>Ned Feehally ist einer der besten Kletterer der Welt und Mitbegr\u00fcnder von Beastmaker, einem Hersteller von Trainingsboards aus Holz. Er ist dreifacher britischer Boulder-Champion und mehrfacher World-Cup-Final-Teilnehmer. Mit seinem Buch gibt er die evidenzbasierten Trainingsmethoden der Profis an alle Kletterbegeisterten weiter.<\/p>\n<p>Deutsche Version von <strong><a href=\"https:\/\/pizbube.ch\/en\/shop\/beastmaking-a-fingers-first-approach-to-becoming-a-better-climber\/\" target=\"_blank\" rel=\"noopener\">beastmaking<\/a><\/strong><\/p>\n<p>Softcover, 224 Seiten<\/p>","protected":false},"excerpt":{"rendered":"<p>Klettern und Bouldern werden jedes Jahr beliebter. Ob in der Halle oder im Freien \u2013 um erfolgreich ganz nach oben zu kommen, ist nicht nur k\u00f6rperliche Fitness n\u00f6tig, auch die richtige Technik und die besten Trainingsstrategien geh\u00f6ren unbedingt dazu. Boulderprofi Ned Feehally wei\u00df: F\u00fcr viele Sportler ist die Fingerkraft der limitierende Faktor. In diesem umfassenden [&#8230;]\n","protected":false},"featured_media":164294,"template":"","meta":[],"product_brand":[],"product_cat":[21538],"product_tag":[27279],"class_list":{"0":"post-164293","1":"product","2":"type-product","3":"status-publish","4":"has-post-thumbnail","6":"product_cat-lehrbuecher","7":"product_tag-beastmaking","8":"pa_autor-feehally","9":"pa_erscheinungsjahr-27013","10":"pa_region-klettertechnik","11":"pa_sprache-de","13":"first","14":"instock","15":"taxable","16":"shipping-taxable","17":"purchasable","18":"product-type-simple"},"_links":{"self":[{"href":"https:\/\/pizbube.ch\/en\/wp-json\/wp\/v2\/product\/164293","targetHints":{"allow":["GET"]}}],"collection":[{"href":"https:\/\/pizbube.ch\/en\/wp-json\/wp\/v2\/product"}],"about":[{"href":"https:\/\/pizbube.ch\/en\/wp-json\/wp\/v2\/types\/product"}],"wp:featuredmedia":[{"embeddable":true,"href":"https:\/\/pizbube.ch\/en\/wp-json\/wp\/v2\/media\/164294"}],"wp:attachment":[{"href":"https:\/\/pizbube.ch\/en\/wp-json\/wp\/v2\/media?parent=164293"}],"wp:term":[{"taxonomy":"product_brand","embeddable":true,"href":"https:\/\/pizbube.ch\/en\/wp-json\/wp\/v2\/product_brand?post=164293"},{"taxonomy":"product_cat","embeddable":true,"href":"https:\/\/pizbube.ch\/en\/wp-json\/wp\/v2\/product_cat?post=164293"},{"taxonomy":"product_tag","embeddable":true,"href":"https:\/\/pizbube.ch\/en\/wp-json\/wp\/v2\/product_tag?post=164293"}],"curies":[{"name":"wp","href":"https:\/\/api.w.org\/{rel}","templated":true}]}}