{"id":164365,"date":"2022-11-09T09:09:42","date_gmt":"2022-11-09T08:09:42","guid":{"rendered":"https:\/\/pizbube.ch\/?post_type=product&#038;p=164365"},"modified":"2023-02-23T12:41:59","modified_gmt":"2023-02-23T11:41:59","slug":"steep-frozen-eis-und-mixedklettern","status":"publish","type":"product","link":"https:\/\/pizbube.ch\/en\/shop\/steep-frozen-eis-und-mixedklettern\/","title":{"rendered":"Steep Frozen &#8211; Eis- und Mixedklettern"},"content":{"rendered":"<p>Das neue Lehrbuch f\u00fcr das Eis- und Mixedklettern von Peter von K\u00e4nel:<br \/>\nDieses praxisbezogene Lehrbuch fasst in kompakter Form eine F\u00fclle von n\u00fctzlichem Wissen rund ums Eisklettern, Mixedklettern und Drytooling zusammen.<\/p>\n<p>Abschnitte zu mentalen Aspekten und Ausr\u00fcstung runden dieses \u00fcbersichtlich strukturierte Werk ab.<br \/>\nDank dem kompakten Format l\u00e4sst sich das Buch auch als n\u00fctzliches Nachschlagewerk f\u00fcr unterwegs verwenden.<\/p>\n<p class=\"norm\">1. Auflage 2022<br \/>\n4-farbig, 104 Seiten<br \/>\nFormat: 12 x 18.5 cm<\/p>","protected":false},"excerpt":{"rendered":"<p>Das neue Lehrbuch f\u00fcr das Eis- und Mixedklettern von Peter von K\u00e4nel: Dieses praxisbezogene Lehrbuch fasst in kompakter Form eine F\u00fclle von n\u00fctzlichem Wissen rund ums Eisklettern, Mixedklettern und Drytooling zusammen. Abschnitte zu mentalen Aspekten und Ausr\u00fcstung runden dieses \u00fcbersichtlich strukturierte Werk ab. Dank dem kompakten Format l\u00e4sst sich das Buch auch als n\u00fctzliches Nachschlagewerk [&#8230;]\n","protected":false},"featured_media":164366,"template":"","meta":[],"product_brand":[],"product_cat":[21538],"product_tag":[],"class_list":{"0":"post-164365","1":"product","2":"type-product","3":"status-publish","4":"has-post-thumbnail","6":"product_cat-lehrbuecher","7":"pa_autor-peter-von-kaenel","8":"pa_erscheinungsjahr-27013","9":"pa_region-alpin-winter","10":"pa_region-schweiz","11":"pa_sprache-de","13":"first","14":"instock","15":"taxable","16":"shipping-taxable","17":"purchasable","18":"product-type-simple"},"_links":{"self":[{"href":"https:\/\/pizbube.ch\/en\/wp-json\/wp\/v2\/product\/164365","targetHints":{"allow":["GET"]}}],"collection":[{"href":"https:\/\/pizbube.ch\/en\/wp-json\/wp\/v2\/product"}],"about":[{"href":"https:\/\/pizbube.ch\/en\/wp-json\/wp\/v2\/types\/product"}],"wp:featuredmedia":[{"embeddable":true,"href":"https:\/\/pizbube.ch\/en\/wp-json\/wp\/v2\/media\/164366"}],"wp:attachment":[{"href":"https:\/\/pizbube.ch\/en\/wp-json\/wp\/v2\/media?parent=164365"}],"wp:term":[{"taxonomy":"product_brand","embeddable":true,"href":"https:\/\/pizbube.ch\/en\/wp-json\/wp\/v2\/product_brand?post=164365"},{"taxonomy":"product_cat","embeddable":true,"href":"https:\/\/pizbube.ch\/en\/wp-json\/wp\/v2\/product_cat?post=164365"},{"taxonomy":"product_tag","embeddable":true,"href":"https:\/\/pizbube.ch\/en\/wp-json\/wp\/v2\/product_tag?post=164365"}],"curies":[{"name":"wp","href":"https:\/\/api.w.org\/{rel}","templated":true}]}}