{"id":164412,"date":"2022-11-10T11:18:47","date_gmt":"2022-11-10T10:18:47","guid":{"rendered":"https:\/\/pizbube.ch\/?post_type=product&#038;p=164412"},"modified":"2022-11-10T11:18:47","modified_gmt":"2022-11-10T10:18:47","slug":"vtopo-vtt-isere","status":"publish","type":"product","link":"https:\/\/pizbube.ch\/en\/shop\/vtopo-vtt-isere\/","title":{"rendered":"VTOPO VTT Is\u00e8re"},"content":{"rendered":"<p>En parcourant ce VTOPO, vous d\u00e9couvrirez 90 circuits VTT pour tous, de la balade familiale au trac\u00e9 plus technique pour d\u00e9couvrir le potentiel du d\u00e9partement de l\u2019Is\u00e8re.<br \/>\nBELLEDONE \/ CHARTREUSE \/ VERCORS \/ GR\u00c9SIVAUDAN \/ PAYS VOIRONNAIS \/ BI\u00c8VRE \/ VALLOIRE \/ DAUPHINE NORD \/ TRI\u00c8VES \/ MATHEYSINE \/ VALBONNAIS BEAUMONT \/ TAILLEFER \/ GRANDES ROUSSES \/ OISANS<\/p>\n<div class=\"std\">\n<p>En parcourant ce VTOPO, vous d\u00e9couvrirez 90 circuits VTT pour tous, de la balade familiale au trac\u00e9 plus technique pour d\u00e9couvrir le potentiel du d\u00e9partement de l\u2019Is\u00e8re.<\/p>\n<p>Avec des donn\u00e9es claires et d\u00e9taill\u00e9es, des cartes pr\u00e9cises, des infos utiles et des photos de qualit\u00e9, le VTOPO devient la r\u00e9f\u00e9rence indispensable pour profiter \u00e0 100% de ces massifs.<\/p>\n<p>Enfin tous les circuits sont \u00e9valu\u00e9s gr\u00e2ce \u00e0 un syst\u00e8me de cotation pertinent allant de V1 \u00e0 V6.<\/p>\n<p>&nbsp;<\/p>\n<\/div>","protected":false},"excerpt":{"rendered":"<p>En parcourant ce VTOPO, vous d\u00e9couvrirez 90 circuits VTT pour tous, de la balade familiale au trac\u00e9 plus technique pour d\u00e9couvrir le potentiel du d\u00e9partement de l\u2019Is\u00e8re. BELLEDONE \/ CHARTREUSE \/ VERCORS \/ GR\u00c9SIVAUDAN \/ PAYS VOIRONNAIS \/ BI\u00c8VRE \/ VALLOIRE \/ DAUPHINE NORD \/ TRI\u00c8VES \/ MATHEYSINE \/ VALBONNAIS BEAUMONT \/ TAILLEFER \/ GRANDES [&#8230;]\n","protected":false},"featured_media":164413,"template":"","meta":[],"product_brand":[],"product_cat":[21606],"product_tag":[],"class_list":{"0":"post-164412","1":"product","2":"type-product","3":"status-publish","4":"has-post-thumbnail","6":"product_cat-mountainbikefuehrer","7":"pa_autor-vtopo","8":"pa_erscheinungsjahr-25440","9":"pa_region-frankreich","10":"pa_sprache-fr","12":"first","13":"onbackorder","14":"taxable","15":"shipping-taxable","16":"purchasable","17":"product-type-simple"},"_links":{"self":[{"href":"https:\/\/pizbube.ch\/en\/wp-json\/wp\/v2\/product\/164412","targetHints":{"allow":["GET"]}}],"collection":[{"href":"https:\/\/pizbube.ch\/en\/wp-json\/wp\/v2\/product"}],"about":[{"href":"https:\/\/pizbube.ch\/en\/wp-json\/wp\/v2\/types\/product"}],"wp:featuredmedia":[{"embeddable":true,"href":"https:\/\/pizbube.ch\/en\/wp-json\/wp\/v2\/media\/164413"}],"wp:attachment":[{"href":"https:\/\/pizbube.ch\/en\/wp-json\/wp\/v2\/media?parent=164412"}],"wp:term":[{"taxonomy":"product_brand","embeddable":true,"href":"https:\/\/pizbube.ch\/en\/wp-json\/wp\/v2\/product_brand?post=164412"},{"taxonomy":"product_cat","embeddable":true,"href":"https:\/\/pizbube.ch\/en\/wp-json\/wp\/v2\/product_cat?post=164412"},{"taxonomy":"product_tag","embeddable":true,"href":"https:\/\/pizbube.ch\/en\/wp-json\/wp\/v2\/product_tag?post=164412"}],"curies":[{"name":"wp","href":"https:\/\/api.w.org\/{rel}","templated":true}]}}