{"id":164419,"date":"2022-11-10T14:43:51","date_gmt":"2022-11-10T13:43:51","guid":{"rendered":"https:\/\/pizbube.ch\/?post_type=product&#038;p=164419"},"modified":"2025-02-05T16:03:36","modified_gmt":"2025-02-05T15:03:36","slug":"madris-ein-buendner-hochtal-am-alpenhauptkamm","status":"publish","type":"product","link":"https:\/\/pizbube.ch\/en\/shop\/madris-ein-buendner-hochtal-am-alpenhauptkamm\/","title":{"rendered":"MADRIS &#8211; Ein B\u00fcndner Hochtal am Alpenhauptkamm"},"content":{"rendered":"<p>Natur- und Kulturlandschaft \/ Besiedlung \/ Siedlungsverzeichnis \/ Flurnamen<\/p>\n<p>Das Madris (r\u00e4toromanisch Val Madris oder auch Val Madrisch) ist ein Seitental des Hochtals Avers im Kanton Graub\u00fcnden.<br \/>\nPolitisch ist es geteilt und geh\u00f6rt im unteren Teil zu Avers, wo es eine Nachbarschaft bildet, und im oberen Teil zu Soglio im Kreis Bergell. Das Tal wird vom Madrischer Rhein durchflossen.<\/p>\n<p>In den Weilern Stettli und H\u00f6jahus lebten 2002 ganzj\u00e4hrig 11 Einwohner. Das obere Tal wurde im 14. Jahrhundert von Chiavenna und Piuro als Siedlungsgebiet erschlossen, w\u00e4hrend das untere Tal urspr\u00fcnglich Weideland von R\u00e4toromanen war, bis es im Hochmittelalter von Walsern besiedelt wurde.<\/p>\n<p>Es ist unvorstellbar, unter welchen harten Bedingungen die Bergbev\u00f6lkerung vor den Modernisierungen der neuesten Zeit lebte und welche wirtschaftlichen und kulturellen Leistungen sie trotzdem erbrachte.<br \/>\nJ\u00fcrg Stoffel erweckt mit den Ergebnissen seiner jahrzehntelangen Forschungst\u00e4tigkeit zur Siedlungs- und Kulturgeschichte das abgelegenen Hochtal Madris wieder zum Leben &#8211; auf beispielhafte Weise. Dazu verwendet er u.a. noch nie publizierte historische Fotografien, instruktives Kartenmaterial und Erlebnisberichte aus l\u00e4ngst vergangenen Zeiten.<\/p>\n<p>Gebunden; 320 Seiten<\/p>","protected":false},"excerpt":{"rendered":"<p>Natur- und Kulturlandschaft \/ Besiedlung \/ Siedlungsverzeichnis \/ Flurnamen Das Madris (r\u00e4toromanisch Val Madris oder auch Val Madrisch) ist ein Seitental des Hochtals Avers im Kanton Graub\u00fcnden. Politisch ist es geteilt und geh\u00f6rt im unteren Teil zu Avers, wo es eine Nachbarschaft bildet, und im oberen Teil zu Soglio im Kreis Bergell. Das Tal wird [&#8230;]\n","protected":false},"featured_media":164420,"template":"","meta":[],"product_brand":[],"product_cat":[21580,21542],"product_tag":[],"class_list":{"0":"post-164419","1":"product","2":"type-product","3":"status-publish","4":"has-post-thumbnail","6":"product_cat-kunst-kultur","7":"product_cat-sachbuecher-dokumentationen","8":"pa_autor-stoffel","9":"pa_erscheinungsjahr-25440","10":"pa_region-schweiz","11":"pa_sprache-de","13":"first","14":"onbackorder","15":"taxable","16":"shipping-taxable","17":"purchasable","18":"product-type-simple"},"_links":{"self":[{"href":"https:\/\/pizbube.ch\/en\/wp-json\/wp\/v2\/product\/164419","targetHints":{"allow":["GET"]}}],"collection":[{"href":"https:\/\/pizbube.ch\/en\/wp-json\/wp\/v2\/product"}],"about":[{"href":"https:\/\/pizbube.ch\/en\/wp-json\/wp\/v2\/types\/product"}],"wp:featuredmedia":[{"embeddable":true,"href":"https:\/\/pizbube.ch\/en\/wp-json\/wp\/v2\/media\/164420"}],"wp:attachment":[{"href":"https:\/\/pizbube.ch\/en\/wp-json\/wp\/v2\/media?parent=164419"}],"wp:term":[{"taxonomy":"product_brand","embeddable":true,"href":"https:\/\/pizbube.ch\/en\/wp-json\/wp\/v2\/product_brand?post=164419"},{"taxonomy":"product_cat","embeddable":true,"href":"https:\/\/pizbube.ch\/en\/wp-json\/wp\/v2\/product_cat?post=164419"},{"taxonomy":"product_tag","embeddable":true,"href":"https:\/\/pizbube.ch\/en\/wp-json\/wp\/v2\/product_tag?post=164419"}],"curies":[{"name":"wp","href":"https:\/\/api.w.org\/{rel}","templated":true}]}}