{"id":164432,"date":"2022-11-11T09:44:10","date_gmt":"2022-11-11T08:44:10","guid":{"rendered":"https:\/\/pizbube.ch\/?post_type=product&#038;p=164432"},"modified":"2022-11-11T09:44:10","modified_gmt":"2022-11-11T08:44:10","slug":"111-alpenberge","status":"publish","type":"product","link":"https:\/\/pizbube.ch\/en\/shop\/111-alpenberge\/","title":{"rendered":"111 Alpenberge"},"content":{"rendered":"<p>Alpenkarte mit 111 Bergen und 20 Wanderwegen<br \/>\n111 Alpenberge und 20 besondere Wanderwege, Masse: 84 x 59,5 cm<\/p>\n<p>Auf unser Karte zeigen wir die wichtigsten Berge der Alpen.<br \/>\nDie Auswahl dieser Berge ist von der Natur her teilweise subjektiv. Kriterien f\u00fcr unsere Auswahl waren eine gro\u00dfe geographische, kulturelle oder geologische Bedeutung. Und wir haben sichergestellt, dass wir mit unser Auswahl den gesamten Alpenraum abdecken.<\/p>\n<p class=\"mainTitle\">Das Grundger\u00fcst unserer Karte besteht aus H\u00f6henlinien im Abstand von 250 Metern. So wirkt die Karte plastisch und gibt die Topographie der Alpen gut wieder. Dazu zeigen wir wesentliche St\u00e4dte, Fl\u00fcsse und Alpenp\u00e4sse, die Grenzen der 8 Alpenl\u00e4nder und Regionen, 111 Alpenberge und 20 besondere Wanderwege.<\/p>\n<p>20 besondere Wanderwege in den Alpen vervollst\u00e4ndigen die Karte:<br \/>\nAlpe-Adria-Trail, Austria Skyline Trail, B\u00e4rentrek, Dolomiten H\u00f6henweg Nr. 9, Fernwanderweg E1, Fernwanderweg E5, Ges\u00e4user\u00a0H\u00fcttenrundwanderweg, Giro del Monviso, GR 54 -Tour des Ecrins et de L&#8217;oisans, Jakobsweg, Ostallg\u00e4uer H\u00f6henweg, Schladminger\u00a0Tauern\u00a0H\u00f6henweg, Tour Des Glaciers, Tour du Mont Blanc, Tour Monte Rosa, Traumpfad: M\u00fcnchen &#8211; Venedig, Via Alpina &#8211; Roter Weg, Via Alpina &#8211; Violetter Weg, Walker&#8217;s Haute Route und Walserweg Graub\u00fcnden.<\/p>\n<p>Zur Auswahl der Wege haben wir uns an Beliebtheit, regionaler Verteilung und der Streckenl\u00e4nge orientiert, um eine gro\u00dfe Bandbreite an Wanderwegen darzustellen.<\/p>\n<p>Das Datenmaterial \u00fcber die 111 Alpenberge haben uns der renommierte Alpenforscher und Berg-Chronist Eberhard Jurgalski und Oliver Klemm freundlicherweise zur Verf\u00fcgung gestellt.<\/p>\n<p class=\"subTitle\">Edition 2, 2017<\/p>\n<p><strong>**Bitte beachten Sie \/ please note:**<\/strong><br \/>\n<strong>Versandkosten Poster\/ Kalender: CHF 12.00 \/ EUR 38.00<\/strong><br \/>\n<strong>Postage for posters \/calendars: CHF 12.00 \/ EUR 38.00<\/strong><br \/>\n<strong>(Unabh\u00e4ngig von der Gesamtbestellsumme)<\/strong><\/p>","protected":false},"excerpt":{"rendered":"<p>Alpenkarte mit 111 Bergen und 20 Wanderwegen 111 Alpenberge und 20 besondere Wanderwege, Masse: 84 x 59,5 cm Auf unser Karte zeigen wir die wichtigsten Berge der Alpen. Die Auswahl dieser Berge ist von der Natur her teilweise subjektiv. Kriterien f\u00fcr unsere Auswahl waren eine gro\u00dfe geographische, kulturelle oder geologische Bedeutung. Und wir haben sichergestellt, [&#8230;]\n","protected":false},"featured_media":164433,"template":"","meta":[],"product_brand":[],"product_cat":[21607],"product_tag":[],"class_list":{"0":"post-164432","1":"product","2":"type-product","3":"status-publish","4":"has-post-thumbnail","6":"product_cat-kalender-posters","7":"pa_autor-spiegel-stefan-bragina-lana","8":"pa_erscheinungsjahr-21574","9":"pa_region-deutschland","10":"pa_sprache-de-en","12":"first","13":"instock","14":"taxable","15":"shipping-taxable","16":"purchasable","17":"product-type-simple"},"_links":{"self":[{"href":"https:\/\/pizbube.ch\/en\/wp-json\/wp\/v2\/product\/164432","targetHints":{"allow":["GET"]}}],"collection":[{"href":"https:\/\/pizbube.ch\/en\/wp-json\/wp\/v2\/product"}],"about":[{"href":"https:\/\/pizbube.ch\/en\/wp-json\/wp\/v2\/types\/product"}],"wp:featuredmedia":[{"embeddable":true,"href":"https:\/\/pizbube.ch\/en\/wp-json\/wp\/v2\/media\/164433"}],"wp:attachment":[{"href":"https:\/\/pizbube.ch\/en\/wp-json\/wp\/v2\/media?parent=164432"}],"wp:term":[{"taxonomy":"product_brand","embeddable":true,"href":"https:\/\/pizbube.ch\/en\/wp-json\/wp\/v2\/product_brand?post=164432"},{"taxonomy":"product_cat","embeddable":true,"href":"https:\/\/pizbube.ch\/en\/wp-json\/wp\/v2\/product_cat?post=164432"},{"taxonomy":"product_tag","embeddable":true,"href":"https:\/\/pizbube.ch\/en\/wp-json\/wp\/v2\/product_tag?post=164432"}],"curies":[{"name":"wp","href":"https:\/\/api.w.org\/{rel}","templated":true}]}}