{"id":164453,"date":"2022-11-12T09:50:15","date_gmt":"2022-11-12T08:50:15","guid":{"rendered":"https:\/\/pizbube.ch\/?post_type=product&#038;p=164453"},"modified":"2022-11-12T09:50:15","modified_gmt":"2022-11-12T08:50:15","slug":"8849-massentourismus-tod-und-ausbeutung-am-mount-everest","status":"publish","type":"product","link":"https:\/\/pizbube.ch\/en\/shop\/8849-massentourismus-tod-und-ausbeutung-am-mount-everest\/","title":{"rendered":"8849 &#8211; Massentourismus, Tod und Ausbeutung am Mount Everest"},"content":{"rendered":"<p>Wer heute den Mount Everest, den h\u00f6chsten Berg der Erde, besteigen m\u00f6chte, braucht daf\u00fcr weder besondere Kenntnisse noch eine erausragende Kondition. Ein voller Geldbeutel und die Bereitschaft, \u00bb\u00fcber Leichen zu gehen\u00ab, gen\u00fcgen. Der f\u00fcr die Einheimischen heilige Berg ist zu einem Ort f\u00fcr einen pervertierten Massentourismus der Luxusklasse geworden. Mit fatalen Folgen f\u00fcr die Bewohner, die Bergsteiger und die Natur.<\/p>\n<p>Kenntnisreich und spannend beschreibt Oliver Schulz in seinem Buch die Entwicklung des Everest vom kolonialen Forschungsobjekt zum begehrten Tourismusziel. Welche Folgen hat diese Entwicklung f\u00fcr die Menschen, die im Himalaja leben? Was bedeutet sie f\u00fcr diejenigen, die aus falsch verstandenem Ehrgeiz auf 8849 Meter H\u00f6he geschleppt werden? Schulz erz\u00e4hlt vom Traum und Albtraum am h\u00f6chsten Berg der Erde, vom Gesch\u00e4ft mit dem H\u00f6henwahn, der beispielhaft f\u00fcr den Irrsinn des gesamten internationalen Alpinismus steht.<\/p>\n<p>Klappenbroschur;<br \/>\n192 Seiten<\/p>","protected":false},"excerpt":{"rendered":"<p><strong><a href=\"https:\/\/pizbube.ch\/wp-content\/uploads\/2022\/11\/Leseprobe_8849_Everest-1.pdf\" target=\"_blank\" rel=\"noopener\">Leseprobe_8849_Everest<\/a><\/strong><\/p>","protected":false},"featured_media":164454,"template":"","meta":[],"product_brand":[],"product_cat":[21542],"product_tag":[27184],"class_list":{"0":"post-164453","1":"product","2":"type-product","3":"status-publish","4":"has-post-thumbnail","6":"product_cat-sachbuecher-dokumentationen","7":"product_tag-8848-everest","8":"pa_autor-schulz","9":"pa_erscheinungsjahr-27013","10":"pa_region-asien","11":"pa_sprache-de","13":"first","14":"instock","15":"taxable","16":"shipping-taxable","17":"purchasable","18":"product-type-simple"},"_links":{"self":[{"href":"https:\/\/pizbube.ch\/en\/wp-json\/wp\/v2\/product\/164453","targetHints":{"allow":["GET"]}}],"collection":[{"href":"https:\/\/pizbube.ch\/en\/wp-json\/wp\/v2\/product"}],"about":[{"href":"https:\/\/pizbube.ch\/en\/wp-json\/wp\/v2\/types\/product"}],"wp:featuredmedia":[{"embeddable":true,"href":"https:\/\/pizbube.ch\/en\/wp-json\/wp\/v2\/media\/164454"}],"wp:attachment":[{"href":"https:\/\/pizbube.ch\/en\/wp-json\/wp\/v2\/media?parent=164453"}],"wp:term":[{"taxonomy":"product_brand","embeddable":true,"href":"https:\/\/pizbube.ch\/en\/wp-json\/wp\/v2\/product_brand?post=164453"},{"taxonomy":"product_cat","embeddable":true,"href":"https:\/\/pizbube.ch\/en\/wp-json\/wp\/v2\/product_cat?post=164453"},{"taxonomy":"product_tag","embeddable":true,"href":"https:\/\/pizbube.ch\/en\/wp-json\/wp\/v2\/product_tag?post=164453"}],"curies":[{"name":"wp","href":"https:\/\/api.w.org\/{rel}","templated":true}]}}