{"id":164461,"date":"2022-11-12T10:25:42","date_gmt":"2022-11-12T09:25:42","guid":{"rendered":"https:\/\/pizbube.ch\/?post_type=product&#038;p=164461"},"modified":"2025-03-15T11:34:27","modified_gmt":"2025-03-15T10:34:27","slug":"lawinen-verstehen-beurteilen-und-risikobasiert-entscheiden","status":"publish","type":"product","link":"https:\/\/pizbube.ch\/en\/shop\/lawinen-verstehen-beurteilen-und-risikobasiert-entscheiden\/","title":{"rendered":"Lawinen &#8211; Verstehen, beurteilen und risikobasiert entscheiden"},"content":{"rendered":"<p>Praxiswissen f\u00fcr Einsteiger und Profis zu Gefahren, Risiken und Strategien<\/p>\n<p>Selbst\u00e4ndig das Lawinenrisiko beurteilen, Gefahrenmuster erkennen, Schneeverh\u00e4ltnisse und Witterung richtig einsch\u00e4tzen. Der anschaulich illustrierte Praxisratgeber bietet als erweiterte und vollkommen \u00fcberarbeitete Neuauflage \u00fcberlebenswichtiges Basiswissen f\u00fcr alle Skitourengeher, Snowboarder und Schneeschuhwanderer. Leicht verst\u00e4ndlich erl\u00e4utert er Entscheidungsstrategien, erkl\u00e4rt das richtige Verhalten im Notfall und moderne Methoden der Versch\u00fcttetensuche. Fundiert, praxisbezogen, unverzichtbar.<\/p>\n<p>Lawinenrisiko und Schneeverh\u00e4ltnisse beurteilen, Gefahrenmuster erkennen: Der anschaulich illustrierte Ratgeber vermittelt<br \/>\nSkitourengehern, Snowboardern und Schneeschuhwanderern \u00fcberlebenswichtiges Basiswissen.<\/p>\n<p>Leicht verst\u00e4ndlich und konsequent praxisbezogen erl\u00e4utert er Entscheidungsstrategien, erkl\u00e4rt das<br \/>\nrichtige Verhalten im Notfall und moderne Methoden der Versch\u00fcttetensuche.<br \/>\nFundiertes Profiwissen f\u00fcr Einsteiger und Fortgeschrittene.<\/p>\n<p>Der von SLF-Mitarbeitern verfasste Ratgeber f\u00fcr Einsteiger und Profis vermittelt Skitourengehern, Freeridern und Schneeschuhwanderern nebst \u00fcberlebenswichtigem Basiswissen viele neue Erkenntnisse aus der Forschung und Praxis. Leicht verst\u00e4ndlich, anschaulich illustriert und sehr praxisbezogen erl\u00e4utert er, wie Lawinen entstehen und wie sich die Lawinengefahr im Gel\u00e4nde besser beurteilen l\u00e4sst.<\/p>\n<p>Stephan Harvey: Geograf, Bergf\u00fchrer, Mitglied des Kern-Ausbildungsteams Lawinenpr\u00e4vention KAT, Sachverst\u00e4ndiger<br \/>\nHansueli Rhyner: Gutachter, Mitglied des Kern-Ausbildungsteams Lawinenpr\u00e4vention KAT, Bergf\u00fchrer und Skilehrer<br \/>\nJ\u00fcrg Schweizer, Dr. sc. nat. ETH: Umweltphysiker, Glaziologe, Ausbilder und Sachverst\u00e4ndiger. Seit 2011 Leiter des SLFAlle drei sind t\u00e4tig am WSL-Institut f\u00fcr Schnee- und Lawinenforschung SLF.<\/p>\n<ul>\n<li class=\"base-info--entry\">320 Seiten<\/li>\n<li class=\"base-info--entry\">ca. 180 Abbildungen<\/li>\n<li class=\"base-info--entry\">Format 16,5 x 23,5 cm<\/li>\n<li class=\"base-info--entry\">Klappenbroschur mit Fadenheftung<\/li>\n<\/ul>\n<p>2. Auflage 2024<\/p>","protected":false},"excerpt":{"rendered":"<p><strong><a href=\"https:\/\/pizbube.ch\/wp-content\/uploads\/2022\/11\/Leseprobe_Lawinen.pdf\" target=\"_blank\" rel=\"noopener\">Leseprobe_Lawinen<\/a><\/strong><\/p>","protected":false},"featured_media":164460,"template":"","meta":[],"product_brand":[],"product_cat":[21538],"product_tag":[27186],"class_list":{"0":"post-164461","1":"product","2":"type-product","3":"status-publish","4":"has-post-thumbnail","6":"product_cat-lehrbuecher","7":"product_tag-lawinenkunde","8":"pa_autor-harvey-schweizer-rhyner","9":"pa_erscheinungsjahr-27339","10":"pa_region-alpin-winter","11":"pa_sprache-de","13":"first","14":"instock","15":"taxable","16":"shipping-taxable","17":"purchasable","18":"product-type-simple"},"_links":{"self":[{"href":"https:\/\/pizbube.ch\/en\/wp-json\/wp\/v2\/product\/164461","targetHints":{"allow":["GET"]}}],"collection":[{"href":"https:\/\/pizbube.ch\/en\/wp-json\/wp\/v2\/product"}],"about":[{"href":"https:\/\/pizbube.ch\/en\/wp-json\/wp\/v2\/types\/product"}],"wp:featuredmedia":[{"embeddable":true,"href":"https:\/\/pizbube.ch\/en\/wp-json\/wp\/v2\/media\/164460"}],"wp:attachment":[{"href":"https:\/\/pizbube.ch\/en\/wp-json\/wp\/v2\/media?parent=164461"}],"wp:term":[{"taxonomy":"product_brand","embeddable":true,"href":"https:\/\/pizbube.ch\/en\/wp-json\/wp\/v2\/product_brand?post=164461"},{"taxonomy":"product_cat","embeddable":true,"href":"https:\/\/pizbube.ch\/en\/wp-json\/wp\/v2\/product_cat?post=164461"},{"taxonomy":"product_tag","embeddable":true,"href":"https:\/\/pizbube.ch\/en\/wp-json\/wp\/v2\/product_tag?post=164461"}],"curies":[{"name":"wp","href":"https:\/\/api.w.org\/{rel}","templated":true}]}}