{"id":164486,"date":"2022-11-15T11:31:52","date_gmt":"2022-11-15T10:31:52","guid":{"rendered":"https:\/\/pizbube.ch\/?post_type=product&#038;p=164486"},"modified":"2026-02-11T17:12:54","modified_gmt":"2026-02-11T16:12:54","slug":"sportclimbing-in-iceland-2022-islandi-sportklifurleidarvisir-2022","status":"publish","type":"product","link":"https:\/\/pizbube.ch\/en\/shop\/sportclimbing-in-iceland-2022-islandi-sportklifurleidarvisir-2022\/","title":{"rendered":"Sportclimbing in Iceland 2022 &#8211; Islandi Sportklifurlei\u00f0arv\u00edsir 2022"},"content":{"rendered":"<div class=\"woocommerce-product-details__short-description\">\n<p>Sportclimbing guide for Iceland.<\/p>\n<p>Iceland is a gorgeous country with great wilderness and excellent climbing, whether it\u2019s sport, trad, ice, mountaineering or bouldering that you\u2019re after.<br \/>\nNearly all of the rock climbing crags consist of columnar basalt outcrops or cliff bands.<\/p>\n<div class=\"max-height max-height-md-0 max-height-xs-400\">\n<div class=\"lef-nav-row\">The following crags are described:<br \/>\nAkraffjall, Buahamrar, Haibjalli, Munkapvera, Nor\u00f0urfj\u00f6r\u00f0ur, P\u00f6stin,\u00a0 Skinnh\u00fafukletta, Smyrlabudir,\u00a0 Valshamar, Veigasta<\/div>\n<\/div>\n<p>41 pages; in English &amp; Iceland language<\/p>\n<p>Sportklifurlei\u00f0av\u00edsir \u00cdslands. Me\u00f0 \u00f6llum helstu sportklifurlei\u00f0um landsins.<\/p>\n<\/div>","protected":false},"excerpt":{"rendered":"<p>Sportclimbing guide for Iceland. Iceland is a gorgeous country with great wilderness and excellent climbing, whether it\u2019s sport, trad, ice, mountaineering or bouldering that you\u2019re after. Nearly all of the rock climbing crags consist of columnar basalt outcrops or cliff bands. The following crags are described: Akraffjall, Buahamrar, Haibjalli, Munkapvera, Nor\u00f0urfj\u00f6r\u00f0ur, P\u00f6stin,\u00a0 Skinnh\u00fafukletta, Smyrlabudir,\u00a0 Valshamar, [&#8230;]\n","protected":false},"featured_media":164487,"template":"","meta":[],"product_brand":[],"product_cat":[21539],"product_tag":[27189],"class_list":{"0":"post-164486","1":"product","2":"type-product","3":"status-publish","4":"has-post-thumbnail","6":"product_cat-fuehrerliteratur-sportklettern-bouldern","7":"product_tag-kletterfuehrer-island","8":"pa_autor-bjoernsson-stefansdottir","9":"pa_erscheinungsjahr-27013","10":"pa_region-arktis-antarktis-groenland-island","11":"pa_sprache-eng-isl","13":"first","14":"onbackorder","15":"taxable","16":"shipping-taxable","17":"purchasable","18":"product-type-simple"},"_links":{"self":[{"href":"https:\/\/pizbube.ch\/en\/wp-json\/wp\/v2\/product\/164486","targetHints":{"allow":["GET"]}}],"collection":[{"href":"https:\/\/pizbube.ch\/en\/wp-json\/wp\/v2\/product"}],"about":[{"href":"https:\/\/pizbube.ch\/en\/wp-json\/wp\/v2\/types\/product"}],"wp:featuredmedia":[{"embeddable":true,"href":"https:\/\/pizbube.ch\/en\/wp-json\/wp\/v2\/media\/164487"}],"wp:attachment":[{"href":"https:\/\/pizbube.ch\/en\/wp-json\/wp\/v2\/media?parent=164486"}],"wp:term":[{"taxonomy":"product_brand","embeddable":true,"href":"https:\/\/pizbube.ch\/en\/wp-json\/wp\/v2\/product_brand?post=164486"},{"taxonomy":"product_cat","embeddable":true,"href":"https:\/\/pizbube.ch\/en\/wp-json\/wp\/v2\/product_cat?post=164486"},{"taxonomy":"product_tag","embeddable":true,"href":"https:\/\/pizbube.ch\/en\/wp-json\/wp\/v2\/product_tag?post=164486"}],"curies":[{"name":"wp","href":"https:\/\/api.w.org\/{rel}","templated":true}]}}