{"id":164499,"date":"2022-11-16T09:41:43","date_gmt":"2022-11-16T08:41:43","guid":{"rendered":"https:\/\/pizbube.ch\/?post_type=product&#038;p=164499"},"modified":"2023-11-02T17:13:46","modified_gmt":"2023-11-02T16:13:46","slug":"wanderungen-durch-die-raethischen-alpen","status":"publish","type":"product","link":"https:\/\/pizbube.ch\/en\/shop\/wanderungen-durch-die-raethischen-alpen\/","title":{"rendered":"Wanderungen durch die R\u00e4thischen Alpen"},"content":{"rendered":"<p><span class=\"value\">Ein Beytrag der Charakteristik dieses Theils des Schweizerischen Hochlandes und seiner Bewohner.<\/span><\/p>\n<p><span class=\"value\">Von Tscharner ist oft auf der damals neuen Kommerzial- oder Kunststrasse von Chur \u00fcber den San-Bernardino-Pass ins Piemont gereist; er hat entscheidend zum Zustandekommen dieser Strasse beigetragen, die 1823 fertiggestellt wurde. In den Texten dieses Bandes erz\u00e4hlt er davon nur am Rande. Er erz\u00e4hlt von seinen Fuss- und Kutschenreisen in seinem Land Graub\u00fcnden, vorwiegend in der Gegend am Hinterrhein, \u00fcber die P\u00e4sse, zum Rheinursprung, im Burgenland Domleschg, Schams und Rheinwald. Dabei berichtet er von interessanten Begegnungen, streitbaren Debatten \u00fcber den politischen und moralischen Zustand B\u00fcndens. <\/span><\/p>\n<p><span class=\"value\">Es sind Texte, die in ihrer Farbigkeit und Lebendigkeit, auch ihrer Genauigkeit erstaunen; so entsteht ein plastisches Bild Graub\u00fcndens im ersten Drittel des 19. Jahrhunderts, in dem wir immer wieder verbl\u00fcffende Parallelen zur Gegenwart erkennen k\u00f6nnen.<\/span><\/p>\n<div class=\"biblioPages\"><span class=\"value\">216 Seiten; <\/span><span class=\"key\">Gebunden<\/span><\/div>\n<div class=\"biblioDimensions\"><span class=\"key\">Masse: <\/span><span class=\"value\">Breite 175 mm, H\u00f6he 245 mm, Dicke 25 mm<\/span><\/div>\n<div class=\"biblioIllustations\"><span class=\"value\">Mit 20 kolorierten Aquatinten von Johann Jakob Meyer.<\/span><\/div>","protected":false},"excerpt":{"rendered":"<p>Ein Beytrag der Charakteristik dieses Theils des Schweizerischen Hochlandes und seiner Bewohner. Von Tscharner ist oft auf der damals neuen Kommerzial- oder Kunststrasse von Chur \u00fcber den San-Bernardino-Pass ins Piemont gereist; er hat entscheidend zum Zustandekommen dieser Strasse beigetragen, die 1823 fertiggestellt wurde. In den Texten dieses Bandes erz\u00e4hlt er davon nur am Rande. Er [&#8230;]\n","protected":false},"featured_media":164500,"template":"","meta":[],"product_brand":[],"product_cat":[21629,21580,21542],"product_tag":[],"class_list":{"0":"post-164499","1":"product","2":"type-product","3":"status-publish","4":"has-post-thumbnail","6":"product_cat-belletristik","7":"product_cat-kunst-kultur","8":"product_cat-sachbuecher-dokumentationen","9":"pa_autor-simmen-meyer","10":"pa_erscheinungsjahr-27013","11":"pa_region-schweiz","12":"pa_sprache-de","14":"first","15":"instock","16":"taxable","17":"shipping-taxable","18":"purchasable","19":"product-type-simple"},"_links":{"self":[{"href":"https:\/\/pizbube.ch\/en\/wp-json\/wp\/v2\/product\/164499","targetHints":{"allow":["GET"]}}],"collection":[{"href":"https:\/\/pizbube.ch\/en\/wp-json\/wp\/v2\/product"}],"about":[{"href":"https:\/\/pizbube.ch\/en\/wp-json\/wp\/v2\/types\/product"}],"wp:featuredmedia":[{"embeddable":true,"href":"https:\/\/pizbube.ch\/en\/wp-json\/wp\/v2\/media\/164500"}],"wp:attachment":[{"href":"https:\/\/pizbube.ch\/en\/wp-json\/wp\/v2\/media?parent=164499"}],"wp:term":[{"taxonomy":"product_brand","embeddable":true,"href":"https:\/\/pizbube.ch\/en\/wp-json\/wp\/v2\/product_brand?post=164499"},{"taxonomy":"product_cat","embeddable":true,"href":"https:\/\/pizbube.ch\/en\/wp-json\/wp\/v2\/product_cat?post=164499"},{"taxonomy":"product_tag","embeddable":true,"href":"https:\/\/pizbube.ch\/en\/wp-json\/wp\/v2\/product_tag?post=164499"}],"curies":[{"name":"wp","href":"https:\/\/api.w.org\/{rel}","templated":true}]}}